{"id":9056,"date":"2019-01-07T12:22:05","date_gmt":"2019-01-07T11:22:05","guid":{"rendered":"https:\/\/www.ime-gmbh.com\/?page_id=9056"},"modified":"2023-08-22T16:02:46","modified_gmt":"2023-08-22T14:02:46","slug":"man","status":"publish","type":"page","link":"https:\/\/www.ime-gmbh.com\/fr\/pieces-de-rechange\/fabricants\/man\/","title":{"rendered":"MAN"},"content":{"rendered":"<div class=\"fusion-fullwidth fullwidth-box fusion-builder-row-1 fusion-flex-container has-pattern-background has-mask-background nonhundred-percent-fullwidth non-hundred-percent-height-scrolling\" style=\"--awb-border-radius-top-left:0px;--awb-border-radius-top-right:0px;--awb-border-radius-bottom-right:0px;--awb-border-radius-bottom-left:0px;--awb-flex-wrap:wrap;\" ><div class=\"fusion-builder-row fusion-row fusion-flex-align-items-center fusion-flex-justify-content-center fusion-flex-content-wrap\" style=\"max-width:104%;margin-left: calc(-4% \/ 2 );margin-right: calc(-4% \/ 2 );\"><div class=\"fusion-layout-column fusion_builder_column fusion-builder-column-0 fusion_builder_column_5_6 5_6 fusion-flex-column\" style=\"--awb-bg-size:cover;--awb-width-large:83.333333333333%;--awb-margin-top-large:0px;--awb-spacing-right-large:2.304%;--awb-margin-bottom-large:20px;--awb-spacing-left-large:2.304%;--awb-width-medium:100%;--awb-spacing-right-medium:1.92%;--awb-spacing-left-medium:1.92%;--awb-width-small:100%;--awb-spacing-right-small:1.92%;--awb-spacing-left-small:1.92%;\"><div class=\"fusion-column-wrapper fusion-flex-justify-content-flex-start fusion-content-layout-column\"><div class=\"fusion-text fusion-text-1\"><h1>Pi\u00e8ces de rechange MAN<\/h1>\n<\/div><div class=\"fusion-text fusion-text-2\"><h2>Demande de renseignements<\/h2>\n\n<div class=\"wpcf7 no-js\" id=\"wpcf7-f693-o1\" lang=\"de-DE\" dir=\"ltr\" data-wpcf7-id=\"693\">\n<div class=\"screen-reader-response\"><p role=\"status\" aria-live=\"polite\" aria-atomic=\"true\"><\/p> <ul><\/ul><\/div>\n<form action=\"\/fr\/wp-json\/wp\/v2\/pages\/9056#wpcf7-f693-o1\" method=\"post\" class=\"wpcf7-form init\" aria-label=\"Kontaktformular\" novalidate=\"novalidate\" data-status=\"init\">\n<fieldset class=\"hidden-fields-container\"><input type=\"hidden\" name=\"_wpcf7\" value=\"693\" \/><input type=\"hidden\" name=\"_wpcf7_version\" value=\"6.1.5\" \/><input type=\"hidden\" name=\"_wpcf7_locale\" value=\"de_DE\" \/><input type=\"hidden\" name=\"_wpcf7_unit_tag\" value=\"wpcf7-f693-o1\" \/><input type=\"hidden\" name=\"_wpcf7_container_post\" value=\"0\" \/><input type=\"hidden\" name=\"_wpcf7_posted_data_hash\" value=\"\" \/>\n<\/fieldset>\n<div style=\"float: left; width: 48%;\">\n\t<p>Pr\u00e9nom\n\t<\/p>\n\t<p><span class=\"wpcf7-form-control-wrap\" data-name=\"Vorname\"><input size=\"40\" maxlength=\"400\" class=\"wpcf7-form-control wpcf7-text\" aria-invalid=\"false\" value=\"\" type=\"text\" name=\"Vorname\" \/><\/span>\n\t<\/p>\n<\/div>\n<div style=\"margin-left: 52%; width: 48%;\">\n\t<p>Nom\n\t<\/p>\n\t<p><span class=\"wpcf7-form-control-wrap\" data-name=\"Nachname\"><input size=\"40\" maxlength=\"400\" class=\"wpcf7-form-control wpcf7-text wpcf7-validates-as-required\" aria-required=\"true\" aria-invalid=\"false\" value=\"\" type=\"text\" name=\"Nachname\" \/><\/span>\n\t<\/p>\n<\/div>\n<div style=\"float: left; width: 100%; margin-bottom: 20px;\">\n\t<p>Nom de l'entreprise\n\t<\/p>\n\t<p><span class=\"wpcf7-form-control-wrap\" data-name=\"Firmenname\"><input size=\"40\" maxlength=\"400\" class=\"wpcf7-form-control wpcf7-text wpcf7-validates-as-required\" aria-required=\"true\" aria-invalid=\"false\" value=\"\" type=\"text\" name=\"Firmenname\" \/><\/span>\n\t<\/p>\n<\/div>\n<div style=\"float: left; width: 100%; margin-bottom: 20px;\">\n\t<p>Rue\n\t<\/p>\n\t<p><span class=\"wpcf7-form-control-wrap\" data-name=\"Strasse\"><input size=\"40\" maxlength=\"400\" class=\"wpcf7-form-control wpcf7-text\" aria-invalid=\"false\" value=\"\" type=\"text\" name=\"Strasse\" \/><\/span>\n\t<\/p>\n<\/div>\n<div style=\"float: left; width: 48%;\">\n\t<p>Code postal\n\t<\/p>\n\t<p><span class=\"wpcf7-form-control-wrap\" data-name=\"PLZ\"><input size=\"40\" maxlength=\"400\" class=\"wpcf7-form-control wpcf7-text\" aria-invalid=\"false\" value=\"\" type=\"text\" name=\"PLZ\" \/><\/span>\n\t<\/p>\n<\/div>\n<div style=\"margin-left: 52%; width: 48%;\">\n\t<p>Ville\n\t<\/p>\n\t<p><span class=\"wpcf7-form-control-wrap\" data-name=\"Ort\"><input size=\"40\" maxlength=\"400\" class=\"wpcf7-form-control wpcf7-text wpcf7-validates-as-required\" aria-required=\"true\" aria-invalid=\"false\" value=\"\" type=\"text\" name=\"Ort\" \/><\/span>\n\t<\/p>\n<\/div>\n<div style=\"float: left; width: 100%; margin-bottom: 20px;\">\n\t<p>Pays\n\t<\/p>\n\t<p><span class=\"wpcf7-form-control-wrap\" data-name=\"Land\"><input size=\"40\" maxlength=\"400\" class=\"wpcf7-form-control wpcf7-text wpcf7-validates-as-required\" aria-required=\"true\" aria-invalid=\"false\" value=\"\" type=\"text\" name=\"Land\" \/><\/span>\n\t<\/p>\n<\/div>\n<div style=\"float: left; width: 48%;\">\n\t<p>Adresse e-mail*\n\t<\/p>\n\t<p><span class=\"wpcf7-form-control-wrap\" data-name=\"E-Mail\"><input size=\"40\" maxlength=\"400\" class=\"wpcf7-form-control wpcf7-email wpcf7-validates-as-required wpcf7-text wpcf7-validates-as-email\" aria-required=\"true\" aria-invalid=\"false\" value=\"\" type=\"email\" name=\"E-Mail\" \/><\/span>\n\t<\/p>\n<\/div>\n<div style=\"margin-left: 52%; width: 48%;\">\n\t<p>No. de t\u00e9l\u00e9phone\n\t<\/p>\n\t<p><span class=\"wpcf7-form-control-wrap\" data-name=\"phonetext-907\"><input size=\"40\" class=\"wpcf7-form-control wpcf7-phonetext wpcf7-text wpcf7-validates-as-phonetext\" aria-invalid=\"false\" value=\"\" type=\"text\" name=\"phonetext-907\" \/><input type=\"hidden\" name=\"phonetext-907-country-code\" class=\"wpcf7-phonetext-country-code\" \/><\/span>\n\t<\/p>\n<\/div>\n<div style=\"float: left; width: 100%; margin-bottom: 20px;\">\n\t<p>Fabricant\n\t<\/p>\n\t<p><span class=\"wpcf7-form-control-wrap\" data-name=\"Hersteller\"><input size=\"40\" maxlength=\"400\" class=\"wpcf7-form-control wpcf7-text wpcf7-validates-as-required\" aria-required=\"true\" aria-invalid=\"false\" value=\"\" type=\"text\" name=\"Hersteller\" \/><\/span>\n\t<\/p>\n<\/div>\n<div style=\"float: left; width: 100%; margin-bottom: 20px;\">\n\t<p>Type de la machine\n\t<\/p>\n\t<p><span class=\"wpcf7-form-control-wrap\" data-name=\"Typenbezeichnung\"><input size=\"40\" maxlength=\"400\" class=\"wpcf7-form-control wpcf7-text\" aria-invalid=\"false\" value=\"\" type=\"text\" name=\"Typenbezeichnung\" \/><\/span>\n\t<\/p>\n<\/div>\n<div style=\"float: left; width: 100%; margin-bottom: 20px;\">\n\t<p>No. de s\u00e9rie de la machine\n\t<\/p>\n\t<p><span class=\"wpcf7-form-control-wrap\" data-name=\"Seriennummer\"><input size=\"40\" maxlength=\"400\" class=\"wpcf7-form-control wpcf7-text\" aria-invalid=\"false\" value=\"\" type=\"text\" name=\"Seriennummer\" \/><\/span>\n\t<\/p>\n<\/div>\n<div style=\"float: left; width: 48%;\">\n\t<p>No. de la pi\u00e8ce d\u00e9tach\u00e9e\n\t<\/p>\n\t<p><span class=\"wpcf7-form-control-wrap\" data-name=\"Ersatzteilnummer\"><input size=\"40\" maxlength=\"400\" class=\"wpcf7-form-control wpcf7-text\" aria-invalid=\"false\" value=\"\" type=\"text\" name=\"Ersatzteilnummer\" \/><\/span>\n\t<\/p>\n<\/div>\n<div style=\"margin-left: 52%; width: 48%;\">\n\t<p>Quantit\u00e9<br \/>\n<span class=\"wpcf7-form-control-wrap\" data-name=\"Menge\"><input size=\"40\" maxlength=\"400\" class=\"wpcf7-form-control wpcf7-text\" aria-invalid=\"false\" value=\"\" type=\"text\" name=\"Menge\" \/><\/span>\n\t<\/p>\n<\/div>\n<div style=\"float: left; width: 100%; margin-bottom: 20px;\">\n\t<p>Message\n\t<\/p>\n\t<p><span class=\"wpcf7-form-control-wrap\" data-name=\"your-message\"><textarea cols=\"40\" rows=\"10\" maxlength=\"2000\" class=\"wpcf7-form-control wpcf7-textarea\" aria-invalid=\"false\" name=\"your-message\"><\/textarea><\/span>\n\t<\/p>\n<\/div>\n<p><span class=\"wpcf7-form-control-wrap kc_captcha\" data-name=\"kc_captcha\"><span class=\"wpcf7-form-control wpcf7-radio\"><span class=\"captcha-image\" ><span class=\"cf7ic_instructions\">Bitte beweise, dass du kein Spambot bist und w\u00e4hle das Symbol<span> Baum<\/span>.<\/span><label><input aria-label=\"1\" type=\"radio\" name=\"kc_captcha\" value=\"bot\" \/><svg aria-hidden=\"true\" role=\"img\" xmlns=\"http:\/\/www.w3.org\/2000\/svg\" viewBox=\"0 0 576 512\"><path fill=\"currentColor\" d=\"M488 313v143c0 13-11 24-24 24H348c-7 0-12-5-12-12V356c0-7-5-12-12-12h-72c-7 0-12 5-12 12v112c0 7-5 12-12 12H112c-13 0-24-11-24-24V313c0-4 2-7 4-10l188-154c5-4 11-4 16 0l188 154c2 3 4 6 4 10zm84-61l-84-69V44c0-6-5-12-12-12h-56c-7 0-12 6-12 12v73l-89-74a48 48 0 00-61 0L4 252c-5 4-5 12-1 17l25 31c5 5 12 5 17 1l235-193c5-4 11-4 16 0l235 193c5 5 13 4 17-1l25-31c4-6 4-13-1-17z\"\/><\/svg><\/label><label><input aria-label=\"2\" type=\"radio\" name=\"kc_captcha\" value=\"bot\" \/><svg aria-hidden=\"true\" role=\"img\" xmlns=\"http:\/\/www.w3.org\/2000\/svg\" viewBox=\"0 0 576 512\"><path fill=\"currentColor\" d=\"M259 18l-65 132-146 22c-26 3-37 36-18 54l106 103-25 146c-5 26 23 46 46 33l131-68 131 68c23 13 51-7 46-33l-25-146 106-103c19-18 8-51-18-54l-146-22-65-132a32 32 0 00-58 0z\"\/><\/svg><\/label><label><input aria-label=\"3\" type=\"radio\" name=\"kc_captcha\" value=\"kc_human\" \/><svg aria-hidden=\"true\" role=\"img\" xmlns=\"http:\/\/www.w3.org\/2000\/svg\" viewBox=\"0 0 384 512\"><path fill=\"currentColor\" d=\"M377 375l-83-87h34c21 0 32-25 17-40l-82-88h33c21 0 32-25 18-40L210 8c-10-11-26-11-36 0L70 120c-14 15-3 40 18 40h33l-82 88c-15 15-4 40 17 40h34L7 375c-15 16-4 41 17 41h120c0 33-11 49-34 68-12 9-5 28 10 28h144c15 0 22-19 10-28-20-16-34-32-34-68h120c21 0 32-25 17-41z\"\/><\/svg><\/label>\r\n    <\/span>\r\n    <span style=\"display:none\">\r\n        <input type=\"text\" name=\"kc_honeypot\">\r\n    <\/span><\/span><\/span>\n<\/p>\n<p><input class=\"wpcf7-form-control wpcf7-submit has-spinner\" type=\"submit\" value=\"Envoyer\" \/>\n<\/p>\n<p>Remarque: Les champs marqu\u00e9s par une * doivent \u00eatre remplis afin que nous puissions traiter votre demande.\n<\/p><div class=\"fusion-alert alert custom alert-custom fusion-alert-center wpcf7-response-output fusion-alert-capitalize awb-alert-native-link-color alert-dismissable awb-alert-close-boxed\" style=\"--awb-border-top-left-radius:0px;--awb-border-top-right-radius:0px;--awb-border-bottom-left-radius:0px;--awb-border-bottom-right-radius:0px;\" role=\"alert\"><div class=\"fusion-alert-content-wrapper\"><span class=\"fusion-alert-content\"><\/span><\/div><button type=\"button\" class=\"close toggle-alert\" data-dismiss=\"alert\" aria-label=\"Close\">&times;<\/button><\/div>\n<\/form>\n<\/div>\n\n<\/div><div class=\"fusion-text fusion-text-3\"><h2>Nous livrons dans le monde entier des pi\u00e8ces de rechange pour :<\/h2>\n<ul>\n<li>\n<h3><a href=\"https:\/\/www.ime-gmbh.com\/fr\/pieces-de-rechange\/pieces-de-rechange-pour-essieux-engins-transmissions-moteurs-et-pieces-de-camions\/\">Pi\u00e8ces de camions et composants de moteurs<\/a><\/h3>\n<ul>\n<li>Transmissions MAN<\/li>\n<\/ul>\n<\/li>\n<\/ul>\n<\/div><div class=\"fusion-text fusion-text-4\"><h2>Historique de l\u2019entreprise<\/h2>\n<p><strong>MAN SE <\/strong>(Le sigle signifie: <strong><em>\u00a0M<\/em><\/strong><em>aschinenfabrik\u00a0<strong>A<\/strong>ugsburg-<strong>N<\/strong>uremberg, <strong>S<\/strong>ocietas <strong>E<\/strong>uropaea<\/em><\/p>\n<p>L\u2018entreprise MAN est un groupe international de v\u00e9hicules et d\u2018engins de chantiers cot\u00e9 en bourse. Il est sous le contr\u00f4le de Volkswagen depuis 2013. Le si\u00e8ge principal se situe \u00e0 Munich. En ce qui concerne les sites de production, ils sont implant\u00e9s dans trois pays europ\u00e9ens mais \u00e9galement en Russie, en Afrique du Sud, en Inde et en Turquie.<\/p>\n<h3>Organisation du groupe<\/h3>\n<p>Actuellement, le groupe se divise en<strong> deux domaines d\u2018activit\u00e9 :<\/strong><\/p>\n<ul>\n<li><strong>COMMERCIAL VEHICLES <\/strong>constitu\u00e9 de<strong> MAN Truck &amp; Bus<\/strong> et de <strong>MAN Latin America<\/strong> avec des participations dans MAN Force Trucks en Inde et Sinotruk en Chine. Ce domaine d\u2018activit\u00e9s fabrique des poids-lourds et des bus de toutes tailles mais \u00e9galement des moteurs diesel ou au gaz ainsi que des composants.<\/li>\n<li><strong>POWER ENGINEERING<\/strong> avec le sous-groupe <strong>MAN Energy Solutions<\/strong> et Renk AG (Fabricant de transmissions). Power Engineering\u00a0 poss\u00e8de une participation majoritaire dans cette derni\u00e8re soci\u00e9t\u00e9. Power Engineering fabrique entre autre des moteurs diesel, des turbocompresseurs, des turbines pour l\u2018industrie, des moteurs diesel deux-temps et quatre-temps ainsi que des moteurs quatre-temps hybrides diesel\/gaz ou essence\/gaz. Ils sont destin\u00e9s aux propulsions de bateaux, aux centrales diesel et aux turbocompresseurs (<strong>MAN Diesel SE, Augsburg<\/strong>).<\/li>\n<\/ul>\n<h3>Fondation de l\u2018entreprise<\/h3>\n<p>Les racines du groupe plongent dans deux entreprises distinctes. Il y a eu tout d\u2018abord l\u2018usine sid\u00e9rurgique de Saint Antony \u00e0 Oberhausen, fond\u00e9e en 1758. Et sans lien aucun avec cette derni\u00e8re, la fabrique de machines d\u2018Augsburg a \u00e9t\u00e9 fond\u00e9e en 1840.\u00a0 Dans le sud de l\u2018Allemagne, elle \u00e9tait consid\u00e9r\u00e9e comme pr\u00e9curseur. En 1841, la fusion avec l\u2018entreprise Maschinenbau-Aktiengesellschaft Nuremberg\u00a0a donn\u00e9 naissance \u00e0 la Soci\u00e9t\u00e9 Anonyme Maschinenfabrik Augsburg-Nuremberg AG. Cette union a engendr\u00e9 en 1908, le conglom\u00e9rat M.A.N.<\/p>\n<h3>\u00c9volution technique jusqu\u2018\u00e0 la fin de la seconde guerre mondiale<\/h3>\n<p>En 1915, dans l\u2018usine de fabrication de camions situ\u00e9e \u00e0 Lindau, on produisait des v\u00e9hicules utilitaire (engins lourd et l\u00e9gers \u00e0 chenilles). En 1916, la production a \u00e9t\u00e9 d\u00e9localis\u00e9e \u00e0 Nuremberg.<\/p>\n<p>9 ans plus tard, en 1924, MAN a \u00e9t\u00e9 la premi\u00e8re entreprise au monde \u00e0 lancer sur le march\u00e9 un moteur diesel \u00e0 injection directe. En outre, MAN a commenc\u00e9 \u00e0 produire des bus dont le processus de fabrication \u00e9tait compl\u00e8tement nouveau.<\/p>\n<p>Dans les ann\u00e9es trente, le d\u00e9veloppement s\u2018est poursuivi avec la fabrication de trolleybus triaxiaux. \u00c0 cette m\u00eame \u00e9poque, M.A.N. a produit le poids-lourd diesel le plus puissant. Le d\u00e9veloppement de turbocompresseurs pour les moteurs diesel et de la traction int\u00e9grale pour les v\u00e9hicules utilitaires s\u2018est poursuivi sans interruption. \u00c0 cette \u00e9poque, la production \u00e0 la cha\u00eene a \u00e9t\u00e9 mise en place.<\/p>\n<p>Pendant la seconde guerre mondiale, malgr\u00e9 des attaques a\u00e9riennes r\u00e9p\u00e9t\u00e9es, la fabrication de v\u00e9hicules civiles utilitaires mais aussi de chars, de bus et de poids-lourds destin\u00e9s \u00e0 l\u2018Arm\u00e9e, s\u2018est poursuivie dans les usines de Nuremberg et Augsbourg. Ce n\u2018est qu\u2018\u00e0 la fin de l\u2018ann\u00e9e 1944 que la production s\u2018est interrompue, lorsque les b\u00e2timents et les machines ont \u00e9t\u00e9 presque compl\u00e8tement d\u00e9truits.<\/p>\n<h3>D\u00e9veloppement technique apr\u00e8s la fin de la seconde guerre mondiale<\/h3>\n<p>Apr\u00e8s la guerre, la remise en \u00e9tat des b\u00e2timents et des machines a d\u00e9but\u00e9. D\u00e8s 1953, on voyait partout sur les routes, le c\u00e9l\u00e8bre \u00a0F8 et les omnibuss avec capot \u201ealligator\u201c. MAN construisait \u00e9galement des tracteurs destin\u00e9s \u00e0 l\u2018agriculture et \u00e0 la sylviculture.<\/p>\n<p>\u00c0 partir de 1955, les tracteurs, les poids-lourds et les bus n\u2018ont plus \u00e9t\u00e9 produits \u00e0 Nuremberg mais dans une nouvelle usine situ\u00e9e \u00e0 Munich-Allach. En 1965, le cent milli\u00e8me poids lourd a \u00e9t\u00e9 fabriqu\u00e9.<\/p>\n<h3>Prise de contr\u00f4le d\u2018entreprises et expansion vers de nouveaux march\u00e9s<\/h3>\n<p>En 1971, a eu lieu la prise de contr\u00f4le du fabricant de poids-lourds et d\u2018omnibus B\u00fcssing \u00e0 Brunswick. En coop\u00e9ration avec\u00a0 le fabricant de v\u00e9hicules utilitaires fran\u00e7ais Saviem et plus tard avec Volkswagen, MAN s\u2018est lanc\u00e9 dans la production de camions plus l\u00e9gers.<\/p>\n<p>Les ann\u00e9es 80 sont marqu\u00e9es par une expansion mondiale vers de nouveaux march\u00e9s et par la prise de contr\u00f4le d\u2018autres marques comme par exemple Steyr.<\/p>\n<p>\u00c0 partir de 1992, l\u2018autocar de voyages Lion\u2018s Star a \u00e9t\u00e9 produit \u00e0 Salzgitter (auparavant une usine de l\u2018entreprise B\u00fcssing). Sa mise sur le march\u00e9 a \u00e9t\u00e9 un immense succ\u00e8s.<\/p>\n<p>8 an plus tard, en 2000, MAN a introduit sur le march\u00e9 le poids lourd TGA qui\u00a0 a \u00e9t\u00e9 \u00e9lu poids lourd de l\u2018ann\u00e9e. En outre, c\u2018est aussi \u00e0 cette \u00e9poque qu\u2018a eu lieu la prise de contr\u00f4le de la marque de bus NEOPLAN.<\/p>\n<p>\u00c0 partir de 2005, dans le domaine des camions de taille moyenne ou l\u00e9gers, des nouveaux produits de la gamme TGL et TGM ont \u00e9t\u00e9 commercialis\u00e9s.<\/p>\n<h3>Introduction d\u2018une nouvelle g\u00e9n\u00e9ration de moteurs et progr\u00e8s techniques<\/h3>\n<p>\u00c0 cette m\u00eame p\u00e9riode, une nouvelle g\u00e9n\u00e9ration de moteurs a \u00e9t\u00e9 introduite sur le march\u00e9. Il s\u2018agissait de moteurs \u00e9quip\u00e9s du syst\u00e8me Common-rail et d\u2018une traction int\u00e9grale commutable.<\/p>\n<p>Les ann\u00e9es suivantes ont donn\u00e9 lieu \u00e0 de grandes innovations pour les poids lourds, les bus et les moteurs. Un accent particulier a \u00e9t\u00e9 mis sur le d\u00e9veloppement de la technologie hybride.<\/p>\n<p>En 2016, MAN fabriqua pour la premi\u00e8re fois des autocars de tourisme longue distance. Aujourd\u2018hui, le groupe est en mesure de proposer une gamme compl\u00e8te de v\u00e9hicules lourds.<\/p>\n<h3>Fusion avec le groupe Traton<\/h3>\n<p>Depuis la mi-2015, tout comme Scania et Volkswagen Caminh\u00f5es e \u00d5nibus, MAN appartient au groupe Traton, une filiale qui appartient int\u00e9gralement au groupe Volkswagen. Cette filiale est un des leaders mondiaux dans le domaine des v\u00e9hicules utilitaires. Gr\u00e2ce au travail en commun de ces entreprises, des synergies sont cr\u00e9\u00e9es. Ainsi Scania construit des moteurs de grosses cylindr\u00e9e pour MAN tandis que cette derni\u00e8re produit pour Scania, des composants tels que des essieux non moteur et des arbres de transmission.<\/p>\n<\/div><\/div><\/div><\/div><\/div>\n","protected":false},"excerpt":{"rendered":"","protected":false},"author":2,"featured_media":0,"parent":3017,"menu_order":0,"comment_status":"closed","ping_status":"closed","template":"","meta":{"footnotes":""},"class_list":["post-9056","page","type-page","status-publish","hentry"],"_links":{"self":[{"href":"https:\/\/www.ime-gmbh.com\/fr\/wp-json\/wp\/v2\/pages\/9056","targetHints":{"allow":["GET"]}}],"collection":[{"href":"https:\/\/www.ime-gmbh.com\/fr\/wp-json\/wp\/v2\/pages"}],"about":[{"href":"https:\/\/www.ime-gmbh.com\/fr\/wp-json\/wp\/v2\/types\/page"}],"author":[{"embeddable":true,"href":"https:\/\/www.ime-gmbh.com\/fr\/wp-json\/wp\/v2\/users\/2"}],"replies":[{"embeddable":true,"href":"https:\/\/www.ime-gmbh.com\/fr\/wp-json\/wp\/v2\/comments?post=9056"}],"version-history":[{"count":9,"href":"https:\/\/www.ime-gmbh.com\/fr\/wp-json\/wp\/v2\/pages\/9056\/revisions"}],"predecessor-version":[{"id":22042,"href":"https:\/\/www.ime-gmbh.com\/fr\/wp-json\/wp\/v2\/pages\/9056\/revisions\/22042"}],"up":[{"embeddable":true,"href":"https:\/\/www.ime-gmbh.com\/fr\/wp-json\/wp\/v2\/pages\/3017"}],"wp:attachment":[{"href":"https:\/\/www.ime-gmbh.com\/fr\/wp-json\/wp\/v2\/media?parent=9056"}],"curies":[{"name":"wp","href":"https:\/\/api.w.org\/{rel}","templated":true}]}}