{"id":6887,"date":"2018-06-12T10:32:44","date_gmt":"2018-06-12T08:32:44","guid":{"rendered":"https:\/\/www.ime-gmbh.com\/?page_id=6887"},"modified":"2023-11-20T15:07:57","modified_gmt":"2023-11-20T14:07:57","slug":"schwing-stetter-gmbh","status":"publish","type":"page","link":"https:\/\/www.ime-gmbh.com\/fr\/pieces-de-rechange\/fabricants\/schwing-stetter-gmbh\/","title":{"rendered":"SCHWING-Stetter GmbH"},"content":{"rendered":"<div class=\"fusion-fullwidth fullwidth-box fusion-builder-row-1 fusion-flex-container has-pattern-background has-mask-background hundred-percent-fullwidth non-hundred-percent-height-scrolling\" style=\"--awb-border-radius-top-left:0px;--awb-border-radius-top-right:0px;--awb-border-radius-bottom-right:0px;--awb-border-radius-bottom-left:0px;--awb-overflow:visible;--awb-flex-wrap:wrap;\" ><div class=\"fusion-builder-row fusion-row fusion-flex-align-items-center fusion-flex-justify-content-center fusion-flex-content-wrap\" style=\"width:104% !important;max-width:104% !important;margin-left: calc(-4% \/ 2 );margin-right: calc(-4% \/ 2 );\"><div class=\"fusion-layout-column fusion_builder_column fusion-builder-column-0 fusion_builder_column_5_6 5_6 fusion-flex-column fusion-flex-align-self-flex-start fusion-column-no-min-height\" style=\"--awb-bg-size:cover;--awb-width-large:83.333333333333%;--awb-margin-top-large:0px;--awb-spacing-right-large:2.304%;--awb-margin-bottom-large:0px;--awb-spacing-left-large:2.304%;--awb-width-medium:100%;--awb-spacing-right-medium:1.92%;--awb-spacing-left-medium:1.92%;--awb-width-small:100%;--awb-spacing-right-small:1.92%;--awb-spacing-left-small:1.92%;\"><div class=\"fusion-column-wrapper fusion-flex-justify-content-flex-start fusion-content-layout-column\"><div class=\"fusion-text fusion-text-1\"><h2 style=\"text-align: left;\">Pi\u00e8ces de rechange SCHWING-Stetter<\/h2>\n<\/div><\/div><\/div><div class=\"fusion-layout-column fusion_builder_column fusion-builder-column-1 fusion_builder_column_5_6 5_6 fusion-flex-column fusion-flex-align-self-flex-start fusion-column-no-min-height\" style=\"--awb-bg-size:cover;--awb-width-large:83.333333333333%;--awb-margin-top-large:0px;--awb-spacing-right-large:2.304%;--awb-margin-bottom-large:0px;--awb-spacing-left-large:2.304%;--awb-width-medium:100%;--awb-spacing-right-medium:1.92%;--awb-spacing-left-medium:1.92%;--awb-width-small:100%;--awb-spacing-right-small:1.92%;--awb-spacing-left-small:1.92%;\"><div class=\"fusion-column-wrapper fusion-flex-justify-content-flex-start fusion-content-layout-column\"><div class=\"fusion-text fusion-text-2\"><h2>Nous livrons dans le monde entier des pi\u00e8ces de rechange pour :<\/h2>\n<ul>\n<li>\n<h3><a href=\"https:\/\/www.ime-gmbh.com\/fr\/pieces-de-rechange\/betonneuses-et-accessoires\/\">Centrales \u00e0 b\u00e9ton et installations de recyclage du b\u00e9ton<\/a><\/h3>\n<ul>\n<li>Centrales \u00e0 b\u00e9ton SCHWING-Stetter<\/li>\n<li>Malaxeurs SCHWING-Stetter<\/li>\n<li>Malaxeurs-Pompes SCHWING-Stetter<\/li>\n<li>Pompes \u00e0 b\u00e9ton automotrices SCHWING-Stetter<\/li>\n<li>Pompes \u00e0 b\u00e9ton stationaires SCHWING-Stetter<\/li>\n<li>Centrales de recyclage du b\u00e9ton SCHWING-Stetter<\/li>\n<li>Technologie industrielle et environnementale SCHWING-Stetter<\/li>\n<li>M\u00e2ts de distribution SCHWING-Stetter<\/li>\n<\/ul>\n<\/li>\n<\/ul>\n<\/div><div class=\"fusion-text fusion-text-3\"><h2 id=\"form\">Demande de renseignements<\/h2>\n\n<div class=\"wpcf7 no-js\" id=\"wpcf7-f693-o1\" lang=\"de-DE\" dir=\"ltr\" data-wpcf7-id=\"693\">\n<div class=\"screen-reader-response\"><p role=\"status\" aria-live=\"polite\" aria-atomic=\"true\"><\/p> <ul><\/ul><\/div>\n<form action=\"\/fr\/wp-json\/wp\/v2\/pages\/6887#wpcf7-f693-o1\" method=\"post\" class=\"wpcf7-form init\" aria-label=\"Kontaktformular\" novalidate=\"novalidate\" data-status=\"init\">\n<fieldset class=\"hidden-fields-container\"><input type=\"hidden\" name=\"_wpcf7\" value=\"693\" \/><input type=\"hidden\" name=\"_wpcf7_version\" value=\"6.1.5\" \/><input type=\"hidden\" name=\"_wpcf7_locale\" value=\"de_DE\" \/><input type=\"hidden\" name=\"_wpcf7_unit_tag\" value=\"wpcf7-f693-o1\" \/><input type=\"hidden\" name=\"_wpcf7_container_post\" value=\"0\" \/><input type=\"hidden\" name=\"_wpcf7_posted_data_hash\" value=\"\" \/>\n<\/fieldset>\n<div style=\"float: left; width: 48%;\">\n\t<p>Pr\u00e9nom\n\t<\/p>\n\t<p><span class=\"wpcf7-form-control-wrap\" data-name=\"Vorname\"><input size=\"40\" maxlength=\"400\" class=\"wpcf7-form-control wpcf7-text\" aria-invalid=\"false\" value=\"\" type=\"text\" name=\"Vorname\" \/><\/span>\n\t<\/p>\n<\/div>\n<div style=\"margin-left: 52%; width: 48%;\">\n\t<p>Nom\n\t<\/p>\n\t<p><span class=\"wpcf7-form-control-wrap\" data-name=\"Nachname\"><input size=\"40\" maxlength=\"400\" class=\"wpcf7-form-control wpcf7-text wpcf7-validates-as-required\" aria-required=\"true\" aria-invalid=\"false\" value=\"\" type=\"text\" name=\"Nachname\" \/><\/span>\n\t<\/p>\n<\/div>\n<div style=\"float: left; width: 100%; margin-bottom: 20px;\">\n\t<p>Nom de l'entreprise\n\t<\/p>\n\t<p><span class=\"wpcf7-form-control-wrap\" data-name=\"Firmenname\"><input size=\"40\" maxlength=\"400\" class=\"wpcf7-form-control wpcf7-text wpcf7-validates-as-required\" aria-required=\"true\" aria-invalid=\"false\" value=\"\" type=\"text\" name=\"Firmenname\" \/><\/span>\n\t<\/p>\n<\/div>\n<div style=\"float: left; width: 100%; margin-bottom: 20px;\">\n\t<p>Rue\n\t<\/p>\n\t<p><span class=\"wpcf7-form-control-wrap\" data-name=\"Strasse\"><input size=\"40\" maxlength=\"400\" class=\"wpcf7-form-control wpcf7-text\" aria-invalid=\"false\" value=\"\" type=\"text\" name=\"Strasse\" \/><\/span>\n\t<\/p>\n<\/div>\n<div style=\"float: left; width: 48%;\">\n\t<p>Code postal\n\t<\/p>\n\t<p><span class=\"wpcf7-form-control-wrap\" data-name=\"PLZ\"><input size=\"40\" maxlength=\"400\" class=\"wpcf7-form-control wpcf7-text\" aria-invalid=\"false\" value=\"\" type=\"text\" name=\"PLZ\" \/><\/span>\n\t<\/p>\n<\/div>\n<div style=\"margin-left: 52%; width: 48%;\">\n\t<p>Ville\n\t<\/p>\n\t<p><span class=\"wpcf7-form-control-wrap\" data-name=\"Ort\"><input size=\"40\" maxlength=\"400\" class=\"wpcf7-form-control wpcf7-text wpcf7-validates-as-required\" aria-required=\"true\" aria-invalid=\"false\" value=\"\" type=\"text\" name=\"Ort\" \/><\/span>\n\t<\/p>\n<\/div>\n<div style=\"float: left; width: 100%; margin-bottom: 20px;\">\n\t<p>Pays\n\t<\/p>\n\t<p><span class=\"wpcf7-form-control-wrap\" data-name=\"Land\"><input size=\"40\" maxlength=\"400\" class=\"wpcf7-form-control wpcf7-text wpcf7-validates-as-required\" aria-required=\"true\" aria-invalid=\"false\" value=\"\" type=\"text\" name=\"Land\" \/><\/span>\n\t<\/p>\n<\/div>\n<div style=\"float: left; width: 48%;\">\n\t<p>Adresse e-mail*\n\t<\/p>\n\t<p><span class=\"wpcf7-form-control-wrap\" data-name=\"E-Mail\"><input size=\"40\" maxlength=\"400\" class=\"wpcf7-form-control wpcf7-email wpcf7-validates-as-required wpcf7-text wpcf7-validates-as-email\" aria-required=\"true\" aria-invalid=\"false\" value=\"\" type=\"email\" name=\"E-Mail\" \/><\/span>\n\t<\/p>\n<\/div>\n<div style=\"margin-left: 52%; width: 48%;\">\n\t<p>No. de t\u00e9l\u00e9phone\n\t<\/p>\n\t<p><span class=\"wpcf7-form-control-wrap\" data-name=\"phonetext-907\"><input size=\"40\" class=\"wpcf7-form-control wpcf7-phonetext wpcf7-text wpcf7-validates-as-phonetext\" aria-invalid=\"false\" value=\"\" type=\"text\" name=\"phonetext-907\" \/><input type=\"hidden\" name=\"phonetext-907-country-code\" class=\"wpcf7-phonetext-country-code\" \/><\/span>\n\t<\/p>\n<\/div>\n<div style=\"float: left; width: 100%; margin-bottom: 20px;\">\n\t<p>Fabricant\n\t<\/p>\n\t<p><span class=\"wpcf7-form-control-wrap\" data-name=\"Hersteller\"><input size=\"40\" maxlength=\"400\" class=\"wpcf7-form-control wpcf7-text wpcf7-validates-as-required\" aria-required=\"true\" aria-invalid=\"false\" value=\"\" type=\"text\" name=\"Hersteller\" \/><\/span>\n\t<\/p>\n<\/div>\n<div style=\"float: left; width: 100%; margin-bottom: 20px;\">\n\t<p>Type de la machine\n\t<\/p>\n\t<p><span class=\"wpcf7-form-control-wrap\" data-name=\"Typenbezeichnung\"><input size=\"40\" maxlength=\"400\" class=\"wpcf7-form-control wpcf7-text\" aria-invalid=\"false\" value=\"\" type=\"text\" name=\"Typenbezeichnung\" \/><\/span>\n\t<\/p>\n<\/div>\n<div style=\"float: left; width: 100%; margin-bottom: 20px;\">\n\t<p>No. de s\u00e9rie de la machine\n\t<\/p>\n\t<p><span class=\"wpcf7-form-control-wrap\" data-name=\"Seriennummer\"><input size=\"40\" maxlength=\"400\" class=\"wpcf7-form-control wpcf7-text\" aria-invalid=\"false\" value=\"\" type=\"text\" name=\"Seriennummer\" \/><\/span>\n\t<\/p>\n<\/div>\n<div style=\"float: left; width: 48%;\">\n\t<p>No. de la pi\u00e8ce d\u00e9tach\u00e9e\n\t<\/p>\n\t<p><span class=\"wpcf7-form-control-wrap\" data-name=\"Ersatzteilnummer\"><input size=\"40\" maxlength=\"400\" class=\"wpcf7-form-control wpcf7-text\" aria-invalid=\"false\" value=\"\" type=\"text\" name=\"Ersatzteilnummer\" \/><\/span>\n\t<\/p>\n<\/div>\n<div style=\"margin-left: 52%; width: 48%;\">\n\t<p>Quantit\u00e9<br \/>\n<span class=\"wpcf7-form-control-wrap\" data-name=\"Menge\"><input size=\"40\" maxlength=\"400\" class=\"wpcf7-form-control wpcf7-text\" aria-invalid=\"false\" value=\"\" type=\"text\" name=\"Menge\" \/><\/span>\n\t<\/p>\n<\/div>\n<div style=\"float: left; width: 100%; margin-bottom: 20px;\">\n\t<p>Message\n\t<\/p>\n\t<p><span class=\"wpcf7-form-control-wrap\" data-name=\"your-message\"><textarea cols=\"40\" rows=\"10\" maxlength=\"2000\" class=\"wpcf7-form-control wpcf7-textarea\" aria-invalid=\"false\" name=\"your-message\"><\/textarea><\/span>\n\t<\/p>\n<\/div>\n<p><span class=\"wpcf7-form-control-wrap kc_captcha\" data-name=\"kc_captcha\"><span class=\"wpcf7-form-control wpcf7-radio\"><span class=\"captcha-image\" ><span class=\"cf7ic_instructions\">Bitte beweise, dass du kein Spambot bist und w\u00e4hle das Symbol<span> Baum<\/span>.<\/span><label><input aria-label=\"1\" type=\"radio\" name=\"kc_captcha\" value=\"bot\" \/><svg aria-hidden=\"true\" role=\"img\" xmlns=\"http:\/\/www.w3.org\/2000\/svg\" viewBox=\"0 0 512 512\"><path fill=\"currentColor\" d=\"M350 99c-54 0-98-35-166-35-25 0-47 4-68 12a56 56 0 004-24C118 24 95 1 66 0a56 56 0 00-34 102v386c0 13 11 24 24 24h16c13 0 24-11 24-24v-94c28-12 64-23 114-23 54 0 98 35 166 35 48 0 86-16 122-41 9-6 14-15 14-26V96c0-23-24-39-45-29-35 16-77 32-117 32z\"\/><\/svg><\/label><label><input aria-label=\"2\" type=\"radio\" name=\"kc_captcha\" value=\"kc_human\" \/><svg aria-hidden=\"true\" role=\"img\" xmlns=\"http:\/\/www.w3.org\/2000\/svg\" viewBox=\"0 0 384 512\"><path fill=\"currentColor\" d=\"M377 375l-83-87h34c21 0 32-25 17-40l-82-88h33c21 0 32-25 18-40L210 8c-10-11-26-11-36 0L70 120c-14 15-3 40 18 40h33l-82 88c-15 15-4 40 17 40h34L7 375c-15 16-4 41 17 41h120c0 33-11 49-34 68-12 9-5 28 10 28h144c15 0 22-19 10-28-20-16-34-32-34-68h120c21 0 32-25 17-41z\"\/><\/svg><\/label><label><input aria-label=\"3\" type=\"radio\" name=\"kc_captcha\" value=\"bot\" \/><svg aria-hidden=\"true\" role=\"img\" xmlns=\"http:\/\/www.w3.org\/2000\/svg\" viewBox=\"0 0 576 512\"><path fill=\"currentColor\" d=\"M472 200H360L256 6a12 12 0 00-10-6h-58c-8 0-14 7-12 15l34 185H100l-35-58a12 12 0 00-10-6H12c-8 0-13 7-12 14l21 106L0 362c-1 7 4 14 12 14h43c4 0 8-2 10-6l35-58h110l-34 185c-2 8 4 15 12 15h58a12 12 0 0010-6l104-194h112c57 0 104-25 104-56s-47-56-104-56z\"\/><\/svg><\/label>\r\n    <\/span>\r\n    <span style=\"display:none\">\r\n        <input type=\"text\" name=\"kc_honeypot\">\r\n    <\/span><\/span><\/span>\n<\/p>\n<p><input class=\"wpcf7-form-control wpcf7-submit has-spinner\" type=\"submit\" value=\"Envoyer\" \/>\n<\/p>\n<p>Remarque: Les champs marqu\u00e9s par une * doivent \u00eatre remplis afin que nous puissions traiter votre demande.\n<\/p><div class=\"fusion-alert alert custom alert-custom fusion-alert-center wpcf7-response-output fusion-alert-capitalize awb-alert-native-link-color alert-dismissable awb-alert-close-boxed\" style=\"--awb-border-top-left-radius:0px;--awb-border-top-right-radius:0px;--awb-border-bottom-left-radius:0px;--awb-border-bottom-right-radius:0px;\" role=\"alert\"><div class=\"fusion-alert-content-wrapper\"><span class=\"fusion-alert-content\"><\/span><\/div><button type=\"button\" class=\"close toggle-alert\" data-dismiss=\"alert\" aria-label=\"Close\">&times;<\/button><\/div>\n<\/form>\n<\/div>\n\n<\/div><div class=\"fusion-text fusion-text-4\"><div class=\"fusion-text fusion-text-4\">\n<h2><strong>Schwing-Stetter : innovation dans le domaine du b\u00e9ton et de la technologie environnementale <\/strong><\/h2>\n<p>Schwing-Stetter est connu dans le monde entier pour le d\u00e9veloppement et la fabrication de machines de pointe dans le domaine du b\u00e9ton et de la technologie environnementale. La gamme de produits de l&rsquo;entreprise comprend une large gamme de solutions fiables et efficaces qui sont appr\u00e9ci\u00e9es dans le secteur de la construction et au-del\u00e0.<\/p>\n<p><strong><em>Centrales \u00e0 b\u00e9ton : une technologie de malaxage pr\u00e9cise pour une qualit\u00e9 optimale <\/em><\/strong><\/p>\n<p>Les centrales \u00e0 b\u00e9ton de Schwing-Stetter \u00e9tablissent des normes en mati\u00e8re de production de b\u00e9ton. Utilisant une technologie de m\u00e9lange de pointe et un dosage pr\u00e9cis, ces syst\u00e8mes garantissent la production de b\u00e9ton de haute qualit\u00e9 pour un large \u00e9ventail de projets de construction. Les configurations flexibles s\u2019adaptent aux exigences du chantier et assurent une production de b\u00e9ton efficace et fiable.<\/p>\n<p><strong><em>Camion malaxeur : Transport mobile de b\u00e9ton frais <\/em><\/strong><\/p>\n<p>Les camions malaxeurs Schwing-Stetter sont des unit\u00e9s mobiles permettant de transporter du b\u00e9ton frais vers les chantiers de construction. Dot\u00e9s de v\u00e9hicules robustes et de syst\u00e8mes de malaxage avanc\u00e9s, les camions malaxeurs permettent une r\u00e9partition uniforme du b\u00e9ton pendant le transport. Cela permet de garantir que le b\u00e9ton arrive sur le chantier frais et pr\u00eat \u00e0 l\u2019emploi.<\/p>\n<p><strong><em>Pompes \u00e0 b\u00e9ton malaxeurs pour camion\u00a0: combinaison efficace de malaxage et de pompage <\/em><\/strong><\/p>\n<p>Les pompes \u00e0 b\u00e9ton malaxeurs sur camion Schwing-Stetter combinent les fonctions de m\u00e9lange et de pompage en un seul appareil. Cette combinaison permet une livraison efficace et rapide du b\u00e9ton directement \u00e0 l\u2019endroit souhait\u00e9. Avec diff\u00e9rentes longueurs de fl\u00e8che, les pompes \u00e0 b\u00e9ton malaxeurs pour camions s&rsquo;adaptent aux exigences des projets de construction de diff\u00e9rentes tailles.<\/p>\n<p><strong><em>Pompes \u00e0 b\u00e9ton mont\u00e9es sur camion : distribution pr\u00e9cise du b\u00e9ton sur les chantiers <\/em><\/strong><\/p>\n<p>Les pompes \u00e0 b\u00e9ton mont\u00e9es sur camion Schwing-Stetter sont sp\u00e9cialement d\u00e9velopp\u00e9es pour fournir du b\u00e9ton avec pr\u00e9cision et efficacit\u00e9 dans les endroits difficiles d&rsquo;acc\u00e8s du chantier de construction. Avec diff\u00e9rentes gammes et d\u00e9bits, ces pompes offrent des solutions flexibles pour un large \u00e9ventail de projets de construction.<\/p>\n<p><strong><em>Pompes stationnaires\u00a0: pompage de b\u00e9ton continu pour les grands projets de construction <\/em><\/strong><\/p>\n<p>Les pompes stationnaires de Schwing-Stetter permettent un pompage continu du b\u00e9ton pour les grands projets de construction. Avec des syst\u00e8mes de pompage puissants et une vari\u00e9t\u00e9 d\u2019accessoires, ces pompes peuvent r\u00e9pondre aux besoins de mise en place pr\u00e9cise du b\u00e9ton sur des chantiers de construction de diff\u00e9rentes tailles.<\/p>\n<p><strong><em>Usines de recyclage de b\u00e9ton : Utilisation durable des ressources <\/em><\/strong><\/p>\n<p>Schwing-Stetter met l&rsquo;accent sur la durabilit\u00e9 en d\u00e9veloppant des usines de recyclage du b\u00e9ton. Ces syst\u00e8mes permettent le traitement et la r\u00e9utilisation des mat\u00e9riaux de d\u00e9molition du b\u00e9ton. En r\u00e9duisant les d\u00e9chets et en utilisant du b\u00e9ton recycl\u00e9, Schwing-Stetter contribue \u00e0 minimiser l&rsquo;impact environnemental de la production de construction.<\/p>\n<p><strong><em>Technologie industrielle et environnementale : solutions globales pour exigences particuli\u00e8res <\/em><\/strong><\/p>\n<p>Schwing-Stetter propose \u00e9galement des solutions industrielles et environnementales. Celles-ci vont des syst\u00e8mes sp\u00e9cialis\u00e9s pour les processus industriels aux technologies respectueuses de l&rsquo;environnement pour une production durable.<\/p>\n<p>Schwing-Stetter reste un pionnier dans le domaine des technologies du b\u00e9ton et de l&rsquo;environnement en mettant l&rsquo;accent sur l&rsquo;innovation, la qualit\u00e9 et la durabilit\u00e9. Les centrales \u00e0 b\u00e9ton, les malaxeurs sur camion, les pompes \u00e0 b\u00e9ton sur camion malaxeur, les pompes \u00e0 b\u00e9ton mont\u00e9es sur camion, les pompes fixes, les usines de recyclage de b\u00e9ton et les solutions industrielles et environnementales de Schwing-Stetter d\u00e9montrent l&rsquo;engagement de l&rsquo;entreprise envers d&rsquo;excellentes performances et des technologies respectueuses de l&rsquo;environnement.<\/p>\n<h3>L\u2019histoire de l\u2019entreprise Schwing-Stetter<\/h3>\n<p>SCHWING-Stetter GmbH est une entreprise sp\u00e9cialis\u00e9e dans les centrales \u00e0 b\u00e9ton.<\/p>\n<p>d\u00e8s 1934 <strong>SCHWING <\/strong>l&rsquo;entreprise Schwing dans la r\u00e9gion de la Ruhr \u00c0 cette \u00e9poque, il s\u2019agissait d\u2019une petite entreprise artisanale qui fabriquait des produits destin\u00e9s aux industries mini\u00e8res, routi\u00e8res et de construction. M\u00eame \u00e0 cette \u00e9poque, l&rsquo;accent \u00e9tait mis sur le d\u00e9veloppement de machines de construction en b\u00e9ton, qui constituent encore aujourd&rsquo;hui le c\u0153ur de l&rsquo;entreprise. La premi\u00e8re pompe \u00e0 b\u00e9ton mobile mont\u00e9e sur camion est arriv\u00e9e sur le march\u00e9 en 1965. Le fondateur de l&rsquo;entreprise, Friedrich Wilhelm Schwing, a fait un v\u00e9ritable travail de pionnier dans ce domaine.<\/p>\n<p>entreprise <strong>Stetter <\/strong>fond\u00e9e \u00e0 Memmingen, o\u00f9 elle se sp\u00e9cialise rapidement dans la construction d&rsquo;installations de malaxage du b\u00e9ton. La premi\u00e8re b\u00e9tonni\u00e8re sur camion a \u00e9t\u00e9 produite en 1958. En 1964, de grandes centrales \u00e0 b\u00e9ton sont construites.<\/p>\n<p>Au d\u00e9but des ann\u00e9es 80, un changement de g\u00e9n\u00e9ration s&rsquo;op\u00e8re chez SCHWING GmbH. Deux ans plus tard, en 1982, la soci\u00e9t\u00e9 Stetter GmbH de Memmingen est reprise. Le r\u00e9sultat fut <strong>SCHWING-Stetter GmbH <\/strong>, une entreprise qui produit toute la gamme de machines de construction en b\u00e9ton.<\/p>\n<h3>D\u00e9veloppement de l&rsquo;entreprise<\/h3>\n<p>Stetter GmbH a \u00e9t\u00e9 int\u00e9gr\u00e9e au groupe en tant qu&rsquo;entreprise ind\u00e9pendante dot\u00e9e de son propre d\u00e9partement de recherche et d\u00e9veloppement, de son propre service des ressources humaines et de sa propre direction. Stetter GmbH est aujourd&rsquo;hui le plus grand fabricant de camions malaxeurs au monde. En 2007, environ 8 000 camions malaxeurs ont \u00e9t\u00e9 livr\u00e9s dans le monde entier. Plus de 80 pour cent des ventes du groupe sont d\u00e9sormais r\u00e9alis\u00e9es \u00e0 l&rsquo;\u00e9tranger.<\/p>\n<h3>Programme de livraison actuel<\/h3>\n<p>Aujourd&rsquo;hui, le programme de livraison de SCHWING-Stetter GmbH comprend des centrales \u00e0 b\u00e9ton, des camions malaxeurs, des pompes \u00e0 b\u00e9ton sur camion malaxeurs, des pompes \u00e0 b\u00e9ton mont\u00e9es sur camion, des pompes \u00e0 b\u00e9ton fixes, des usines de recyclage du b\u00e9ton, des pompes \u00e0 eaux us\u00e9es pour la technologie industrielle et environnementale, des syst\u00e8mes cl\u00e9 en main pour le transport et le stockage. de boues et de mat\u00e9riaux \u00e0 haute teneur en mati\u00e8res solides, ainsi que des rampes de distribution s\u00e9par\u00e9es .<\/p>\n<p>De 2001 au 3 octobre 2013, Gerhard Schwing a dirig\u00e9 l&rsquo;entreprise en tant que directeur g\u00e9n\u00e9ral unique, qui a \u00e9t\u00e9 reprise en 2012 par le fabricant chinois XCMG.<\/p>\n<p>Aujourd&rsquo;hui, la soci\u00e9t\u00e9 SCHWING-Stetter GmbH, dont le si\u00e8ge est \u00e0 Memmingen, compte plus de 100 filiales et repr\u00e9sentants ainsi que ses propres sites de production dans le monde entier. En 2016, le groupe SCHWING comptait 3 000 collaborateurs dans le monde.<\/p>\n<\/div>\n<\/div><\/div><\/div><\/div><\/div>\n","protected":false},"excerpt":{"rendered":"","protected":false},"author":2,"featured_media":0,"parent":3017,"menu_order":0,"comment_status":"closed","ping_status":"closed","template":"","meta":{"footnotes":""},"class_list":["post-6887","page","type-page","status-publish","hentry"],"_links":{"self":[{"href":"https:\/\/www.ime-gmbh.com\/fr\/wp-json\/wp\/v2\/pages\/6887","targetHints":{"allow":["GET"]}}],"collection":[{"href":"https:\/\/www.ime-gmbh.com\/fr\/wp-json\/wp\/v2\/pages"}],"about":[{"href":"https:\/\/www.ime-gmbh.com\/fr\/wp-json\/wp\/v2\/types\/page"}],"author":[{"embeddable":true,"href":"https:\/\/www.ime-gmbh.com\/fr\/wp-json\/wp\/v2\/users\/2"}],"replies":[{"embeddable":true,"href":"https:\/\/www.ime-gmbh.com\/fr\/wp-json\/wp\/v2\/comments?post=6887"}],"version-history":[{"count":21,"href":"https:\/\/www.ime-gmbh.com\/fr\/wp-json\/wp\/v2\/pages\/6887\/revisions"}],"predecessor-version":[{"id":26280,"href":"https:\/\/www.ime-gmbh.com\/fr\/wp-json\/wp\/v2\/pages\/6887\/revisions\/26280"}],"up":[{"embeddable":true,"href":"https:\/\/www.ime-gmbh.com\/fr\/wp-json\/wp\/v2\/pages\/3017"}],"wp:attachment":[{"href":"https:\/\/www.ime-gmbh.com\/fr\/wp-json\/wp\/v2\/media?parent=6887"}],"curies":[{"name":"wp","href":"https:\/\/api.w.org\/{rel}","templated":true}]}}