{"id":6359,"date":"2018-01-18T10:00:18","date_gmt":"2018-01-18T09:00:18","guid":{"rendered":"https:\/\/www.ime-gmbh.com\/?page_id=6359"},"modified":"2023-11-16T15:58:15","modified_gmt":"2023-11-16T14:58:15","slug":"atlas-copco-power-technique","status":"publish","type":"page","link":"https:\/\/www.ime-gmbh.com\/fr\/pieces-de-rechange\/fabricants\/atlas-copco-power-technique\/","title":{"rendered":"Atlas Copco Power Technique"},"content":{"rendered":"<div class=\"fusion-fullwidth fullwidth-box fusion-builder-row-1 fusion-flex-container has-pattern-background has-mask-background hundred-percent-fullwidth non-hundred-percent-height-scrolling\" style=\"--awb-border-radius-top-left:0px;--awb-border-radius-top-right:0px;--awb-border-radius-bottom-right:0px;--awb-border-radius-bottom-left:0px;--awb-overflow:visible;--awb-flex-wrap:wrap;\" ><div class=\"fusion-builder-row fusion-row fusion-flex-align-items-center fusion-flex-justify-content-center fusion-flex-content-wrap\" style=\"width:104% !important;max-width:104% !important;margin-left: calc(-4% \/ 2 );margin-right: calc(-4% \/ 2 );\"><div class=\"fusion-layout-column fusion_builder_column fusion-builder-column-0 fusion_builder_column_5_6 5_6 fusion-flex-column fusion-flex-align-self-flex-start fusion-column-no-min-height\" style=\"--awb-bg-size:cover;--awb-width-large:83.333333333333%;--awb-margin-top-large:0px;--awb-spacing-right-large:2.304%;--awb-margin-bottom-large:0px;--awb-spacing-left-large:2.304%;--awb-width-medium:100%;--awb-spacing-right-medium:1.92%;--awb-spacing-left-medium:1.92%;--awb-width-small:100%;--awb-spacing-right-small:1.92%;--awb-spacing-left-small:1.92%;\"><div class=\"fusion-column-wrapper fusion-flex-justify-content-flex-start fusion-content-layout-column\"><div class=\"fusion-text fusion-text-1\"><h2>Pi\u00e8ces de rechange Atlas Copco Power Technique<\/h2>\n<\/div><\/div><\/div><div class=\"fusion-layout-column fusion_builder_column fusion-builder-column-1 fusion_builder_column_2_5 2_5 fusion-flex-column\" style=\"--awb-bg-size:cover;--awb-width-large:40%;--awb-margin-top-large:0px;--awb-spacing-right-large:3.2%;--awb-margin-bottom-large:20px;--awb-spacing-left-large:4.8%;--awb-width-medium:100%;--awb-spacing-right-medium:1.92%;--awb-spacing-left-medium:1.92%;--awb-width-small:100%;--awb-spacing-right-small:1.92%;--awb-spacing-left-small:1.92%;\"><div class=\"fusion-column-wrapper fusion-flex-justify-content-flex-start fusion-content-layout-column\"><div class=\"fusion-image-element \" style=\"--awb-caption-title-font-family:var(--h2_typography-font-family);--awb-caption-title-font-weight:var(--h2_typography-font-weight);--awb-caption-title-font-style:var(--h2_typography-font-style);--awb-caption-title-size:var(--h2_typography-font-size);--awb-caption-title-transform:var(--h2_typography-text-transform);--awb-caption-title-line-height:var(--h2_typography-line-height);--awb-caption-title-letter-spacing:var(--h2_typography-letter-spacing);\"><span class=\" fusion-imageframe imageframe-dropshadow imageframe-1 hover-type-none\" style=\"border:5px solid #ffffff;-webkit-box-shadow: 3px 3px 7px rgba(0,0,0,0.3);box-shadow: 3px 3px 7px rgba(0,0,0,0.3);\"><img decoding=\"async\" width=\"300\" height=\"200\" alt=\"Atlas Copco Power Technique compresseur\" title=\"Compresseur mobile Atlas Copco PT\" src=\"https:\/\/www.ime-gmbh.com\/wp-content\/uploads\/2019\/07\/Mobile-compressor-by-Atlas-Copco-PT-1-300x200.jpg\" class=\"img-responsive wp-image-10370\" srcset=\"https:\/\/www.ime-gmbh.com\/wp-content\/uploads\/2019\/07\/Mobile-compressor-by-Atlas-Copco-PT-1-200x133.jpg 200w, https:\/\/www.ime-gmbh.com\/wp-content\/uploads\/2019\/07\/Mobile-compressor-by-Atlas-Copco-PT-1-400x267.jpg 400w, https:\/\/www.ime-gmbh.com\/wp-content\/uploads\/2019\/07\/Mobile-compressor-by-Atlas-Copco-PT-1-600x400.jpg 600w, https:\/\/www.ime-gmbh.com\/wp-content\/uploads\/2019\/07\/Mobile-compressor-by-Atlas-Copco-PT-1.jpg 625w\" sizes=\"(max-width: 1024px) 100vw, (max-width: 640px) 100vw, 300px\" \/><\/span><\/div><\/div><\/div><div class=\"fusion-layout-column fusion_builder_column fusion-builder-column-2 fusion_builder_column_2_5 2_5 fusion-flex-column\" style=\"--awb-bg-size:cover;--awb-width-large:40%;--awb-margin-top-large:0px;--awb-spacing-right-large:3.2%;--awb-margin-bottom-large:20px;--awb-spacing-left-large:4.8%;--awb-width-medium:100%;--awb-spacing-right-medium:1.92%;--awb-spacing-left-medium:1.92%;--awb-width-small:100%;--awb-spacing-right-small:1.92%;--awb-spacing-left-small:1.92%;\"><div class=\"fusion-column-wrapper fusion-flex-justify-content-flex-start fusion-content-layout-column\"><\/div><\/div><div class=\"fusion-layout-column fusion_builder_column fusion-builder-column-3 fusion_builder_column_5_6 5_6 fusion-flex-column fusion-flex-align-self-flex-start fusion-column-no-min-height\" style=\"--awb-bg-size:cover;--awb-width-large:83.333333333333%;--awb-margin-top-large:0px;--awb-spacing-right-large:2.304%;--awb-margin-bottom-large:0px;--awb-spacing-left-large:2.304%;--awb-width-medium:100%;--awb-spacing-right-medium:1.92%;--awb-spacing-left-medium:1.92%;--awb-width-small:100%;--awb-spacing-right-small:1.92%;--awb-spacing-left-small:1.92%;\"><div class=\"fusion-column-wrapper fusion-flex-justify-content-flex-start fusion-content-layout-column\"><div class=\"fusion-text fusion-text-2\"><h2 id=\"form\">Demande de renseignements<\/h2>\n\n<div class=\"wpcf7 no-js\" id=\"wpcf7-f693-o1\" lang=\"de-DE\" dir=\"ltr\" data-wpcf7-id=\"693\">\n<div class=\"screen-reader-response\"><p role=\"status\" aria-live=\"polite\" aria-atomic=\"true\"><\/p> <ul><\/ul><\/div>\n<form action=\"\/fr\/wp-json\/wp\/v2\/pages\/6359#wpcf7-f693-o1\" method=\"post\" class=\"wpcf7-form init\" aria-label=\"Kontaktformular\" novalidate=\"novalidate\" data-status=\"init\">\n<fieldset class=\"hidden-fields-container\"><input type=\"hidden\" name=\"_wpcf7\" value=\"693\" \/><input type=\"hidden\" name=\"_wpcf7_version\" value=\"6.1.5\" \/><input type=\"hidden\" name=\"_wpcf7_locale\" value=\"de_DE\" \/><input type=\"hidden\" name=\"_wpcf7_unit_tag\" value=\"wpcf7-f693-o1\" \/><input type=\"hidden\" name=\"_wpcf7_container_post\" value=\"0\" \/><input type=\"hidden\" name=\"_wpcf7_posted_data_hash\" value=\"\" \/>\n<\/fieldset>\n<div style=\"float: left; width: 48%;\">\n\t<p>Pr\u00e9nom\n\t<\/p>\n\t<p><span class=\"wpcf7-form-control-wrap\" data-name=\"Vorname\"><input size=\"40\" maxlength=\"400\" class=\"wpcf7-form-control wpcf7-text\" aria-invalid=\"false\" value=\"\" type=\"text\" name=\"Vorname\" \/><\/span>\n\t<\/p>\n<\/div>\n<div style=\"margin-left: 52%; width: 48%;\">\n\t<p>Nom\n\t<\/p>\n\t<p><span class=\"wpcf7-form-control-wrap\" data-name=\"Nachname\"><input size=\"40\" maxlength=\"400\" class=\"wpcf7-form-control wpcf7-text wpcf7-validates-as-required\" aria-required=\"true\" aria-invalid=\"false\" value=\"\" type=\"text\" name=\"Nachname\" \/><\/span>\n\t<\/p>\n<\/div>\n<div style=\"float: left; width: 100%; margin-bottom: 20px;\">\n\t<p>Nom de l'entreprise\n\t<\/p>\n\t<p><span class=\"wpcf7-form-control-wrap\" data-name=\"Firmenname\"><input size=\"40\" maxlength=\"400\" class=\"wpcf7-form-control wpcf7-text wpcf7-validates-as-required\" aria-required=\"true\" aria-invalid=\"false\" value=\"\" type=\"text\" name=\"Firmenname\" \/><\/span>\n\t<\/p>\n<\/div>\n<div style=\"float: left; width: 100%; margin-bottom: 20px;\">\n\t<p>Rue\n\t<\/p>\n\t<p><span class=\"wpcf7-form-control-wrap\" data-name=\"Strasse\"><input size=\"40\" maxlength=\"400\" class=\"wpcf7-form-control wpcf7-text\" aria-invalid=\"false\" value=\"\" type=\"text\" name=\"Strasse\" \/><\/span>\n\t<\/p>\n<\/div>\n<div style=\"float: left; width: 48%;\">\n\t<p>Code postal\n\t<\/p>\n\t<p><span class=\"wpcf7-form-control-wrap\" data-name=\"PLZ\"><input size=\"40\" maxlength=\"400\" class=\"wpcf7-form-control wpcf7-text\" aria-invalid=\"false\" value=\"\" type=\"text\" name=\"PLZ\" \/><\/span>\n\t<\/p>\n<\/div>\n<div style=\"margin-left: 52%; width: 48%;\">\n\t<p>Ville\n\t<\/p>\n\t<p><span class=\"wpcf7-form-control-wrap\" data-name=\"Ort\"><input size=\"40\" maxlength=\"400\" class=\"wpcf7-form-control wpcf7-text wpcf7-validates-as-required\" aria-required=\"true\" aria-invalid=\"false\" value=\"\" type=\"text\" name=\"Ort\" \/><\/span>\n\t<\/p>\n<\/div>\n<div style=\"float: left; width: 100%; margin-bottom: 20px;\">\n\t<p>Pays\n\t<\/p>\n\t<p><span class=\"wpcf7-form-control-wrap\" data-name=\"Land\"><input size=\"40\" maxlength=\"400\" class=\"wpcf7-form-control wpcf7-text wpcf7-validates-as-required\" aria-required=\"true\" aria-invalid=\"false\" value=\"\" type=\"text\" name=\"Land\" \/><\/span>\n\t<\/p>\n<\/div>\n<div style=\"float: left; width: 48%;\">\n\t<p>Adresse e-mail*\n\t<\/p>\n\t<p><span class=\"wpcf7-form-control-wrap\" data-name=\"E-Mail\"><input size=\"40\" maxlength=\"400\" class=\"wpcf7-form-control wpcf7-email wpcf7-validates-as-required wpcf7-text wpcf7-validates-as-email\" aria-required=\"true\" aria-invalid=\"false\" value=\"\" type=\"email\" name=\"E-Mail\" \/><\/span>\n\t<\/p>\n<\/div>\n<div style=\"margin-left: 52%; width: 48%;\">\n\t<p>No. de t\u00e9l\u00e9phone\n\t<\/p>\n\t<p><span class=\"wpcf7-form-control-wrap\" data-name=\"phonetext-907\"><input size=\"40\" class=\"wpcf7-form-control wpcf7-phonetext wpcf7-text wpcf7-validates-as-phonetext\" aria-invalid=\"false\" value=\"\" type=\"text\" name=\"phonetext-907\" \/><input type=\"hidden\" name=\"phonetext-907-country-code\" class=\"wpcf7-phonetext-country-code\" \/><\/span>\n\t<\/p>\n<\/div>\n<div style=\"float: left; width: 100%; margin-bottom: 20px;\">\n\t<p>Fabricant\n\t<\/p>\n\t<p><span class=\"wpcf7-form-control-wrap\" data-name=\"Hersteller\"><input size=\"40\" maxlength=\"400\" class=\"wpcf7-form-control wpcf7-text wpcf7-validates-as-required\" aria-required=\"true\" aria-invalid=\"false\" value=\"\" type=\"text\" name=\"Hersteller\" \/><\/span>\n\t<\/p>\n<\/div>\n<div style=\"float: left; width: 100%; margin-bottom: 20px;\">\n\t<p>Type de la machine\n\t<\/p>\n\t<p><span class=\"wpcf7-form-control-wrap\" data-name=\"Typenbezeichnung\"><input size=\"40\" maxlength=\"400\" class=\"wpcf7-form-control wpcf7-text\" aria-invalid=\"false\" value=\"\" type=\"text\" name=\"Typenbezeichnung\" \/><\/span>\n\t<\/p>\n<\/div>\n<div style=\"float: left; width: 100%; margin-bottom: 20px;\">\n\t<p>No. de s\u00e9rie de la machine\n\t<\/p>\n\t<p><span class=\"wpcf7-form-control-wrap\" data-name=\"Seriennummer\"><input size=\"40\" maxlength=\"400\" class=\"wpcf7-form-control wpcf7-text\" aria-invalid=\"false\" value=\"\" type=\"text\" name=\"Seriennummer\" \/><\/span>\n\t<\/p>\n<\/div>\n<div style=\"float: left; width: 48%;\">\n\t<p>No. de la pi\u00e8ce d\u00e9tach\u00e9e\n\t<\/p>\n\t<p><span class=\"wpcf7-form-control-wrap\" data-name=\"Ersatzteilnummer\"><input size=\"40\" maxlength=\"400\" class=\"wpcf7-form-control wpcf7-text\" aria-invalid=\"false\" value=\"\" type=\"text\" name=\"Ersatzteilnummer\" \/><\/span>\n\t<\/p>\n<\/div>\n<div style=\"margin-left: 52%; width: 48%;\">\n\t<p>Quantit\u00e9<br \/>\n<span class=\"wpcf7-form-control-wrap\" data-name=\"Menge\"><input size=\"40\" maxlength=\"400\" class=\"wpcf7-form-control wpcf7-text\" aria-invalid=\"false\" value=\"\" type=\"text\" name=\"Menge\" \/><\/span>\n\t<\/p>\n<\/div>\n<div style=\"float: left; width: 100%; margin-bottom: 20px;\">\n\t<p>Message\n\t<\/p>\n\t<p><span class=\"wpcf7-form-control-wrap\" data-name=\"your-message\"><textarea cols=\"40\" rows=\"10\" maxlength=\"2000\" class=\"wpcf7-form-control wpcf7-textarea\" aria-invalid=\"false\" name=\"your-message\"><\/textarea><\/span>\n\t<\/p>\n<\/div>\n<p><span class=\"wpcf7-form-control-wrap kc_captcha\" data-name=\"kc_captcha\"><span class=\"wpcf7-form-control wpcf7-radio\"><span class=\"captcha-image\" ><span class=\"cf7ic_instructions\">Bitte beweise, dass du kein Spambot bist und w\u00e4hle das Symbol<span> LKW<\/span>.<\/span><label><input aria-label=\"1\" type=\"radio\" name=\"kc_captcha\" value=\"bot\" \/><svg aria-hidden=\"true\" role=\"img\" xmlns=\"http:\/\/www.w3.org\/2000\/svg\" viewBox=\"0 0 512 512\"><path fill=\"currentColor\" d=\"M350 99c-54 0-98-35-166-35-25 0-47 4-68 12a56 56 0 004-24C118 24 95 1 66 0a56 56 0 00-34 102v386c0 13 11 24 24 24h16c13 0 24-11 24-24v-94c28-12 64-23 114-23 54 0 98 35 166 35 48 0 86-16 122-41 9-6 14-15 14-26V96c0-23-24-39-45-29-35 16-77 32-117 32z\"\/><\/svg><\/label><label><input aria-label=\"2\" type=\"radio\" name=\"kc_captcha\" value=\"kc_human\" \/><svg aria-hidden=\"true\" role=\"img\" xmlns=\"http:\/\/www.w3.org\/2000\/svg\" viewBox=\"0 0 640 512\"><path fill=\"currentColor\" d=\"M624 352h-16V244c0-13-5-25-14-34L494 110c-9-9-21-14-34-14h-44V48c0-26-21-48-48-48H48C22 0 0 22 0 48v320c0 27 22 48 48 48h16a96 96 0 00192 0h128a96 96 0 00192 0h48c9 0 16-7 16-16v-32c0-9-7-16-16-16zM160 464a48 48 0 110-96 48 48 0 010 96zm320 0a48 48 0 110-96 48 48 0 010 96zm80-208H416V144h44l100 100v12z\"\/><\/svg><\/label><label><input aria-label=\"3\" type=\"radio\" name=\"kc_captcha\" value=\"bot\" \/><svg aria-hidden=\"true\" role=\"img\" xmlns=\"http:\/\/www.w3.org\/2000\/svg\" viewBox=\"0 0 576 512\"><path fill=\"currentColor\" d=\"M472 200H360L256 6a12 12 0 00-10-6h-58c-8 0-14 7-12 15l34 185H100l-35-58a12 12 0 00-10-6H12c-8 0-13 7-12 14l21 106L0 362c-1 7 4 14 12 14h43c4 0 8-2 10-6l35-58h110l-34 185c-2 8 4 15 12 15h58a12 12 0 0010-6l104-194h112c57 0 104-25 104-56s-47-56-104-56z\"\/><\/svg><\/label>\r\n    <\/span>\r\n    <span style=\"display:none\">\r\n        <input type=\"text\" name=\"kc_honeypot\">\r\n    <\/span><\/span><\/span>\n<\/p>\n<p><input class=\"wpcf7-form-control wpcf7-submit has-spinner\" type=\"submit\" value=\"Envoyer\" \/>\n<\/p>\n<p>Remarque: Les champs marqu\u00e9s par une * doivent \u00eatre remplis afin que nous puissions traiter votre demande.\n<\/p><div class=\"fusion-alert alert custom alert-custom fusion-alert-center wpcf7-response-output fusion-alert-capitalize awb-alert-native-link-color alert-dismissable awb-alert-close-boxed\" style=\"--awb-border-top-left-radius:0px;--awb-border-top-right-radius:0px;--awb-border-bottom-left-radius:0px;--awb-border-bottom-right-radius:0px;\" role=\"alert\"><div class=\"fusion-alert-content-wrapper\"><span class=\"fusion-alert-content\"><\/span><\/div><button type=\"button\" class=\"close toggle-alert\" data-dismiss=\"alert\" aria-label=\"Close\">&times;<\/button><\/div>\n<\/form>\n<\/div>\n\n<\/div><div class=\"fusion-text fusion-text-3\"><h3>IME livre dans le monde entier des pi\u00e8ces de rechange pour<\/h3>\n<h2><a href=\"https:\/\/www.ime-gmbh.com\/fr\/pieces-de-rechange\/pieces-de-rechange-compresseurs-generateurs\/\">Compresseurs, G\u00e9n\u00e9rateurs Atlas Copco Power Technique<\/a><\/h2>\n<ul>\n<li>G\u00e9n\u00e9rateurs<\/li>\n<li>Compresseurs mobiles<\/li>\n<li>Compresseurs et g\u00e9n\u00e9rateurs mobiles sp\u00e9ciaux<\/li>\n<\/ul>\n<h2><a href=\"https:\/\/www.ime-gmbh.com\/fr\/pieces-de-rechange\/pieces-rechange-pour-outils-de-demolition-marteaux-hydrauliques-brise-roches-pulverisateurs\/\">Outils de d\u00e9molition<\/a><\/h2>\n<ul>\n<li>Outils de construction et de d\u00e9molition l\u00e9gers et portatifs<\/li>\n<\/ul>\n<\/div><div class=\"fusion-text fusion-text-4\"><h3>Histoire de l\u2018entreprise<\/h3>\n<p>Atlas Copco peut s\u2018appuyer sur une longue et riche<a href=\"https:\/\/fr.wikipedia.org\/wiki\/Atlas_Copco\" target=\"_blank\" rel=\"noopener\"> histoire<\/a> . L\u2018entreprise a \u00e9t\u00e9 fond\u00e9e en 1873 \u00e0 Stockholm. Au d\u00e9but, ce sont principalement des accessoires ferroviaires qui ont \u00e9t\u00e9 fabriqu\u00e9s et vendus.<\/p>\n<h3>D\u00e9veloppement de l\u2018entreprise<\/h3>\n<p>Au cours des derni\u00e8res ann\u00e9es, des fabricants aussi connus que Krupp Berco Bautechnik (Marteaux hydrauliques de d\u00e9molition et cisailles \u00e0 b\u00e9ton) ainsi que l\u2018entreprise Irmer + Elze Kompressoren GmbH, ont \u00e9t\u00e9 int\u00e9gr\u00e9es au groupe. Une des plus grosses acquisitions a \u00e9t\u00e9 Ingersoll Rand \u2013 Drilling and Tunneling. Les machines ont \u00e9t\u00e9 commercialis\u00e9es sous le nom d\u2018Atlas Copco.<\/p>\n<p>Au d\u00e9but de l\u2018ann\u00e9e 2017, le domaine englobant les <em><strong>machines de construction routi\u00e8re , les finisseurs d\u2018asphalte, les fraises, les engins de terrassement et les compacteurs de la marque <a href=\"https:\/\/www.ime-gmbh.com\/fr\/pieces-de-rechange\/fabricants\/dynapac-pieces-de-rechange\/\">Dynapac<\/a><\/strong><\/em>, a \u00e9t\u00e9 vendu au groupe fran\u00e7ais<em><strong> FAYAT<\/strong><\/em> (voir \u00e9galement <a href=\"https:\/\/www.ime-gmbh.com\/fr\/pieces-de-rechange\/fabricants\/bomag-marini-fayat-pieces-de-rechange\/\"><em><strong>Bomag \/ Marini \u2013 Groupe Fayat<\/strong><\/em><\/a>).<\/p>\n<p>Depuis mi-2017, le domaine de l\u2018<em><strong>air comprim\u00e9\u00a0 (techniques de compression), de l\u2018\u00e9nergie (y compris la lumi\u00e8re) et le traitement des fluides<\/strong><\/em> s\u2018appelle <em><strong>Power Technique.<\/strong><\/em><\/p>\n<p>Le secteur d\u2018activit\u00e9 qui avait pris en charge la distribution de <em><strong>machines de compactage l\u00e9g\u00e8res et de traitement du b\u00e9ton<\/strong><\/em>, <em><strong>a \u00e9t\u00e9 vendu \u00e0 la fin de l\u2018ann\u00e9e 2017.<\/strong><\/em><\/p>\n<p>Au milieu de l\u2018ann\u00e9e 2018, le secteur des <em><strong>outils de d\u00e9moliton et des engins miniers<\/strong><\/em> a \u00e9t\u00e9 d\u00e9membr\u00e9 et op\u00e8re aujourd\u2018hui sous le nom d\u2018<a href=\"https:\/\/www.ime-gmbh.com\/fr\/pieces-de-rechange\/fabricants\/pieces-de-rechange-epiroc\/\"><em><strong>Epiroc<\/strong><\/em><\/a>.<\/p>\n<h3>Si\u00e8ge de l\u2018entreprise et r\u00e9seau de distribution<\/h3>\n<p>Le si\u00e8ge du groupe Atlas Copco se situe en Su\u00e8de. Depuis 1952, l\u2018entreprise est \u00e9galement repr\u00e9sent\u00e9e en Allemagne. Sur le site d\u2018Essen, on trouve plusieurs unit\u00e9s de production (Atlas Copco Holding GmbH) et des filiales commerciales d\u2018 Atlas Copco Deutschland GmbH. L\u2018entreprise poss\u00e8de de nombreuses succursales\u00a0 et des concessions r\u00e9parties \u00e0 travers le monde, dans 180 pays.<\/p>\n<h3>Catalogue de livraison<\/h3>\n<p>Atlas Copco en Allemagne s\u2018est sp\u00e9cialis\u00e9 dans la fabrication, la distribution et le service apr\u00e8s vente\u00a0de produits destin\u00e9s \u00e0 la compression du gaz et de l\u2018air, de g\u00e9n\u00e9rateurs,\u00a0d\u2018outillage industriel et de montage li\u00e9s aux techniques du vide.<\/p>\n<p>Voici les familles et les types de produits:<\/p>\n<p><strong>Compresseurs de chantier mobiles<\/strong><\/p>\n<ul>\n<li>XA (T, H) S 37-97 (ancienne g\u00e9n\u00e9ration)<\/li>\n<li>XAS 38-88 avec g\u00e9n\u00e9rateur int\u00e9gr\u00e9 (g\u00e9n\u00e9ration actuelle et nouvelle g\u00e9n\u00e9ration)<\/li>\n<li>XATS 138 PACE (avec la technologie de r\u00e9glage de pression)<\/li>\n<li>XATS 186, XAVS 186 (avec plusieurs possibilit\u00e9s de r\u00e9glage de pression et de courant \u00e9lectrique)<\/li>\n<\/ul>\n<p><strong>G\u00e9n\u00e9rateurs<\/strong><\/p>\n<ul>\n<li>QAS 60, QAS 80, QAS 100<\/li>\n<\/ul>\n<p><strong>Pompes de drainage (\u00e9lectriques)<\/strong><\/p>\n<ul>\n<li>WEDA 30 \u2013 100<\/li>\n<\/ul>\n<p><strong>Marteaux pneumatiques<\/strong><\/p>\n<ul>\n<li>TEX 140 \u2013 TEX 21 \u2013 Marteaux brise-roches l\u00e9gers et pneumatiques<\/li>\n<\/ul>\n<\/div><\/div><\/div><\/div><\/div>\n","protected":false},"excerpt":{"rendered":"","protected":false},"author":2,"featured_media":0,"parent":3017,"menu_order":0,"comment_status":"closed","ping_status":"closed","template":"","meta":{"footnotes":""},"class_list":["post-6359","page","type-page","status-publish","hentry"],"_links":{"self":[{"href":"https:\/\/www.ime-gmbh.com\/fr\/wp-json\/wp\/v2\/pages\/6359","targetHints":{"allow":["GET"]}}],"collection":[{"href":"https:\/\/www.ime-gmbh.com\/fr\/wp-json\/wp\/v2\/pages"}],"about":[{"href":"https:\/\/www.ime-gmbh.com\/fr\/wp-json\/wp\/v2\/types\/page"}],"author":[{"embeddable":true,"href":"https:\/\/www.ime-gmbh.com\/fr\/wp-json\/wp\/v2\/users\/2"}],"replies":[{"embeddable":true,"href":"https:\/\/www.ime-gmbh.com\/fr\/wp-json\/wp\/v2\/comments?post=6359"}],"version-history":[{"count":15,"href":"https:\/\/www.ime-gmbh.com\/fr\/wp-json\/wp\/v2\/pages\/6359\/revisions"}],"predecessor-version":[{"id":22019,"href":"https:\/\/www.ime-gmbh.com\/fr\/wp-json\/wp\/v2\/pages\/6359\/revisions\/22019"}],"up":[{"embeddable":true,"href":"https:\/\/www.ime-gmbh.com\/fr\/wp-json\/wp\/v2\/pages\/3017"}],"wp:attachment":[{"href":"https:\/\/www.ime-gmbh.com\/fr\/wp-json\/wp\/v2\/media?parent=6359"}],"curies":[{"name":"wp","href":"https:\/\/api.w.org\/{rel}","templated":true}]}}