{"id":4739,"date":"2017-05-18T16:34:36","date_gmt":"2017-05-18T14:34:36","guid":{"rendered":"https:\/\/www.ime-gmbh.com\/?page_id=4739\/"},"modified":"2023-11-17T13:16:13","modified_gmt":"2023-11-17T12:16:13","slug":"kobelco-spare-parts","status":"publish","type":"page","link":"https:\/\/www.ime-gmbh.com\/fr\/pieces-de-rechange\/fabricants\/kobelco-spare-parts\/","title":{"rendered":"KOBELCO CONSTRUCTION MACHINERY EUROPE B.V."},"content":{"rendered":"<div class=\"fusion-fullwidth fullwidth-box fusion-builder-row-1 fusion-flex-container has-pattern-background has-mask-background hundred-percent-fullwidth non-hundred-percent-height-scrolling\" style=\"--awb-border-radius-top-left:0px;--awb-border-radius-top-right:0px;--awb-border-radius-bottom-right:0px;--awb-border-radius-bottom-left:0px;--awb-overflow:visible;--awb-flex-wrap:wrap;\" ><div class=\"fusion-builder-row fusion-row fusion-flex-align-items-center fusion-flex-justify-content-center fusion-flex-content-wrap\" style=\"width:104% !important;max-width:104% !important;margin-left: calc(-4% \/ 2 );margin-right: calc(-4% \/ 2 );\"><div class=\"fusion-layout-column fusion_builder_column fusion-builder-column-0 fusion_builder_column_5_6 5_6 fusion-flex-column fusion-flex-align-self-flex-start fusion-column-no-min-height\" style=\"--awb-bg-size:cover;--awb-width-large:83.333333333333%;--awb-margin-top-large:0px;--awb-spacing-right-large:2.304%;--awb-margin-bottom-large:0px;--awb-spacing-left-large:2.304%;--awb-width-medium:100%;--awb-spacing-right-medium:1.92%;--awb-spacing-left-medium:1.92%;--awb-width-small:100%;--awb-spacing-right-small:1.92%;--awb-spacing-left-small:1.92%;\"><div class=\"fusion-column-wrapper fusion-flex-justify-content-flex-start fusion-content-layout-column\"><div class=\"fusion-text fusion-text-1\"><h2 style=\"text-align: left;\">Pi\u00e8ces de rechange KOBELCO<\/h2>\n<\/div><\/div><\/div><div class=\"fusion-layout-column fusion_builder_column fusion-builder-column-1 fusion_builder_column_2_5 2_5 fusion-flex-column\" style=\"--awb-bg-size:cover;--awb-width-large:40%;--awb-margin-top-large:0px;--awb-spacing-right-large:3.2%;--awb-margin-bottom-large:20px;--awb-spacing-left-large:4.8%;--awb-width-medium:100%;--awb-spacing-right-medium:1.92%;--awb-spacing-left-medium:1.92%;--awb-width-small:100%;--awb-spacing-right-small:1.92%;--awb-spacing-left-small:1.92%;\"><div class=\"fusion-column-wrapper fusion-flex-justify-content-flex-start fusion-content-layout-column\"><div class=\"fusion-image-element \" style=\"--awb-caption-title-font-family:var(--h2_typography-font-family);--awb-caption-title-font-weight:var(--h2_typography-font-weight);--awb-caption-title-font-style:var(--h2_typography-font-style);--awb-caption-title-size:var(--h2_typography-font-size);--awb-caption-title-transform:var(--h2_typography-text-transform);--awb-caption-title-line-height:var(--h2_typography-line-height);--awb-caption-title-letter-spacing:var(--h2_typography-letter-spacing);\"><span class=\" fusion-imageframe imageframe-dropshadow imageframe-1 hover-type-none\" style=\"border:5px solid #ffffff;-webkit-box-shadow: 3px 3px 7px rgba(0,0,0,0.3);box-shadow: 3px 3px 7px rgba(0,0,0,0.3);\"><img decoding=\"async\" width=\"300\" height=\"200\" title=\"Pelle Kobelco\" src=\"https:\/\/www.ime-gmbh.com\/wp-content\/uploads\/2018\/08\/Kobelco-Bagger-2-300x200.jpg\" alt class=\"img-responsive wp-image-7298\" srcset=\"https:\/\/www.ime-gmbh.com\/wp-content\/uploads\/2018\/08\/Kobelco-Bagger-2-200x133.jpg 200w, https:\/\/www.ime-gmbh.com\/wp-content\/uploads\/2018\/08\/Kobelco-Bagger-2-400x267.jpg 400w, https:\/\/www.ime-gmbh.com\/wp-content\/uploads\/2018\/08\/Kobelco-Bagger-2-600x400.jpg 600w, https:\/\/www.ime-gmbh.com\/wp-content\/uploads\/2018\/08\/Kobelco-Bagger-2-800x534.jpg 800w, https:\/\/www.ime-gmbh.com\/wp-content\/uploads\/2018\/08\/Kobelco-Bagger-2.jpg 847w\" sizes=\"(max-width: 1024px) 100vw, (max-width: 640px) 100vw, (max-width: 1919px) 800px,(min-width: 1920px) 40vw\" \/><\/span><\/div><\/div><\/div><div class=\"fusion-layout-column fusion_builder_column fusion-builder-column-2 fusion_builder_column_2_5 2_5 fusion-flex-column\" style=\"--awb-bg-size:cover;--awb-width-large:40%;--awb-margin-top-large:0px;--awb-spacing-right-large:3.2%;--awb-margin-bottom-large:20px;--awb-spacing-left-large:4.8%;--awb-width-medium:100%;--awb-spacing-right-medium:1.92%;--awb-spacing-left-medium:1.92%;--awb-width-small:100%;--awb-spacing-right-small:1.92%;--awb-spacing-left-small:1.92%;\"><div class=\"fusion-column-wrapper fusion-flex-justify-content-flex-start fusion-content-layout-column\"><\/div><\/div><div class=\"fusion-layout-column fusion_builder_column fusion-builder-column-3 fusion_builder_column_5_6 5_6 fusion-flex-column fusion-flex-align-self-flex-start fusion-column-no-min-height\" style=\"--awb-bg-size:cover;--awb-width-large:83.333333333333%;--awb-margin-top-large:0px;--awb-spacing-right-large:2.304%;--awb-margin-bottom-large:0px;--awb-spacing-left-large:2.304%;--awb-width-medium:100%;--awb-spacing-right-medium:1.92%;--awb-spacing-left-medium:1.92%;--awb-width-small:100%;--awb-spacing-right-small:1.92%;--awb-spacing-left-small:1.92%;\"><div class=\"fusion-column-wrapper fusion-flex-justify-content-flex-start fusion-content-layout-column\"><div class=\"fusion-text fusion-text-2\"><h2>Nous livrons dans le monde entier des pi\u00e8ces de rechange pour :<\/h2>\n<ul>\n<li>\n<h3><a href=\"https:\/\/www.ime-gmbh.com\/fr\/pieces-de-rechange\/pieces-de-rechange-pour-lequipement-de-terrassement\/\">\u00c9quipement de terrassement<\/a><\/h3>\n<ul>\n<li>Pelles KOBELCO<\/li>\n<\/ul>\n<\/li>\n<\/ul>\n<\/div><div class=\"fusion-text fusion-text-3\"><h2 id=\"form\">Demande de renseignements<\/h2>\n\n<div class=\"wpcf7 no-js\" id=\"wpcf7-f693-o1\" lang=\"de-DE\" dir=\"ltr\" data-wpcf7-id=\"693\">\n<div class=\"screen-reader-response\"><p role=\"status\" aria-live=\"polite\" aria-atomic=\"true\"><\/p> <ul><\/ul><\/div>\n<form action=\"\/fr\/wp-json\/wp\/v2\/pages\/4739#wpcf7-f693-o1\" method=\"post\" class=\"wpcf7-form init\" aria-label=\"Kontaktformular\" novalidate=\"novalidate\" data-status=\"init\">\n<fieldset class=\"hidden-fields-container\"><input type=\"hidden\" name=\"_wpcf7\" value=\"693\" \/><input type=\"hidden\" name=\"_wpcf7_version\" value=\"6.1.5\" \/><input type=\"hidden\" name=\"_wpcf7_locale\" value=\"de_DE\" \/><input type=\"hidden\" name=\"_wpcf7_unit_tag\" value=\"wpcf7-f693-o1\" \/><input type=\"hidden\" name=\"_wpcf7_container_post\" value=\"0\" \/><input type=\"hidden\" name=\"_wpcf7_posted_data_hash\" value=\"\" \/>\n<\/fieldset>\n<div style=\"float: left; width: 48%;\">\n\t<p>Pr\u00e9nom\n\t<\/p>\n\t<p><span class=\"wpcf7-form-control-wrap\" data-name=\"Vorname\"><input size=\"40\" maxlength=\"400\" class=\"wpcf7-form-control wpcf7-text\" aria-invalid=\"false\" value=\"\" type=\"text\" name=\"Vorname\" \/><\/span>\n\t<\/p>\n<\/div>\n<div style=\"margin-left: 52%; width: 48%;\">\n\t<p>Nom\n\t<\/p>\n\t<p><span class=\"wpcf7-form-control-wrap\" data-name=\"Nachname\"><input size=\"40\" maxlength=\"400\" class=\"wpcf7-form-control wpcf7-text wpcf7-validates-as-required\" aria-required=\"true\" aria-invalid=\"false\" value=\"\" type=\"text\" name=\"Nachname\" \/><\/span>\n\t<\/p>\n<\/div>\n<div style=\"float: left; width: 100%; margin-bottom: 20px;\">\n\t<p>Nom de l'entreprise\n\t<\/p>\n\t<p><span class=\"wpcf7-form-control-wrap\" data-name=\"Firmenname\"><input size=\"40\" maxlength=\"400\" class=\"wpcf7-form-control wpcf7-text wpcf7-validates-as-required\" aria-required=\"true\" aria-invalid=\"false\" value=\"\" type=\"text\" name=\"Firmenname\" \/><\/span>\n\t<\/p>\n<\/div>\n<div style=\"float: left; width: 100%; margin-bottom: 20px;\">\n\t<p>Rue\n\t<\/p>\n\t<p><span class=\"wpcf7-form-control-wrap\" data-name=\"Strasse\"><input size=\"40\" maxlength=\"400\" class=\"wpcf7-form-control wpcf7-text\" aria-invalid=\"false\" value=\"\" type=\"text\" name=\"Strasse\" \/><\/span>\n\t<\/p>\n<\/div>\n<div style=\"float: left; width: 48%;\">\n\t<p>Code postal\n\t<\/p>\n\t<p><span class=\"wpcf7-form-control-wrap\" data-name=\"PLZ\"><input size=\"40\" maxlength=\"400\" class=\"wpcf7-form-control wpcf7-text\" aria-invalid=\"false\" value=\"\" type=\"text\" name=\"PLZ\" \/><\/span>\n\t<\/p>\n<\/div>\n<div style=\"margin-left: 52%; width: 48%;\">\n\t<p>Ville\n\t<\/p>\n\t<p><span class=\"wpcf7-form-control-wrap\" data-name=\"Ort\"><input size=\"40\" maxlength=\"400\" class=\"wpcf7-form-control wpcf7-text wpcf7-validates-as-required\" aria-required=\"true\" aria-invalid=\"false\" value=\"\" type=\"text\" name=\"Ort\" \/><\/span>\n\t<\/p>\n<\/div>\n<div style=\"float: left; width: 100%; margin-bottom: 20px;\">\n\t<p>Pays\n\t<\/p>\n\t<p><span class=\"wpcf7-form-control-wrap\" data-name=\"Land\"><input size=\"40\" maxlength=\"400\" class=\"wpcf7-form-control wpcf7-text wpcf7-validates-as-required\" aria-required=\"true\" aria-invalid=\"false\" value=\"\" type=\"text\" name=\"Land\" \/><\/span>\n\t<\/p>\n<\/div>\n<div style=\"float: left; width: 48%;\">\n\t<p>Adresse e-mail*\n\t<\/p>\n\t<p><span class=\"wpcf7-form-control-wrap\" data-name=\"E-Mail\"><input size=\"40\" maxlength=\"400\" class=\"wpcf7-form-control wpcf7-email wpcf7-validates-as-required wpcf7-text wpcf7-validates-as-email\" aria-required=\"true\" aria-invalid=\"false\" value=\"\" type=\"email\" name=\"E-Mail\" \/><\/span>\n\t<\/p>\n<\/div>\n<div style=\"margin-left: 52%; width: 48%;\">\n\t<p>No. de t\u00e9l\u00e9phone\n\t<\/p>\n\t<p><span class=\"wpcf7-form-control-wrap\" data-name=\"phonetext-907\"><input size=\"40\" class=\"wpcf7-form-control wpcf7-phonetext wpcf7-text wpcf7-validates-as-phonetext\" aria-invalid=\"false\" value=\"\" type=\"text\" name=\"phonetext-907\" \/><input type=\"hidden\" name=\"phonetext-907-country-code\" class=\"wpcf7-phonetext-country-code\" \/><\/span>\n\t<\/p>\n<\/div>\n<div style=\"float: left; width: 100%; margin-bottom: 20px;\">\n\t<p>Fabricant\n\t<\/p>\n\t<p><span class=\"wpcf7-form-control-wrap\" data-name=\"Hersteller\"><input size=\"40\" maxlength=\"400\" class=\"wpcf7-form-control wpcf7-text wpcf7-validates-as-required\" aria-required=\"true\" aria-invalid=\"false\" value=\"\" type=\"text\" name=\"Hersteller\" \/><\/span>\n\t<\/p>\n<\/div>\n<div style=\"float: left; width: 100%; margin-bottom: 20px;\">\n\t<p>Type de la machine\n\t<\/p>\n\t<p><span class=\"wpcf7-form-control-wrap\" data-name=\"Typenbezeichnung\"><input size=\"40\" maxlength=\"400\" class=\"wpcf7-form-control wpcf7-text\" aria-invalid=\"false\" value=\"\" type=\"text\" name=\"Typenbezeichnung\" \/><\/span>\n\t<\/p>\n<\/div>\n<div style=\"float: left; width: 100%; margin-bottom: 20px;\">\n\t<p>No. de s\u00e9rie de la machine\n\t<\/p>\n\t<p><span class=\"wpcf7-form-control-wrap\" data-name=\"Seriennummer\"><input size=\"40\" maxlength=\"400\" class=\"wpcf7-form-control wpcf7-text\" aria-invalid=\"false\" value=\"\" type=\"text\" name=\"Seriennummer\" \/><\/span>\n\t<\/p>\n<\/div>\n<div style=\"float: left; width: 48%;\">\n\t<p>No. de la pi\u00e8ce d\u00e9tach\u00e9e\n\t<\/p>\n\t<p><span class=\"wpcf7-form-control-wrap\" data-name=\"Ersatzteilnummer\"><input size=\"40\" maxlength=\"400\" class=\"wpcf7-form-control wpcf7-text\" aria-invalid=\"false\" value=\"\" type=\"text\" name=\"Ersatzteilnummer\" \/><\/span>\n\t<\/p>\n<\/div>\n<div style=\"margin-left: 52%; width: 48%;\">\n\t<p>Quantit\u00e9<br \/>\n<span class=\"wpcf7-form-control-wrap\" data-name=\"Menge\"><input size=\"40\" maxlength=\"400\" class=\"wpcf7-form-control wpcf7-text\" aria-invalid=\"false\" value=\"\" type=\"text\" name=\"Menge\" \/><\/span>\n\t<\/p>\n<\/div>\n<div style=\"float: left; width: 100%; margin-bottom: 20px;\">\n\t<p>Message\n\t<\/p>\n\t<p><span class=\"wpcf7-form-control-wrap\" data-name=\"your-message\"><textarea cols=\"40\" rows=\"10\" maxlength=\"2000\" class=\"wpcf7-form-control wpcf7-textarea\" aria-invalid=\"false\" name=\"your-message\"><\/textarea><\/span>\n\t<\/p>\n<\/div>\n<p><span class=\"wpcf7-form-control-wrap kc_captcha\" data-name=\"kc_captcha\"><span class=\"wpcf7-form-control wpcf7-radio\"><span class=\"captcha-image\" ><span class=\"cf7ic_instructions\">Bitte beweise, dass du kein Spambot bist und w\u00e4hle das Symbol<span> Baum<\/span>.<\/span><label><input aria-label=\"1\" type=\"radio\" name=\"kc_captcha\" value=\"bot\" \/><svg aria-hidden=\"true\" role=\"img\" xmlns=\"http:\/\/www.w3.org\/2000\/svg\" viewBox=\"0 0 576 512\"><path fill=\"currentColor\" d=\"M259 18l-65 132-146 22c-26 3-37 36-18 54l106 103-25 146c-5 26 23 46 46 33l131-68 131 68c23 13 51-7 46-33l-25-146 106-103c19-18 8-51-18-54l-146-22-65-132a32 32 0 00-58 0z\"\/><\/svg><\/label><label><input aria-label=\"2\" type=\"radio\" name=\"kc_captcha\" value=\"bot\" \/><svg aria-hidden=\"true\" role=\"img\" xmlns=\"http:\/\/www.w3.org\/2000\/svg\" viewBox=\"0 0 512 512\"><path fill=\"currentColor\" d=\"M500 168h-55l-8-21a127 127 0 00-120-83H195a127 127 0 00-120 83l-8 21H12c-8 0-14 8-11 16l8 24a12 12 0 0011 8h29a64 64 0 00-33 56v48c0 16 6 31 16 42v62c0 13 11 24 24 24h48c13 0 24-11 24-24v-40h256v40c0 13 11 24 24 24h48c13 0 24-11 24-24v-62c10-11 16-26 16-42v-48c0-24-13-45-33-56h29a12 12 0 0011-8l8-24c3-8-3-16-11-16zm-365 2c9-25 33-42 60-42h122c27 0 51 17 60 42l15 38H120l15-38zM88 328a32 32 0 010-64c18 0 48 30 48 48s-30 16-48 16zm336 0c-18 0-48 2-48-16s30-48 48-48 32 14 32 32-14 32-32 32z\"\/><\/svg><\/label><label><input aria-label=\"3\" type=\"radio\" name=\"kc_captcha\" value=\"kc_human\" \/><svg aria-hidden=\"true\" role=\"img\" xmlns=\"http:\/\/www.w3.org\/2000\/svg\" viewBox=\"0 0 384 512\"><path fill=\"currentColor\" d=\"M377 375l-83-87h34c21 0 32-25 17-40l-82-88h33c21 0 32-25 18-40L210 8c-10-11-26-11-36 0L70 120c-14 15-3 40 18 40h33l-82 88c-15 15-4 40 17 40h34L7 375c-15 16-4 41 17 41h120c0 33-11 49-34 68-12 9-5 28 10 28h144c15 0 22-19 10-28-20-16-34-32-34-68h120c21 0 32-25 17-41z\"\/><\/svg><\/label>\r\n    <\/span>\r\n    <span style=\"display:none\">\r\n        <input type=\"text\" name=\"kc_honeypot\">\r\n    <\/span><\/span><\/span>\n<\/p>\n<p><input class=\"wpcf7-form-control wpcf7-submit has-spinner\" type=\"submit\" value=\"Envoyer\" \/>\n<\/p>\n<p>Remarque: Les champs marqu\u00e9s par une * doivent \u00eatre remplis afin que nous puissions traiter votre demande.\n<\/p><div class=\"fusion-alert alert custom alert-custom fusion-alert-center wpcf7-response-output fusion-alert-capitalize awb-alert-native-link-color alert-dismissable awb-alert-close-boxed\" style=\"--awb-border-top-left-radius:0px;--awb-border-top-right-radius:0px;--awb-border-bottom-left-radius:0px;--awb-border-bottom-right-radius:0px;\" role=\"alert\"><div class=\"fusion-alert-content-wrapper\"><span class=\"fusion-alert-content\"><\/span><\/div><button type=\"button\" class=\"close toggle-alert\" data-dismiss=\"alert\" aria-label=\"Close\">&times;<\/button><\/div>\n<\/form>\n<\/div>\n\n<\/div><div class=\"fusion-text fusion-text-4\"><div class=\"fusion-text fusion-text-4\">\n<h2><strong>Excavatrices Kobelco\u00a0: performances pr\u00e9cises dans diverses applications <\/strong><\/h2>\n<p>Kobelco, en tant que fabricant renomm\u00e9 de machines de construction, s&rsquo;est fait un nom pour ses solutions de pelles innovantes et puissantes. La large gamme de pelles Kobelco comprend des pelles \u00e0 godets, des pelles de d\u00e9molition, des pelles de recyclage, des mini-pelles sur chenilles et des pelles sur chenilles, qui sont utilis\u00e9es dans divers projets de construction dans le monde entier. Voici quelques points saillants sur les diff\u00e9rents types\u00a0:<\/p>\n<p><strong><em>Pelle-pelle\u00a0: un instrument de terrassement efficace <\/em><\/strong><\/p>\n<p>Les pelles \u00e0 godets Kobelco sont des machines polyvalentes id\u00e9ales pour une utilisation dans les projets de terrassement. Avec diff\u00e9rentes tailles et configurations, ils permettent une manipulation efficace de mat\u00e9riaux tels que la terre, le gravier et les gravats. Les pelles \u00e0 godets Kobelco sont con\u00e7ues pour effectuer des excavations pr\u00e9cises et puissantes, offrant ainsi une solution fiable pour un large \u00e9ventail de besoins de construction.<\/p>\n<p><strong><em>Pelle de d\u00e9molition : un d\u00e9montage pr\u00e9cis et s\u00e9curis\u00e9 <\/em><\/strong><\/p>\n<p>Les pelles de d\u00e9molition Kobelco se caract\u00e9risent par leur robustesse et leur pr\u00e9cision. Dot\u00e9s d&rsquo;accessoires sp\u00e9ciaux et de technologies avanc\u00e9es, ils sont id\u00e9aux pour le d\u00e9mant\u00e8lement contr\u00f4l\u00e9 de b\u00e2timents et de structures. Les pelles de d\u00e9molition Kobelco offrent un contr\u00f4le pr\u00e9cis et une grande stabilit\u00e9 pour garantir que les travaux de d\u00e9molition peuvent \u00eatre effectu\u00e9s en toute s\u00e9curit\u00e9 et efficacement.<\/p>\n<p><strong><em>Pelle de recyclage : traitement des mat\u00e9riaux respectueux de l&rsquo;environnement <\/em><\/strong><\/p>\n<p>Les pelles de recyclage Kobelco sont sp\u00e9cialis\u00e9es dans le traitement des d\u00e9chets et le recyclage des mat\u00e9riaux. Dot\u00e9s d&rsquo;accessoires sp\u00e9ciaux, ils permettent le tri et le traitement efficaces des mat\u00e9riaux recycl\u00e9s. Les pelles de recyclage Kobelco aident \u00e0 conserver les ressources et \u00e0 r\u00e9utiliser les d\u00e9chets de mani\u00e8re respectueuse de l&rsquo;environnement.<\/p>\n<p><strong><em>Mini-pelles sur chenilles : performances compactes, grande polyvalence <\/em><\/strong><\/p>\n<p>Les mini-pelles sur chenilles Kobelco sont des machines compactes qui offrent des performances impressionnantes malgr\u00e9 leur taille. Id\u00e9als pour travailler sur des chantiers confin\u00e9s, ils offrent une grande maniabilit\u00e9 et pr\u00e9cision. Les mini-pelles sur chenilles Kobelco sont des outils polyvalents particuli\u00e8rement adapt\u00e9s aux projets d&rsquo;am\u00e9nagement paysager, de g\u00e9nie civil et autres petits projets.<\/p>\n<p><strong><em>Pelles sur chenilles : des machines puissantes pour des projets exigeants <\/em><\/strong><\/p>\n<p>Les pelles sur chenilles Kobelco repr\u00e9sentent des machines puissantes con\u00e7ues pour des projets de construction exigeants. Alliant puissance et pr\u00e9cision, ils permettent le d\u00e9placement efficace de grandes quantit\u00e9s de mat\u00e9riaux sur une grande vari\u00e9t\u00e9 de terrains. Les pelles sur chenilles Kobelco sont con\u00e7ues pour des performances et une fiabilit\u00e9 maximales.<\/p>\n<h3>Informations sur la soci\u00e9t\u00e9<\/h3>\n<p><strong>Kobelco Construction Machinery Europe BV, <\/strong>bas\u00e9e \u00e0 Almere aux Pays-Bas, est une filiale de Kobelco Construction Machinery Co. Ltd. Japon. Cette soci\u00e9t\u00e9, quant \u00e0 elle, appartient au groupe japonais Kobe Steel Ltd. Il existe des filiales et des installations de production pour les excavatrices et les grues Kobelco dans le monde entier.<\/p>\n<p>Kobe Steel a produit la premi\u00e8re machine de construction destin\u00e9e au march\u00e9 japonais d\u00e8s 1930. Il s\u2019agissait de la pelle-pelle \u00e9lectrique 50K.<\/p>\n<p>Aujourd&rsquo;hui, la gamme de produits de Kobelco Construction Machinery comprend des pelles sur chenilles conventionnelles, des pelles de d\u00e9molition, des pelles de recyclage, des mini-pelles sur chenilles et des pelles de la s\u00e9rie SR. Mais Kobelco produit et commercialise \u00e9galement diff\u00e9rents types de grues des s\u00e9ries CKE-G, CKS, SL S et BMS.<\/p>\n<p>En 2005, une coentreprise a \u00e9t\u00e9 cr\u00e9\u00e9e avec l&rsquo;actuel groupe CNH Industrial pour produire des machines de construction destin\u00e9es \u00e0 la vente en Europe et en Am\u00e9rique du Nord. L&rsquo;entreprise est sp\u00e9cialis\u00e9e dans la production de pelles sur chenilles (1 \u00e0 50 tonnes).<\/p>\n<p>La premi\u00e8re <strong>mini-pelle Kobelco SK 55 SRX <\/strong>dot\u00e9e de la technologie iNDr a \u00e9t\u00e9 commercialis\u00e9e en Europe mi-2014. Il s&rsquo;agit d&rsquo;une mini-pelle avec filtre \u00e0 poussi\u00e8re int\u00e9gr\u00e9 et syst\u00e8me de refroidissement moteur unique. Cette combinaison entra\u00eene une \u00e9norme r\u00e9duction de la poussi\u00e8re et du bruit. Ces avantages rendent le SK 55 SRX particuli\u00e8rement attractif pour une utilisation en ville.<\/p>\n<p>Vous pouvez vous procurer des pi\u00e8ces de rechange Kobelco pour excavatrices de mani\u00e8re fiable aupr\u00e8s de la soci\u00e9t\u00e9 IME-GmbH de Wedemark pr\u00e8s de Hanovre. Gr\u00e2ce \u00e0 une ligne directe avec le centre de pi\u00e8ces de rechange d&rsquo;Almere, nos collaborateurs peuvent traiter rapidement vos questions et demandes concernant les pi\u00e8ces de rechange. Appelez-nous ou envoyez-nous un e-mail. <a href=\"mailto:ime@ime-gmbh.com\">ime@ime-gmbh.com <\/a>.<\/p>\n<h3>IME fournit des pi\u00e8ces d\u00e9tach\u00e9es Kobelco pour tous les mod\u00e8les tels que :<\/h3>\n<h4>Mini-pelles (1 \u00e0 6 tonnes)<\/h4>\n<p>SK 08, SK 10 SR-2, SK 17 SR-3, SK 27 SR-5, SK 35 SR-6, SK 45 SRX-6, SK55 SRX- <strong>6 <\/strong><\/p>\n<h4>Pelle sur chenilles \u00e0 queue courte s\u00e9rie SR<\/h4>\n<p>SK85 MSR-3<\/p>\n<h4>Pelle sur chenilles \u00e0 queue courte s\u00e9rie ED<\/h4>\n<p>Coureur de lame ED160-5<\/p>\n<h4>Pelles sur chenilles (18 \u2013 50 tonnes)<\/h4>\n<p>SK 850 LC<\/p>\n<h4>Pelles de d\u00e9molition et de recyclage<\/h4>\n<p>SK 210 D-10, SK 210 D-9<\/p>\n<\/div>\n<\/div><\/div><\/div><\/div><\/div>\n","protected":false},"excerpt":{"rendered":"","protected":false},"author":2,"featured_media":0,"parent":3017,"menu_order":0,"comment_status":"closed","ping_status":"closed","template":"","meta":{"footnotes":""},"class_list":["post-4739","page","type-page","status-publish","hentry"],"_links":{"self":[{"href":"https:\/\/www.ime-gmbh.com\/fr\/wp-json\/wp\/v2\/pages\/4739","targetHints":{"allow":["GET"]}}],"collection":[{"href":"https:\/\/www.ime-gmbh.com\/fr\/wp-json\/wp\/v2\/pages"}],"about":[{"href":"https:\/\/www.ime-gmbh.com\/fr\/wp-json\/wp\/v2\/types\/page"}],"author":[{"embeddable":true,"href":"https:\/\/www.ime-gmbh.com\/fr\/wp-json\/wp\/v2\/users\/2"}],"replies":[{"embeddable":true,"href":"https:\/\/www.ime-gmbh.com\/fr\/wp-json\/wp\/v2\/comments?post=4739"}],"version-history":[{"count":9,"href":"https:\/\/www.ime-gmbh.com\/fr\/wp-json\/wp\/v2\/pages\/4739\/revisions"}],"predecessor-version":[{"id":26196,"href":"https:\/\/www.ime-gmbh.com\/fr\/wp-json\/wp\/v2\/pages\/4739\/revisions\/26196"}],"up":[{"embeddable":true,"href":"https:\/\/www.ime-gmbh.com\/fr\/wp-json\/wp\/v2\/pages\/3017"}],"wp:attachment":[{"href":"https:\/\/www.ime-gmbh.com\/fr\/wp-json\/wp\/v2\/media?parent=4739"}],"curies":[{"name":"wp","href":"https:\/\/api.w.org\/{rel}","templated":true}]}}