{"id":3280,"date":"2016-12-15T10:23:59","date_gmt":"2016-12-15T09:23:59","guid":{"rendered":"https:\/\/www.ime-gmbh.com\/?page_id=3280\/"},"modified":"2023-11-20T16:40:07","modified_gmt":"2023-11-20T15:40:07","slug":"fiat-hitachi-cnh-pieces-de-rechange","status":"publish","type":"page","link":"https:\/\/www.ime-gmbh.com\/fr\/pieces-de-rechange\/fabricants\/fiat-hitachi-cnh-pieces-de-rechange\/","title":{"rendered":"Fiat-Hitachi &#8211; CNH"},"content":{"rendered":"<div class=\"fusion-fullwidth fullwidth-box fusion-builder-row-1 fusion-flex-container has-pattern-background has-mask-background hundred-percent-fullwidth non-hundred-percent-height-scrolling\" style=\"--awb-border-radius-top-left:0px;--awb-border-radius-top-right:0px;--awb-border-radius-bottom-right:0px;--awb-border-radius-bottom-left:0px;--awb-overflow:visible;--awb-flex-wrap:wrap;\" ><div class=\"fusion-builder-row fusion-row fusion-flex-align-items-center fusion-flex-justify-content-center fusion-flex-content-wrap\" style=\"width:104% !important;max-width:104% !important;margin-left: calc(-4% \/ 2 );margin-right: calc(-4% \/ 2 );\"><div class=\"fusion-layout-column fusion_builder_column fusion-builder-column-0 fusion_builder_column_5_6 5_6 fusion-flex-column fusion-flex-align-self-flex-start fusion-column-no-min-height\" style=\"--awb-bg-size:cover;--awb-width-large:83.333333333333%;--awb-margin-top-large:0px;--awb-spacing-right-large:2.304%;--awb-margin-bottom-large:0px;--awb-spacing-left-large:2.304%;--awb-width-medium:100%;--awb-spacing-right-medium:1.92%;--awb-spacing-left-medium:1.92%;--awb-width-small:100%;--awb-spacing-right-small:1.92%;--awb-spacing-left-small:1.92%;\"><div class=\"fusion-column-wrapper fusion-flex-justify-content-flex-start fusion-content-layout-column\"><div class=\"fusion-text fusion-text-1\"><h2 style=\"text-align: left;\">Pi\u00e8ces de rechange Fiat-Hitachi<\/h2>\n<h2 style=\"text-align: left;\">Nous livrons dans le monde entier des pi\u00e8ces de rechange pour:<\/h2>\n<ul>\n<li>\n<h3><a href=\"https:\/\/www.ime-gmbh.com\/fr\/pieces-de-rechange\/pieces-de-rechange-pour-lequipement-de-terrassement\/\">\u00c9quipement de terrassement<\/a><\/h3>\n<ul>\n<li>Pelles sur chenilles<\/li>\n<li>Chargeuses sur pneus<\/li>\n<li>Bulldozer<\/li>\n<\/ul>\n<\/li>\n<\/ul>\n<\/div><div class=\"fusion-text fusion-text-2\"><h2>Demande de renseignements<\/h2>\n\n<div class=\"wpcf7 no-js\" id=\"wpcf7-f693-o1\" lang=\"de-DE\" dir=\"ltr\" data-wpcf7-id=\"693\">\n<div class=\"screen-reader-response\"><p role=\"status\" aria-live=\"polite\" aria-atomic=\"true\"><\/p> <ul><\/ul><\/div>\n<form action=\"\/fr\/wp-json\/wp\/v2\/pages\/3280#wpcf7-f693-o1\" method=\"post\" class=\"wpcf7-form init\" aria-label=\"Kontaktformular\" novalidate=\"novalidate\" data-status=\"init\">\n<fieldset class=\"hidden-fields-container\"><input type=\"hidden\" name=\"_wpcf7\" value=\"693\" \/><input type=\"hidden\" name=\"_wpcf7_version\" value=\"6.1.5\" \/><input type=\"hidden\" name=\"_wpcf7_locale\" value=\"de_DE\" \/><input type=\"hidden\" name=\"_wpcf7_unit_tag\" value=\"wpcf7-f693-o1\" \/><input type=\"hidden\" name=\"_wpcf7_container_post\" value=\"0\" \/><input type=\"hidden\" name=\"_wpcf7_posted_data_hash\" value=\"\" \/>\n<\/fieldset>\n<div style=\"float: left; width: 48%;\">\n\t<p>Pr\u00e9nom\n\t<\/p>\n\t<p><span class=\"wpcf7-form-control-wrap\" data-name=\"Vorname\"><input size=\"40\" maxlength=\"400\" class=\"wpcf7-form-control wpcf7-text\" aria-invalid=\"false\" value=\"\" type=\"text\" name=\"Vorname\" \/><\/span>\n\t<\/p>\n<\/div>\n<div style=\"margin-left: 52%; width: 48%;\">\n\t<p>Nom\n\t<\/p>\n\t<p><span class=\"wpcf7-form-control-wrap\" data-name=\"Nachname\"><input size=\"40\" maxlength=\"400\" class=\"wpcf7-form-control wpcf7-text wpcf7-validates-as-required\" aria-required=\"true\" aria-invalid=\"false\" value=\"\" type=\"text\" name=\"Nachname\" \/><\/span>\n\t<\/p>\n<\/div>\n<div style=\"float: left; width: 100%; margin-bottom: 20px;\">\n\t<p>Nom de l'entreprise\n\t<\/p>\n\t<p><span class=\"wpcf7-form-control-wrap\" data-name=\"Firmenname\"><input size=\"40\" maxlength=\"400\" class=\"wpcf7-form-control wpcf7-text wpcf7-validates-as-required\" aria-required=\"true\" aria-invalid=\"false\" value=\"\" type=\"text\" name=\"Firmenname\" \/><\/span>\n\t<\/p>\n<\/div>\n<div style=\"float: left; width: 100%; margin-bottom: 20px;\">\n\t<p>Rue\n\t<\/p>\n\t<p><span class=\"wpcf7-form-control-wrap\" data-name=\"Strasse\"><input size=\"40\" maxlength=\"400\" class=\"wpcf7-form-control wpcf7-text\" aria-invalid=\"false\" value=\"\" type=\"text\" name=\"Strasse\" \/><\/span>\n\t<\/p>\n<\/div>\n<div style=\"float: left; width: 48%;\">\n\t<p>Code postal\n\t<\/p>\n\t<p><span class=\"wpcf7-form-control-wrap\" data-name=\"PLZ\"><input size=\"40\" maxlength=\"400\" class=\"wpcf7-form-control wpcf7-text\" aria-invalid=\"false\" value=\"\" type=\"text\" name=\"PLZ\" \/><\/span>\n\t<\/p>\n<\/div>\n<div style=\"margin-left: 52%; width: 48%;\">\n\t<p>Ville\n\t<\/p>\n\t<p><span class=\"wpcf7-form-control-wrap\" data-name=\"Ort\"><input size=\"40\" maxlength=\"400\" class=\"wpcf7-form-control wpcf7-text wpcf7-validates-as-required\" aria-required=\"true\" aria-invalid=\"false\" value=\"\" type=\"text\" name=\"Ort\" \/><\/span>\n\t<\/p>\n<\/div>\n<div style=\"float: left; width: 100%; margin-bottom: 20px;\">\n\t<p>Pays\n\t<\/p>\n\t<p><span class=\"wpcf7-form-control-wrap\" data-name=\"Land\"><input size=\"40\" maxlength=\"400\" class=\"wpcf7-form-control wpcf7-text wpcf7-validates-as-required\" aria-required=\"true\" aria-invalid=\"false\" value=\"\" type=\"text\" name=\"Land\" \/><\/span>\n\t<\/p>\n<\/div>\n<div style=\"float: left; width: 48%;\">\n\t<p>Adresse e-mail*\n\t<\/p>\n\t<p><span class=\"wpcf7-form-control-wrap\" data-name=\"E-Mail\"><input size=\"40\" maxlength=\"400\" class=\"wpcf7-form-control wpcf7-email wpcf7-validates-as-required wpcf7-text wpcf7-validates-as-email\" aria-required=\"true\" aria-invalid=\"false\" value=\"\" type=\"email\" name=\"E-Mail\" \/><\/span>\n\t<\/p>\n<\/div>\n<div style=\"margin-left: 52%; width: 48%;\">\n\t<p>No. de t\u00e9l\u00e9phone\n\t<\/p>\n\t<p><span class=\"wpcf7-form-control-wrap\" data-name=\"phonetext-907\"><input size=\"40\" class=\"wpcf7-form-control wpcf7-phonetext wpcf7-text wpcf7-validates-as-phonetext\" aria-invalid=\"false\" value=\"\" type=\"text\" name=\"phonetext-907\" \/><input type=\"hidden\" name=\"phonetext-907-country-code\" class=\"wpcf7-phonetext-country-code\" \/><\/span>\n\t<\/p>\n<\/div>\n<div style=\"float: left; width: 100%; margin-bottom: 20px;\">\n\t<p>Fabricant\n\t<\/p>\n\t<p><span class=\"wpcf7-form-control-wrap\" data-name=\"Hersteller\"><input size=\"40\" maxlength=\"400\" class=\"wpcf7-form-control wpcf7-text wpcf7-validates-as-required\" aria-required=\"true\" aria-invalid=\"false\" value=\"\" type=\"text\" name=\"Hersteller\" \/><\/span>\n\t<\/p>\n<\/div>\n<div style=\"float: left; width: 100%; margin-bottom: 20px;\">\n\t<p>Type de la machine\n\t<\/p>\n\t<p><span class=\"wpcf7-form-control-wrap\" data-name=\"Typenbezeichnung\"><input size=\"40\" maxlength=\"400\" class=\"wpcf7-form-control wpcf7-text\" aria-invalid=\"false\" value=\"\" type=\"text\" name=\"Typenbezeichnung\" \/><\/span>\n\t<\/p>\n<\/div>\n<div style=\"float: left; width: 100%; margin-bottom: 20px;\">\n\t<p>No. de s\u00e9rie de la machine\n\t<\/p>\n\t<p><span class=\"wpcf7-form-control-wrap\" data-name=\"Seriennummer\"><input size=\"40\" maxlength=\"400\" class=\"wpcf7-form-control wpcf7-text\" aria-invalid=\"false\" value=\"\" type=\"text\" name=\"Seriennummer\" \/><\/span>\n\t<\/p>\n<\/div>\n<div style=\"float: left; width: 48%;\">\n\t<p>No. de la pi\u00e8ce d\u00e9tach\u00e9e\n\t<\/p>\n\t<p><span class=\"wpcf7-form-control-wrap\" data-name=\"Ersatzteilnummer\"><input size=\"40\" maxlength=\"400\" class=\"wpcf7-form-control wpcf7-text\" aria-invalid=\"false\" value=\"\" type=\"text\" name=\"Ersatzteilnummer\" \/><\/span>\n\t<\/p>\n<\/div>\n<div style=\"margin-left: 52%; width: 48%;\">\n\t<p>Quantit\u00e9<br \/>\n<span class=\"wpcf7-form-control-wrap\" data-name=\"Menge\"><input size=\"40\" maxlength=\"400\" class=\"wpcf7-form-control wpcf7-text\" aria-invalid=\"false\" value=\"\" type=\"text\" name=\"Menge\" \/><\/span>\n\t<\/p>\n<\/div>\n<div style=\"float: left; width: 100%; margin-bottom: 20px;\">\n\t<p>Message\n\t<\/p>\n\t<p><span class=\"wpcf7-form-control-wrap\" data-name=\"your-message\"><textarea cols=\"40\" rows=\"10\" maxlength=\"2000\" class=\"wpcf7-form-control wpcf7-textarea\" aria-invalid=\"false\" name=\"your-message\"><\/textarea><\/span>\n\t<\/p>\n<\/div>\n<p><span class=\"wpcf7-form-control-wrap kc_captcha\" data-name=\"kc_captcha\"><span class=\"wpcf7-form-control wpcf7-radio\"><span class=\"captcha-image\" ><span class=\"cf7ic_instructions\">Bitte beweise, dass du kein Spambot bist und w\u00e4hle das Symbol<span> Tasse<\/span>.<\/span><label><input aria-label=\"1\" type=\"radio\" name=\"kc_captcha\" value=\"bot\" \/><svg aria-hidden=\"true\" role=\"img\" xmlns=\"http:\/\/www.w3.org\/2000\/svg\" viewBox=\"0 0 512 512\"><path fill=\"currentColor\" d=\"M500 168h-55l-8-21a127 127 0 00-120-83H195a127 127 0 00-120 83l-8 21H12c-8 0-14 8-11 16l8 24a12 12 0 0011 8h29a64 64 0 00-33 56v48c0 16 6 31 16 42v62c0 13 11 24 24 24h48c13 0 24-11 24-24v-40h256v40c0 13 11 24 24 24h48c13 0 24-11 24-24v-62c10-11 16-26 16-42v-48c0-24-13-45-33-56h29a12 12 0 0011-8l8-24c3-8-3-16-11-16zm-365 2c9-25 33-42 60-42h122c27 0 51 17 60 42l15 38H120l15-38zM88 328a32 32 0 010-64c18 0 48 30 48 48s-30 16-48 16zm336 0c-18 0-48 2-48-16s30-48 48-48 32 14 32 32-14 32-32 32z\"\/><\/svg><\/label><label><input aria-label=\"2\" type=\"radio\" name=\"kc_captcha\" value=\"kc_human\" \/><svg aria-hidden=\"true\" role=\"img\" xmlns=\"http:\/\/www.w3.org\/2000\/svg\" viewBox=\"0 0 640 512\"><path fill=\"currentColor\" d=\"M192 384h192c53 0 96-43 96-96h32a128 128 0 000-256H120c-13 0-24 11-24 24v232c0 53 43 96 96 96zM512 96a64 64 0 010 128h-32V96h32zm48 384H48c-47 0-61-64-36-64h584c25 0 11 64-36 64z\"\/><\/svg><\/label><label><input aria-label=\"3\" type=\"radio\" name=\"kc_captcha\" value=\"bot\" \/><svg aria-hidden=\"true\" role=\"img\" xmlns=\"http:\/\/www.w3.org\/2000\/svg\" viewBox=\"0 0 384 512\"><path fill=\"currentColor\" d=\"M377 375l-83-87h34c21 0 32-25 17-40l-82-88h33c21 0 32-25 18-40L210 8c-10-11-26-11-36 0L70 120c-14 15-3 40 18 40h33l-82 88c-15 15-4 40 17 40h34L7 375c-15 16-4 41 17 41h120c0 33-11 49-34 68-12 9-5 28 10 28h144c15 0 22-19 10-28-20-16-34-32-34-68h120c21 0 32-25 17-41z\"\/><\/svg><\/label>\r\n    <\/span>\r\n    <span style=\"display:none\">\r\n        <input type=\"text\" name=\"kc_honeypot\">\r\n    <\/span><\/span><\/span>\n<\/p>\n<p><input class=\"wpcf7-form-control wpcf7-submit has-spinner\" type=\"submit\" value=\"Envoyer\" \/>\n<\/p>\n<p>Remarque: Les champs marqu\u00e9s par une * doivent \u00eatre remplis afin que nous puissions traiter votre demande.\n<\/p><div class=\"fusion-alert alert custom alert-custom fusion-alert-center wpcf7-response-output fusion-alert-capitalize awb-alert-native-link-color alert-dismissable awb-alert-close-boxed\" style=\"--awb-border-top-left-radius:0px;--awb-border-top-right-radius:0px;--awb-border-bottom-left-radius:0px;--awb-border-bottom-right-radius:0px;\" role=\"alert\"><div class=\"fusion-alert-content-wrapper\"><span class=\"fusion-alert-content\"><\/span><\/div><button type=\"button\" class=\"close toggle-alert\" data-dismiss=\"alert\" aria-label=\"Close\">&times;<\/button><\/div>\n<\/form>\n<\/div>\n\n<\/div><div class=\"fusion-text fusion-text-3\"><div class=\"fusion-text fusion-text-3\">\n<h2><strong>Machines de construction Hitachi : efficacit\u00e9 et fiabilit\u00e9 \u00e0 chaque t\u00e2che <\/strong><\/h2>\n<p>Hitachi, en tant que fabricant renomm\u00e9 de machines de construction, propose une gamme impressionnante de machines de haute qualit\u00e9 et performantes qui sont appr\u00e9ci\u00e9es dans l&rsquo;industrie de la construction du monde entier. Les pelles sur chenilles, les chargeuses sur pneus et les bulldozers Hitachi se caract\u00e9risent notamment par leur efficacit\u00e9, leur fiabilit\u00e9 et leur technologie de pointe.<\/p>\n<p><strong><em>Pelles sur chenilles : un travail de terrassement pr\u00e9cis avec puissance et pr\u00e9cision <\/em><\/strong><\/p>\n<p>Les pelles sur chenilles Hitachi \u00e9tablissent des normes en termes de pr\u00e9cision et de puissance. Dot\u00e9s de moteurs puissants et de syst\u00e8mes de contr\u00f4le avanc\u00e9s, ils permettent des travaux d&rsquo;excavation pr\u00e9cis sur des chantiers de toutes tailles. La construction robuste et les accessoires polyvalents font des pelles sur chenilles Hitachi des outils indispensables pour l&rsquo;excavation, la d\u00e9molition et autres travaux de terrassement.<\/p>\n<p><strong><em>Chargeuses sur pneus\u00a0: chargement et d\u00e9placement efficaces des mat\u00e9riaux <\/em><\/strong><\/p>\n<p>Les chargeuses sur pneus Hitachi sont con\u00e7ues pour charger, d\u00e9placer et transporter efficacement les mat\u00e9riaux. Avec leur capacit\u00e9 de charge et leur maniabilit\u00e9 impressionnantes, ces machines sont particuli\u00e8rement adapt\u00e9es \u00e0 une utilisation dans les carri\u00e8res, les entrep\u00f4ts et autres environnements o\u00f9 de grandes quantit\u00e9s de mat\u00e9riaux doivent \u00eatre d\u00e9plac\u00e9es.<\/p>\n<p><strong><em>Bulldozer : Travaux de terrassement et nivellement puissants <\/em><\/strong><\/p>\n<p>Les bulldozers Hitachi offrent une solution puissante pour les travaux de terrassement et de nivellement. Avec leurs moteurs puissants et leur ch\u00e2ssis stable, ces machines sont id\u00e9ales pour d\u00e9placer la terre et cr\u00e9er des surfaces planes. La technologie avanc\u00e9e permet un contr\u00f4le pr\u00e9cis et une efficacit\u00e9 dans chaque t\u00e2che.<\/p>\n<p>Hitachi attache une grande importance \u00e0 l&rsquo;innovation et \u00e0 la qualit\u00e9 dans la production d&rsquo;engins de construction. Les pelles sur chenilles, chargeuses sur pneus et bulldozers sont le r\u00e9sultat d\u2019ann\u00e9es d\u2019exp\u00e9rience et de d\u00e9veloppement continu. L&rsquo;adaptabilit\u00e9 de ces machines \u00e0 une grande vari\u00e9t\u00e9 de projets de construction en fait des partenaires fiables pour les entreprises de construction du monde entier.<\/p>\n<p>Avec les machines de construction Hitachi, les utilisateurs re\u00e7oivent non seulement des \u00e9quipements robustes et puissants, mais \u00e9galement une technologie de pointe ax\u00e9e sur l&rsquo;efficacit\u00e9 et la durabilit\u00e9. Hitachi reste un pionnier dans le secteur des \u00e9quipements de construction en d\u00e9veloppant des machines qui r\u00e9pondent aux normes \u00e9lev\u00e9es et aux divers besoins du secteur de la construction moderne.<\/p>\n<h3>L\u2019histoire de l\u2019entreprise Fiat-Hitachi<\/h3>\n<p>Le constructeur japonais Hitachi a conclu en 1986 une joint-venture avec la soci\u00e9t\u00e9 Fiat Baumaschinen sous le nom de Fiat-Hitachi. Cette soci\u00e9t\u00e9 \u00e9tait bas\u00e9e en Belgique.<\/p>\n<p>Des pelles sur chenilles (types FH 130, FH 150, FH 200, FH 215, FH 220), des chargeuses sur pneus (types FR 100, FR 130.2, FR 160, FR 160.2) et des bulldozers (types FL 145) ont \u00e9t\u00e9 construits. Ces machines \u00e9taient vendues via le r\u00e9seau de concessionnaires, qui fut ensuite repris par CNH.<\/p>\n<p>Aujourd&rsquo;hui, les pi\u00e8ces d\u00e9tach\u00e9es pour ces machines sont vendues par CASE \/ NEW HOLLAND.<\/p>\n<\/div>\n<\/div><\/div><\/div><\/div><\/div>\n","protected":false},"excerpt":{"rendered":"","protected":false},"author":2,"featured_media":0,"parent":3017,"menu_order":0,"comment_status":"closed","ping_status":"closed","template":"","meta":{"footnotes":""},"class_list":["post-3280","page","type-page","status-publish","hentry"],"_links":{"self":[{"href":"https:\/\/www.ime-gmbh.com\/fr\/wp-json\/wp\/v2\/pages\/3280","targetHints":{"allow":["GET"]}}],"collection":[{"href":"https:\/\/www.ime-gmbh.com\/fr\/wp-json\/wp\/v2\/pages"}],"about":[{"href":"https:\/\/www.ime-gmbh.com\/fr\/wp-json\/wp\/v2\/types\/page"}],"author":[{"embeddable":true,"href":"https:\/\/www.ime-gmbh.com\/fr\/wp-json\/wp\/v2\/users\/2"}],"replies":[{"embeddable":true,"href":"https:\/\/www.ime-gmbh.com\/fr\/wp-json\/wp\/v2\/comments?post=3280"}],"version-history":[{"count":10,"href":"https:\/\/www.ime-gmbh.com\/fr\/wp-json\/wp\/v2\/pages\/3280\/revisions"}],"predecessor-version":[{"id":26298,"href":"https:\/\/www.ime-gmbh.com\/fr\/wp-json\/wp\/v2\/pages\/3280\/revisions\/26298"}],"up":[{"embeddable":true,"href":"https:\/\/www.ime-gmbh.com\/fr\/wp-json\/wp\/v2\/pages\/3017"}],"wp:attachment":[{"href":"https:\/\/www.ime-gmbh.com\/fr\/wp-json\/wp\/v2\/media?parent=3280"}],"curies":[{"name":"wp","href":"https:\/\/api.w.org\/{rel}","templated":true}]}}