{"id":3161,"date":"2016-12-08T10:54:03","date_gmt":"2016-12-08T09:54:03","guid":{"rendered":"https:\/\/www.ime-gmbh.com\/?page_id=3161\/"},"modified":"2023-11-16T15:18:14","modified_gmt":"2023-11-16T14:18:14","slug":"atlas-pieces-de-rechange","status":"publish","type":"page","link":"https:\/\/www.ime-gmbh.com\/fr\/pieces-de-rechange\/fabricants\/atlas-pieces-de-rechange\/","title":{"rendered":"ATLAS GmbH"},"content":{"rendered":"<div class=\"fusion-fullwidth fullwidth-box fusion-builder-row-1 fusion-flex-container has-pattern-background has-mask-background hundred-percent-fullwidth non-hundred-percent-height-scrolling\" style=\"--awb-border-radius-top-left:0px;--awb-border-radius-top-right:0px;--awb-border-radius-bottom-right:0px;--awb-border-radius-bottom-left:0px;--awb-overflow:visible;--awb-flex-wrap:wrap;\" ><div class=\"fusion-builder-row fusion-row fusion-flex-align-items-center fusion-flex-justify-content-center fusion-flex-content-wrap\" style=\"width:104% !important;max-width:104% !important;margin-left: calc(-4% \/ 2 );margin-right: calc(-4% \/ 2 );\"><div class=\"fusion-layout-column fusion_builder_column fusion-builder-column-0 fusion_builder_column_5_6 5_6 fusion-flex-column fusion-flex-align-self-flex-start fusion-column-no-min-height\" style=\"--awb-bg-size:cover;--awb-width-large:83.333333333333%;--awb-margin-top-large:0px;--awb-spacing-right-large:2.304%;--awb-margin-bottom-large:0px;--awb-spacing-left-large:2.304%;--awb-width-medium:100%;--awb-spacing-right-medium:1.92%;--awb-spacing-left-medium:1.92%;--awb-width-small:100%;--awb-spacing-right-small:1.92%;--awb-spacing-left-small:1.92%;\"><div class=\"fusion-column-wrapper fusion-flex-justify-content-flex-start fusion-content-layout-column\"><div class=\"fusion-text fusion-text-1\"><h1 style=\"text-align: left;\">Pi\u00e8ces de rechange ATLAS<\/h1>\n<\/div><\/div><\/div><div class=\"fusion-layout-column fusion_builder_column fusion-builder-column-1 fusion_builder_column_2_5 2_5 fusion-flex-column\" style=\"--awb-bg-size:cover;--awb-width-large:40%;--awb-margin-top-large:0px;--awb-spacing-right-large:3.2%;--awb-margin-bottom-large:20px;--awb-spacing-left-large:4.8%;--awb-width-medium:100%;--awb-spacing-right-medium:1.92%;--awb-spacing-left-medium:1.92%;--awb-width-small:100%;--awb-spacing-right-small:1.92%;--awb-spacing-left-small:1.92%;\"><div class=\"fusion-column-wrapper fusion-flex-justify-content-flex-start fusion-content-layout-column\"><div class=\"fusion-image-element \" style=\"text-align:left;--awb-max-width:200px px;--awb-caption-title-font-family:var(--h2_typography-font-family);--awb-caption-title-font-weight:var(--h2_typography-font-weight);--awb-caption-title-font-style:var(--h2_typography-font-style);--awb-caption-title-size:var(--h2_typography-font-size);--awb-caption-title-transform:var(--h2_typography-text-transform);--awb-caption-title-line-height:var(--h2_typography-line-height);--awb-caption-title-letter-spacing:var(--h2_typography-letter-spacing);\"><span class=\" fusion-imageframe imageframe-dropshadow imageframe-1 hover-type-none\" style=\"border:5px solid #ffffff;-webkit-box-shadow: 3px 3px 7px rgba(0,0,0,0.3);box-shadow: 3px 3px 7px rgba(0,0,0,0.3);\"><img decoding=\"async\" width=\"300\" height=\"200\" alt=\"Atlas 160 W\" title=\"Pelles de terrassement Atlas type 160 W\" src=\"https:\/\/www.ime-gmbh.com\/wp-content\/uploads\/2020\/02\/K640_pache110628_0119-web-300x200.jpg\" class=\"img-responsive wp-image-11640\" srcset=\"https:\/\/www.ime-gmbh.com\/wp-content\/uploads\/2020\/02\/K640_pache110628_0119-web-200x133.jpg 200w, https:\/\/www.ime-gmbh.com\/wp-content\/uploads\/2020\/02\/K640_pache110628_0119-web-400x267.jpg 400w, https:\/\/www.ime-gmbh.com\/wp-content\/uploads\/2020\/02\/K640_pache110628_0119-web-600x400.jpg 600w, https:\/\/www.ime-gmbh.com\/wp-content\/uploads\/2020\/02\/K640_pache110628_0119-web.jpg 720w\" sizes=\"(max-width: 1024px) 100vw, (max-width: 640px) 100vw, 300px\" \/><\/span><\/div><div class=\"fusion-image-element \" style=\"text-align:center;--awb-max-width:200px px;--awb-caption-title-font-family:var(--h2_typography-font-family);--awb-caption-title-font-weight:var(--h2_typography-font-weight);--awb-caption-title-font-style:var(--h2_typography-font-style);--awb-caption-title-size:var(--h2_typography-font-size);--awb-caption-title-transform:var(--h2_typography-text-transform);--awb-caption-title-line-height:var(--h2_typography-line-height);--awb-caption-title-letter-spacing:var(--h2_typography-letter-spacing);\"><span class=\" fusion-imageframe imageframe-dropshadow imageframe-2 hover-type-none\" style=\"border:5px solid #f6f6f6;-webkit-box-shadow: 3px 3px 7px rgba(0,0,0,0.3);box-shadow: 3px 3px 7px rgba(0,0,0,0.3);\"><img decoding=\"async\" width=\"200\" height=\"72\" title=\"Atlas\" src=\"https:\/\/www.ime-gmbh.com\/wp-content\/uploads\/2016\/05\/Atlas.jpg\" alt class=\"img-responsive wp-image-7783\"\/><\/span><\/div><\/div><\/div><div class=\"fusion-layout-column fusion_builder_column fusion-builder-column-2 fusion_builder_column_2_5 2_5 fusion-flex-column\" style=\"--awb-bg-size:cover;--awb-width-large:40%;--awb-margin-top-large:0px;--awb-spacing-right-large:3.2%;--awb-margin-bottom-large:20px;--awb-spacing-left-large:4.8%;--awb-width-medium:100%;--awb-spacing-right-medium:1.92%;--awb-spacing-left-medium:1.92%;--awb-width-small:100%;--awb-spacing-right-small:1.92%;--awb-spacing-left-small:1.92%;\"><div class=\"fusion-column-wrapper fusion-flex-justify-content-flex-start fusion-content-layout-column\"><\/div><\/div><div class=\"fusion-layout-column fusion_builder_column fusion-builder-column-3 fusion_builder_column_5_6 5_6 fusion-flex-column fusion-flex-align-self-flex-start fusion-column-no-min-height\" style=\"--awb-bg-size:cover;--awb-width-large:83.333333333333%;--awb-margin-top-large:0px;--awb-spacing-right-large:2.304%;--awb-margin-bottom-large:0px;--awb-spacing-left-large:2.304%;--awb-width-medium:100%;--awb-spacing-right-medium:1.92%;--awb-spacing-left-medium:1.92%;--awb-width-small:100%;--awb-spacing-right-small:1.92%;--awb-spacing-left-small:1.92%;\"><div class=\"fusion-column-wrapper fusion-flex-justify-content-flex-start fusion-content-layout-column\"><div class=\"fusion-text fusion-text-2\"><h2 id=\"form\">Demande de renseignements<\/h2>\n\n<div class=\"wpcf7 no-js\" id=\"wpcf7-f693-o1\" lang=\"de-DE\" dir=\"ltr\" data-wpcf7-id=\"693\">\n<div class=\"screen-reader-response\"><p role=\"status\" aria-live=\"polite\" aria-atomic=\"true\"><\/p> <ul><\/ul><\/div>\n<form action=\"\/fr\/wp-json\/wp\/v2\/pages\/3161#wpcf7-f693-o1\" method=\"post\" class=\"wpcf7-form init\" aria-label=\"Kontaktformular\" novalidate=\"novalidate\" data-status=\"init\">\n<fieldset class=\"hidden-fields-container\"><input type=\"hidden\" name=\"_wpcf7\" value=\"693\" \/><input type=\"hidden\" name=\"_wpcf7_version\" value=\"6.1.5\" \/><input type=\"hidden\" name=\"_wpcf7_locale\" value=\"de_DE\" \/><input type=\"hidden\" name=\"_wpcf7_unit_tag\" value=\"wpcf7-f693-o1\" \/><input type=\"hidden\" name=\"_wpcf7_container_post\" value=\"0\" \/><input type=\"hidden\" name=\"_wpcf7_posted_data_hash\" value=\"\" \/>\n<\/fieldset>\n<div style=\"float: left; width: 48%;\">\n\t<p>Pr\u00e9nom\n\t<\/p>\n\t<p><span class=\"wpcf7-form-control-wrap\" data-name=\"Vorname\"><input size=\"40\" maxlength=\"400\" class=\"wpcf7-form-control wpcf7-text\" aria-invalid=\"false\" value=\"\" type=\"text\" name=\"Vorname\" \/><\/span>\n\t<\/p>\n<\/div>\n<div style=\"margin-left: 52%; width: 48%;\">\n\t<p>Nom\n\t<\/p>\n\t<p><span class=\"wpcf7-form-control-wrap\" data-name=\"Nachname\"><input size=\"40\" maxlength=\"400\" class=\"wpcf7-form-control wpcf7-text wpcf7-validates-as-required\" aria-required=\"true\" aria-invalid=\"false\" value=\"\" type=\"text\" name=\"Nachname\" \/><\/span>\n\t<\/p>\n<\/div>\n<div style=\"float: left; width: 100%; margin-bottom: 20px;\">\n\t<p>Nom de l'entreprise\n\t<\/p>\n\t<p><span class=\"wpcf7-form-control-wrap\" data-name=\"Firmenname\"><input size=\"40\" maxlength=\"400\" class=\"wpcf7-form-control wpcf7-text wpcf7-validates-as-required\" aria-required=\"true\" aria-invalid=\"false\" value=\"\" type=\"text\" name=\"Firmenname\" \/><\/span>\n\t<\/p>\n<\/div>\n<div style=\"float: left; width: 100%; margin-bottom: 20px;\">\n\t<p>Rue\n\t<\/p>\n\t<p><span class=\"wpcf7-form-control-wrap\" data-name=\"Strasse\"><input size=\"40\" maxlength=\"400\" class=\"wpcf7-form-control wpcf7-text\" aria-invalid=\"false\" value=\"\" type=\"text\" name=\"Strasse\" \/><\/span>\n\t<\/p>\n<\/div>\n<div style=\"float: left; width: 48%;\">\n\t<p>Code postal\n\t<\/p>\n\t<p><span class=\"wpcf7-form-control-wrap\" data-name=\"PLZ\"><input size=\"40\" maxlength=\"400\" class=\"wpcf7-form-control wpcf7-text\" aria-invalid=\"false\" value=\"\" type=\"text\" name=\"PLZ\" \/><\/span>\n\t<\/p>\n<\/div>\n<div style=\"margin-left: 52%; width: 48%;\">\n\t<p>Ville\n\t<\/p>\n\t<p><span class=\"wpcf7-form-control-wrap\" data-name=\"Ort\"><input size=\"40\" maxlength=\"400\" class=\"wpcf7-form-control wpcf7-text wpcf7-validates-as-required\" aria-required=\"true\" aria-invalid=\"false\" value=\"\" type=\"text\" name=\"Ort\" \/><\/span>\n\t<\/p>\n<\/div>\n<div style=\"float: left; width: 100%; margin-bottom: 20px;\">\n\t<p>Pays\n\t<\/p>\n\t<p><span class=\"wpcf7-form-control-wrap\" data-name=\"Land\"><input size=\"40\" maxlength=\"400\" class=\"wpcf7-form-control wpcf7-text wpcf7-validates-as-required\" aria-required=\"true\" aria-invalid=\"false\" value=\"\" type=\"text\" name=\"Land\" \/><\/span>\n\t<\/p>\n<\/div>\n<div style=\"float: left; width: 48%;\">\n\t<p>Adresse e-mail*\n\t<\/p>\n\t<p><span class=\"wpcf7-form-control-wrap\" data-name=\"E-Mail\"><input size=\"40\" maxlength=\"400\" class=\"wpcf7-form-control wpcf7-email wpcf7-validates-as-required wpcf7-text wpcf7-validates-as-email\" aria-required=\"true\" aria-invalid=\"false\" value=\"\" type=\"email\" name=\"E-Mail\" \/><\/span>\n\t<\/p>\n<\/div>\n<div style=\"margin-left: 52%; width: 48%;\">\n\t<p>No. de t\u00e9l\u00e9phone\n\t<\/p>\n\t<p><span class=\"wpcf7-form-control-wrap\" data-name=\"phonetext-907\"><input size=\"40\" class=\"wpcf7-form-control wpcf7-phonetext wpcf7-text wpcf7-validates-as-phonetext\" aria-invalid=\"false\" value=\"\" type=\"text\" name=\"phonetext-907\" \/><input type=\"hidden\" name=\"phonetext-907-country-code\" class=\"wpcf7-phonetext-country-code\" \/><\/span>\n\t<\/p>\n<\/div>\n<div style=\"float: left; width: 100%; margin-bottom: 20px;\">\n\t<p>Fabricant\n\t<\/p>\n\t<p><span class=\"wpcf7-form-control-wrap\" data-name=\"Hersteller\"><input size=\"40\" maxlength=\"400\" class=\"wpcf7-form-control wpcf7-text wpcf7-validates-as-required\" aria-required=\"true\" aria-invalid=\"false\" value=\"\" type=\"text\" name=\"Hersteller\" \/><\/span>\n\t<\/p>\n<\/div>\n<div style=\"float: left; width: 100%; margin-bottom: 20px;\">\n\t<p>Type de la machine\n\t<\/p>\n\t<p><span class=\"wpcf7-form-control-wrap\" data-name=\"Typenbezeichnung\"><input size=\"40\" maxlength=\"400\" class=\"wpcf7-form-control wpcf7-text\" aria-invalid=\"false\" value=\"\" type=\"text\" name=\"Typenbezeichnung\" \/><\/span>\n\t<\/p>\n<\/div>\n<div style=\"float: left; width: 100%; margin-bottom: 20px;\">\n\t<p>No. de s\u00e9rie de la machine\n\t<\/p>\n\t<p><span class=\"wpcf7-form-control-wrap\" data-name=\"Seriennummer\"><input size=\"40\" maxlength=\"400\" class=\"wpcf7-form-control wpcf7-text\" aria-invalid=\"false\" value=\"\" type=\"text\" name=\"Seriennummer\" \/><\/span>\n\t<\/p>\n<\/div>\n<div style=\"float: left; width: 48%;\">\n\t<p>No. de la pi\u00e8ce d\u00e9tach\u00e9e\n\t<\/p>\n\t<p><span class=\"wpcf7-form-control-wrap\" data-name=\"Ersatzteilnummer\"><input size=\"40\" maxlength=\"400\" class=\"wpcf7-form-control wpcf7-text\" aria-invalid=\"false\" value=\"\" type=\"text\" name=\"Ersatzteilnummer\" \/><\/span>\n\t<\/p>\n<\/div>\n<div style=\"margin-left: 52%; width: 48%;\">\n\t<p>Quantit\u00e9<br \/>\n<span class=\"wpcf7-form-control-wrap\" data-name=\"Menge\"><input size=\"40\" maxlength=\"400\" class=\"wpcf7-form-control wpcf7-text\" aria-invalid=\"false\" value=\"\" type=\"text\" name=\"Menge\" \/><\/span>\n\t<\/p>\n<\/div>\n<div style=\"float: left; width: 100%; margin-bottom: 20px;\">\n\t<p>Message\n\t<\/p>\n\t<p><span class=\"wpcf7-form-control-wrap\" data-name=\"your-message\"><textarea cols=\"40\" rows=\"10\" maxlength=\"2000\" class=\"wpcf7-form-control wpcf7-textarea\" aria-invalid=\"false\" name=\"your-message\"><\/textarea><\/span>\n\t<\/p>\n<\/div>\n<p><span class=\"wpcf7-form-control-wrap kc_captcha\" data-name=\"kc_captcha\"><span class=\"wpcf7-form-control wpcf7-radio\"><span class=\"captcha-image\" ><span class=\"cf7ic_instructions\">Bitte beweise, dass du kein Spambot bist und w\u00e4hle das Symbol<span> Haus<\/span>.<\/span><label><input aria-label=\"1\" type=\"radio\" name=\"kc_captcha\" value=\"kc_human\" \/><svg aria-hidden=\"true\" role=\"img\" xmlns=\"http:\/\/www.w3.org\/2000\/svg\" viewBox=\"0 0 576 512\"><path fill=\"currentColor\" d=\"M488 313v143c0 13-11 24-24 24H348c-7 0-12-5-12-12V356c0-7-5-12-12-12h-72c-7 0-12 5-12 12v112c0 7-5 12-12 12H112c-13 0-24-11-24-24V313c0-4 2-7 4-10l188-154c5-4 11-4 16 0l188 154c2 3 4 6 4 10zm84-61l-84-69V44c0-6-5-12-12-12h-56c-7 0-12 6-12 12v73l-89-74a48 48 0 00-61 0L4 252c-5 4-5 12-1 17l25 31c5 5 12 5 17 1l235-193c5-4 11-4 16 0l235 193c5 5 13 4 17-1l25-31c4-6 4-13-1-17z\"\/><\/svg><\/label><label><input aria-label=\"2\" type=\"radio\" name=\"kc_captcha\" value=\"bot\" \/><svg aria-hidden=\"true\" role=\"img\" xmlns=\"http:\/\/www.w3.org\/2000\/svg\" viewBox=\"0 0 512 512\"><path fill=\"currentColor\" d=\"M500 168h-55l-8-21a127 127 0 00-120-83H195a127 127 0 00-120 83l-8 21H12c-8 0-14 8-11 16l8 24a12 12 0 0011 8h29a64 64 0 00-33 56v48c0 16 6 31 16 42v62c0 13 11 24 24 24h48c13 0 24-11 24-24v-40h256v40c0 13 11 24 24 24h48c13 0 24-11 24-24v-62c10-11 16-26 16-42v-48c0-24-13-45-33-56h29a12 12 0 0011-8l8-24c3-8-3-16-11-16zm-365 2c9-25 33-42 60-42h122c27 0 51 17 60 42l15 38H120l15-38zM88 328a32 32 0 010-64c18 0 48 30 48 48s-30 16-48 16zm336 0c-18 0-48 2-48-16s30-48 48-48 32 14 32 32-14 32-32 32z\"\/><\/svg><\/label><label><input aria-label=\"3\" type=\"radio\" name=\"kc_captcha\" value=\"bot\" \/><svg aria-hidden=\"true\" role=\"img\" xmlns=\"http:\/\/www.w3.org\/2000\/svg\" viewBox=\"0 0 512 512\"><path fill=\"currentColor\" d=\"M512 176a176 176 0 01-209 173l-24 27a24 24 0 01-18 8h-37v40c0 13-11 24-24 24h-40v40c0 13-11 24-24 24H24c-13 0-24-11-24-24v-78c0-6 3-13 7-17l162-162a176 176 0 11343-55zm-176-48a48 48 0 1096 0 48 48 0 00-96 0z\"\/><\/svg><\/label>\r\n    <\/span>\r\n    <span style=\"display:none\">\r\n        <input type=\"text\" name=\"kc_honeypot\">\r\n    <\/span><\/span><\/span>\n<\/p>\n<p><input class=\"wpcf7-form-control wpcf7-submit has-spinner\" type=\"submit\" value=\"Envoyer\" \/>\n<\/p>\n<p>Remarque: Les champs marqu\u00e9s par une * doivent \u00eatre remplis afin que nous puissions traiter votre demande.\n<\/p><div class=\"fusion-alert alert custom alert-custom fusion-alert-center wpcf7-response-output fusion-alert-capitalize awb-alert-native-link-color alert-dismissable awb-alert-close-boxed\" style=\"--awb-border-top-left-radius:0px;--awb-border-top-right-radius:0px;--awb-border-bottom-left-radius:0px;--awb-border-bottom-right-radius:0px;\" role=\"alert\"><div class=\"fusion-alert-content-wrapper\"><span class=\"fusion-alert-content\"><\/span><\/div><button type=\"button\" class=\"close toggle-alert\" data-dismiss=\"alert\" aria-label=\"Close\">&times;<\/button><\/div>\n<\/form>\n<\/div>\n\n<\/div><div class=\"fusion-text fusion-text-3\"><h2>Les machines de la soci\u00e9t\u00e9 Atlas GmbH<\/h2>\n<p>Atlas GmbH s&rsquo;est impos\u00e9e comme l&rsquo;un des principaux fabricants mondiaux de machines de construction, offrant une gamme impressionnante de machines hautement appr\u00e9ci\u00e9es par les entreprises de construction du monde entier en raison de leurs technologies innovantes et de leurs performances.<\/p>\n<p>Un exemple remarquable est celui des grues Atlas. Ces machines puissantes sont r\u00e9put\u00e9es pour leur polyvalence et leur capacit\u00e9 \u00e0 soulever et transporter des charges lourdes avec pr\u00e9cision et efficacit\u00e9. Les grues Atlas se distinguent par leur construction robuste, leurs syst\u00e8mes de contr\u00f4le avanc\u00e9s et leur capacit\u00e9 de charge \u00e9lev\u00e9e. Avec une large gamme de mod\u00e8les, notamment des grues mobiles, des grues sur chenilles et des grues \u00e0 tour, Atlas propose la solution adapt\u00e9e \u00e0 chaque chantier de construction.<\/p>\n<p>En plus des grues, Atlas est \u00e9galement connue pour ses autres machines de construction. Les chargeuses sur pneus, les pelles hydrauliques mobiles, les mini-pelles, les chargeuses compactes et les pelles sur chenilles ne sont que quelques exemples de leur vaste gamme de produits. Chaque machine est continuellement d\u00e9velopp\u00e9e pour r\u00e9pondre aux exigences croissantes de l&rsquo;industrie de la construction. Atlas accorde une grande importance \u00e0 la qualit\u00e9, \u00e0 la fiabilit\u00e9 et \u00e0 l&rsquo;innovation afin de fournir \u00e0 ses clients les meilleures solutions possibles.<\/p>\n<p>Les machines Atlas ont acquis une r\u00e9putation mondiale pour leur durabilit\u00e9 et leurs performances. La soci\u00e9t\u00e9 investit constamment dans l&rsquo;innovation et le d\u00e9veloppement de nouvelles technologies pour r\u00e9pondre aux demandes toujours croissantes. Gr\u00e2ce \u00e0 une combinaison de qualit\u00e9 exceptionnelle, de fonctionnalit\u00e9s avanc\u00e9es et d&rsquo;un excellent service client, Atlas s&rsquo;est impos\u00e9e comme un partenaire de confiance pour les entreprises de construction du monde entier.<\/p>\n<h2>Histoire de l&rsquo;entreprise<\/h2>\n<p>En 1919, la soci\u00e9t\u00e9 a \u00e9t\u00e9 fond\u00e9e sous le nom de Hinrich Weyhausen KG \u00e0 Delmenhorst, en Allemagne. En 1986, elle a chang\u00e9 de nom pour devenir Atlas Weyhausen GmbH, avec des si\u00e8ges \u00e0 Br\u00eame et Delmenhorst.<\/p>\n<p>En 1999, l&rsquo;entreprise a \u00e9t\u00e9 vendue \u00e0 EDER Handel und Beteiligungen (EDER Bagger Mainburg). En 2001, elle a \u00e9t\u00e9 revendue \u00e0 Terex Baumaschinen et a op\u00e9r\u00e9 sous le nom d&rsquo;Atlas Terex GmbH. La production de chargeuses sur pneus \u00e0 Wildeshausen a \u00e9t\u00e9 s\u00e9par\u00e9e et s&rsquo;est poursuivie de mani\u00e8re ind\u00e9pendante sous le nom d&rsquo;Atlas Weyhausen GmbH.<\/p>\n<p>Au fil du temps, la marque \u00ab\u00a0Kaelble\u00a0\u00bb a \u00e9galement \u00e9t\u00e9 int\u00e9gr\u00e9e.<\/p>\n<p>Chargeuses sur pneus Kaelble Mod\u00e8les : 3200, SL10 B, SL11, SL13 B, SL14, SL14 B, SL16, SL17, SL18 F, SL18 G, SL20 B, SL22, SL26, SL28 B.<\/p>\n<p>Depuis mars 2016, l&rsquo;entreprise op\u00e8re sous le nom d&rsquo;Atlas GmbH.<\/p>\n<p>L&rsquo;approvisionnement en pi\u00e8ces de rechange pour les pelles sur pneus et sur chenilles, ainsi que pour les grues Atlas et les machines Kaelble, est assur\u00e9 par Atlas Spare Parts GmbH, bas\u00e9e \u00e0 Ganderkesee.<\/p>\n<h3>IME GmbH &#8211; Fourniture de pi\u00e8ces de rechange pour machines Atlas dans le monde entier<\/h3>\n<p>IME GmbH est fi\u00e8re d&rsquo;\u00eatre une soci\u00e9t\u00e9 renomm\u00e9e qui offre des pi\u00e8ces de rechange pour machines Atlas dans le monde entier. En tant que fournisseur exp\u00e9riment\u00e9 de pi\u00e8ces de rechange pour machines de construction, nous comprenons l&rsquo;importance de composants fiables et de haute qualit\u00e9 pour maintenir les performances et l&rsquo;efficacit\u00e9 des machines Atlas.<\/p>\n<p>Notre vaste gamme de pi\u00e8ces de rechange pour machines Atlas couvre une vari\u00e9t\u00e9 de composants, allant des chargeuses sur pneus et pelles hydrauliques mobiles aux grues. Nous travaillons en \u00e9troite collaboration avec les fabricants et les fournisseurs pour nous assurer de pouvoir fournir des pi\u00e8ces de rechange authentiques pour vos machines.<\/p>\n<p>Gr\u00e2ce \u00e0 notre pr\u00e9sence mondiale et \u00e0 notre gestion efficace de la cha\u00eene d&rsquo;approvisionnement, nous sommes capables de fournir des pi\u00e8ces de rechange pour machines Atlas dans le monde entier. Que vous soyez en Europe, en Am\u00e9rique du Nord, en Asie ou n&rsquo;importe o\u00f9 ailleurs, nous nous assurons que vous recevez rapidement les pi\u00e8ces de rechange n\u00e9cessaires pour remettre vos machines Atlas en marche.<\/p>\n<p>Notre \u00e9quipe d&rsquo;experts d\u00e9vou\u00e9s est disponible pour vous aider \u00e0 identifier les bonnes pi\u00e8ces de rechange et fournir un support technique. Nous comprenons l&rsquo;urgence lorsque qu&rsquo;une machine est hors service en raison d&rsquo;une pi\u00e8ce d\u00e9fectueuse et travaillons de mani\u00e8re efficace et fiable pour vous offrir la meilleure solution possible.<\/p>\n<\/div><\/div><\/div><\/div><\/div>\n","protected":false},"excerpt":{"rendered":"","protected":false},"author":2,"featured_media":0,"parent":3017,"menu_order":0,"comment_status":"closed","ping_status":"closed","template":"","meta":{"footnotes":""},"class_list":["post-3161","page","type-page","status-publish","hentry"],"_links":{"self":[{"href":"https:\/\/www.ime-gmbh.com\/fr\/wp-json\/wp\/v2\/pages\/3161","targetHints":{"allow":["GET"]}}],"collection":[{"href":"https:\/\/www.ime-gmbh.com\/fr\/wp-json\/wp\/v2\/pages"}],"about":[{"href":"https:\/\/www.ime-gmbh.com\/fr\/wp-json\/wp\/v2\/types\/page"}],"author":[{"embeddable":true,"href":"https:\/\/www.ime-gmbh.com\/fr\/wp-json\/wp\/v2\/users\/2"}],"replies":[{"embeddable":true,"href":"https:\/\/www.ime-gmbh.com\/fr\/wp-json\/wp\/v2\/comments?post=3161"}],"version-history":[{"count":16,"href":"https:\/\/www.ime-gmbh.com\/fr\/wp-json\/wp\/v2\/pages\/3161\/revisions"}],"predecessor-version":[{"id":26127,"href":"https:\/\/www.ime-gmbh.com\/fr\/wp-json\/wp\/v2\/pages\/3161\/revisions\/26127"}],"up":[{"embeddable":true,"href":"https:\/\/www.ime-gmbh.com\/fr\/wp-json\/wp\/v2\/pages\/3017"}],"wp:attachment":[{"href":"https:\/\/www.ime-gmbh.com\/fr\/wp-json\/wp\/v2\/media?parent=3161"}],"curies":[{"name":"wp","href":"https:\/\/api.w.org\/{rel}","templated":true}]}}