{"id":23955,"date":"2023-09-05T14:26:07","date_gmt":"2023-09-05T12:26:07","guid":{"rendered":"https:\/\/www.ime-gmbh.com\/liebherr-mobilkrane\/"},"modified":"2023-09-05T15:39:37","modified_gmt":"2023-09-05T13:39:37","slug":"grues-mobiles-liebherr","status":"publish","type":"page","link":"https:\/\/www.ime-gmbh.com\/fr\/grues-mobiles-liebherr\/","title":{"rendered":"Liebherr Mobilkrane"},"content":{"rendered":"<div class=\"fusion-fullwidth fullwidth-box fusion-builder-row-1 fusion-flex-container has-pattern-background has-mask-background nonhundred-percent-fullwidth non-hundred-percent-height-scrolling\" style=\"--awb-border-radius-top-left:0px;--awb-border-radius-top-right:0px;--awb-border-radius-bottom-right:0px;--awb-border-radius-bottom-left:0px;--awb-flex-wrap:wrap;\" ><div class=\"fusion-builder-row fusion-row fusion-flex-align-items-center fusion-flex-justify-content-center fusion-flex-content-wrap\" style=\"max-width:104%;margin-left: calc(-4% \/ 2 );margin-right: calc(-4% \/ 2 );\"><div class=\"fusion-layout-column fusion_builder_column fusion-builder-column-0 fusion_builder_column_5_6 5_6 fusion-flex-column\" style=\"--awb-bg-size:cover;--awb-width-large:83.333333333333%;--awb-margin-top-large:0px;--awb-spacing-right-large:2.304%;--awb-margin-bottom-large:20px;--awb-spacing-left-large:2.304%;--awb-width-medium:100%;--awb-order-medium:0;--awb-spacing-right-medium:1.92%;--awb-spacing-left-medium:1.92%;--awb-width-small:100%;--awb-order-small:0;--awb-spacing-right-small:1.92%;--awb-spacing-left-small:1.92%;\"><div class=\"fusion-column-wrapper fusion-column-has-shadow fusion-flex-justify-content-flex-start fusion-content-layout-column\"><div class=\"fusion-text fusion-text-1\"><h1>Pi\u00e8ces de rechange pour grues mobiles Liebherr<\/h1>\n<\/div><div class=\"fusion-text fusion-text-2\" style=\"--awb-margin-top:50px;\"><h2>Demander des pi\u00e8ces de rechange pour les grues mobiles Liebherr maintenant chez IME<\/h2>\n<\/div>\n<div class=\"wpcf7 no-js\" id=\"wpcf7-f693-o1\" lang=\"de-DE\" dir=\"ltr\" data-wpcf7-id=\"693\">\n<div class=\"screen-reader-response\"><p role=\"status\" aria-live=\"polite\" aria-atomic=\"true\"><\/p> <ul><\/ul><\/div>\n<form action=\"\/fr\/wp-json\/wp\/v2\/pages\/23955#wpcf7-f693-o1\" method=\"post\" class=\"wpcf7-form init\" aria-label=\"Kontaktformular\" novalidate=\"novalidate\" data-status=\"init\">\n<fieldset class=\"hidden-fields-container\"><input type=\"hidden\" name=\"_wpcf7\" value=\"693\" \/><input type=\"hidden\" name=\"_wpcf7_version\" value=\"6.1.5\" \/><input type=\"hidden\" name=\"_wpcf7_locale\" value=\"de_DE\" \/><input type=\"hidden\" name=\"_wpcf7_unit_tag\" value=\"wpcf7-f693-o1\" \/><input type=\"hidden\" name=\"_wpcf7_container_post\" value=\"0\" \/><input type=\"hidden\" name=\"_wpcf7_posted_data_hash\" value=\"\" \/>\n<\/fieldset>\n<div style=\"float: left; width: 48%;\">\n\t<p>Pr\u00e9nom\n\t<\/p>\n\t<p><span class=\"wpcf7-form-control-wrap\" data-name=\"Vorname\"><input size=\"40\" maxlength=\"400\" class=\"wpcf7-form-control wpcf7-text\" aria-invalid=\"false\" value=\"\" type=\"text\" name=\"Vorname\" \/><\/span>\n\t<\/p>\n<\/div>\n<div style=\"margin-left: 52%; width: 48%;\">\n\t<p>Nom\n\t<\/p>\n\t<p><span class=\"wpcf7-form-control-wrap\" data-name=\"Nachname\"><input size=\"40\" maxlength=\"400\" class=\"wpcf7-form-control wpcf7-text wpcf7-validates-as-required\" aria-required=\"true\" aria-invalid=\"false\" value=\"\" type=\"text\" name=\"Nachname\" \/><\/span>\n\t<\/p>\n<\/div>\n<div style=\"float: left; width: 100%; margin-bottom: 20px;\">\n\t<p>Nom de l'entreprise\n\t<\/p>\n\t<p><span class=\"wpcf7-form-control-wrap\" data-name=\"Firmenname\"><input size=\"40\" maxlength=\"400\" class=\"wpcf7-form-control wpcf7-text wpcf7-validates-as-required\" aria-required=\"true\" aria-invalid=\"false\" value=\"\" type=\"text\" name=\"Firmenname\" \/><\/span>\n\t<\/p>\n<\/div>\n<div style=\"float: left; width: 100%; margin-bottom: 20px;\">\n\t<p>Rue\n\t<\/p>\n\t<p><span class=\"wpcf7-form-control-wrap\" data-name=\"Strasse\"><input size=\"40\" maxlength=\"400\" class=\"wpcf7-form-control wpcf7-text\" aria-invalid=\"false\" value=\"\" type=\"text\" name=\"Strasse\" \/><\/span>\n\t<\/p>\n<\/div>\n<div style=\"float: left; width: 48%;\">\n\t<p>Code postal\n\t<\/p>\n\t<p><span class=\"wpcf7-form-control-wrap\" data-name=\"PLZ\"><input size=\"40\" maxlength=\"400\" class=\"wpcf7-form-control wpcf7-text\" aria-invalid=\"false\" value=\"\" type=\"text\" name=\"PLZ\" \/><\/span>\n\t<\/p>\n<\/div>\n<div style=\"margin-left: 52%; width: 48%;\">\n\t<p>Ville\n\t<\/p>\n\t<p><span class=\"wpcf7-form-control-wrap\" data-name=\"Ort\"><input size=\"40\" maxlength=\"400\" class=\"wpcf7-form-control wpcf7-text wpcf7-validates-as-required\" aria-required=\"true\" aria-invalid=\"false\" value=\"\" type=\"text\" name=\"Ort\" \/><\/span>\n\t<\/p>\n<\/div>\n<div style=\"float: left; width: 100%; margin-bottom: 20px;\">\n\t<p>Pays\n\t<\/p>\n\t<p><span class=\"wpcf7-form-control-wrap\" data-name=\"Land\"><input size=\"40\" maxlength=\"400\" class=\"wpcf7-form-control wpcf7-text wpcf7-validates-as-required\" aria-required=\"true\" aria-invalid=\"false\" value=\"\" type=\"text\" name=\"Land\" \/><\/span>\n\t<\/p>\n<\/div>\n<div style=\"float: left; width: 48%;\">\n\t<p>Adresse e-mail*\n\t<\/p>\n\t<p><span class=\"wpcf7-form-control-wrap\" data-name=\"E-Mail\"><input size=\"40\" maxlength=\"400\" class=\"wpcf7-form-control wpcf7-email wpcf7-validates-as-required wpcf7-text wpcf7-validates-as-email\" aria-required=\"true\" aria-invalid=\"false\" value=\"\" type=\"email\" name=\"E-Mail\" \/><\/span>\n\t<\/p>\n<\/div>\n<div style=\"margin-left: 52%; width: 48%;\">\n\t<p>No. de t\u00e9l\u00e9phone\n\t<\/p>\n\t<p><span class=\"wpcf7-form-control-wrap\" data-name=\"phonetext-907\"><input size=\"40\" class=\"wpcf7-form-control wpcf7-phonetext wpcf7-text wpcf7-validates-as-phonetext\" aria-invalid=\"false\" value=\"\" type=\"text\" name=\"phonetext-907\" \/><input type=\"hidden\" name=\"phonetext-907-country-code\" class=\"wpcf7-phonetext-country-code\" \/><\/span>\n\t<\/p>\n<\/div>\n<div style=\"float: left; width: 100%; margin-bottom: 20px;\">\n\t<p>Fabricant\n\t<\/p>\n\t<p><span class=\"wpcf7-form-control-wrap\" data-name=\"Hersteller\"><input size=\"40\" maxlength=\"400\" class=\"wpcf7-form-control wpcf7-text wpcf7-validates-as-required\" aria-required=\"true\" aria-invalid=\"false\" value=\"\" type=\"text\" name=\"Hersteller\" \/><\/span>\n\t<\/p>\n<\/div>\n<div style=\"float: left; width: 100%; margin-bottom: 20px;\">\n\t<p>Type de la machine\n\t<\/p>\n\t<p><span class=\"wpcf7-form-control-wrap\" data-name=\"Typenbezeichnung\"><input size=\"40\" maxlength=\"400\" class=\"wpcf7-form-control wpcf7-text\" aria-invalid=\"false\" value=\"\" type=\"text\" name=\"Typenbezeichnung\" \/><\/span>\n\t<\/p>\n<\/div>\n<div style=\"float: left; width: 100%; margin-bottom: 20px;\">\n\t<p>No. de s\u00e9rie de la machine\n\t<\/p>\n\t<p><span class=\"wpcf7-form-control-wrap\" data-name=\"Seriennummer\"><input size=\"40\" maxlength=\"400\" class=\"wpcf7-form-control wpcf7-text\" aria-invalid=\"false\" value=\"\" type=\"text\" name=\"Seriennummer\" \/><\/span>\n\t<\/p>\n<\/div>\n<div style=\"float: left; width: 48%;\">\n\t<p>No. de la pi\u00e8ce d\u00e9tach\u00e9e\n\t<\/p>\n\t<p><span class=\"wpcf7-form-control-wrap\" data-name=\"Ersatzteilnummer\"><input size=\"40\" maxlength=\"400\" class=\"wpcf7-form-control wpcf7-text\" aria-invalid=\"false\" value=\"\" type=\"text\" name=\"Ersatzteilnummer\" \/><\/span>\n\t<\/p>\n<\/div>\n<div style=\"margin-left: 52%; width: 48%;\">\n\t<p>Quantit\u00e9<br \/>\n<span class=\"wpcf7-form-control-wrap\" data-name=\"Menge\"><input size=\"40\" maxlength=\"400\" class=\"wpcf7-form-control wpcf7-text\" aria-invalid=\"false\" value=\"\" type=\"text\" name=\"Menge\" \/><\/span>\n\t<\/p>\n<\/div>\n<div style=\"float: left; width: 100%; margin-bottom: 20px;\">\n\t<p>Message\n\t<\/p>\n\t<p><span class=\"wpcf7-form-control-wrap\" data-name=\"your-message\"><textarea cols=\"40\" rows=\"10\" maxlength=\"2000\" class=\"wpcf7-form-control wpcf7-textarea\" aria-invalid=\"false\" name=\"your-message\"><\/textarea><\/span>\n\t<\/p>\n<\/div>\n<p><span class=\"wpcf7-form-control-wrap kc_captcha\" data-name=\"kc_captcha\"><span class=\"wpcf7-form-control wpcf7-radio\"><span class=\"captcha-image\" ><span class=\"cf7ic_instructions\">Bitte beweise, dass du kein Spambot bist und w\u00e4hle das Symbol<span> Schl\u00fcssel<\/span>.<\/span><label><input aria-label=\"1\" type=\"radio\" name=\"kc_captcha\" value=\"bot\" \/><svg aria-hidden=\"true\" role=\"img\" xmlns=\"http:\/\/www.w3.org\/2000\/svg\" viewBox=\"0 0 576 512\"><path fill=\"currentColor\" d=\"M488 313v143c0 13-11 24-24 24H348c-7 0-12-5-12-12V356c0-7-5-12-12-12h-72c-7 0-12 5-12 12v112c0 7-5 12-12 12H112c-13 0-24-11-24-24V313c0-4 2-7 4-10l188-154c5-4 11-4 16 0l188 154c2 3 4 6 4 10zm84-61l-84-69V44c0-6-5-12-12-12h-56c-7 0-12 6-12 12v73l-89-74a48 48 0 00-61 0L4 252c-5 4-5 12-1 17l25 31c5 5 12 5 17 1l235-193c5-4 11-4 16 0l235 193c5 5 13 4 17-1l25-31c4-6 4-13-1-17z\"\/><\/svg><\/label><label><input aria-label=\"2\" type=\"radio\" name=\"kc_captcha\" value=\"bot\" \/><svg aria-hidden=\"true\" role=\"img\" xmlns=\"http:\/\/www.w3.org\/2000\/svg\" viewBox=\"0 0 512 512\"><path fill=\"currentColor\" d=\"M350 99c-54 0-98-35-166-35-25 0-47 4-68 12a56 56 0 004-24C118 24 95 1 66 0a56 56 0 00-34 102v386c0 13 11 24 24 24h16c13 0 24-11 24-24v-94c28-12 64-23 114-23 54 0 98 35 166 35 48 0 86-16 122-41 9-6 14-15 14-26V96c0-23-24-39-45-29-35 16-77 32-117 32z\"\/><\/svg><\/label><label><input aria-label=\"3\" type=\"radio\" name=\"kc_captcha\" value=\"kc_human\" \/><svg aria-hidden=\"true\" role=\"img\" xmlns=\"http:\/\/www.w3.org\/2000\/svg\" viewBox=\"0 0 512 512\"><path fill=\"currentColor\" d=\"M512 176a176 176 0 01-209 173l-24 27a24 24 0 01-18 8h-37v40c0 13-11 24-24 24h-40v40c0 13-11 24-24 24H24c-13 0-24-11-24-24v-78c0-6 3-13 7-17l162-162a176 176 0 11343-55zm-176-48a48 48 0 1096 0 48 48 0 00-96 0z\"\/><\/svg><\/label>\r\n    <\/span>\r\n    <span style=\"display:none\">\r\n        <input type=\"text\" name=\"kc_honeypot\">\r\n    <\/span><\/span><\/span>\n<\/p>\n<p><input class=\"wpcf7-form-control wpcf7-submit has-spinner\" type=\"submit\" value=\"Envoyer\" \/>\n<\/p>\n<p>Remarque: Les champs marqu\u00e9s par une * doivent \u00eatre remplis afin que nous puissions traiter votre demande.\n<\/p><div class=\"fusion-alert alert custom alert-custom fusion-alert-center wpcf7-response-output fusion-alert-capitalize awb-alert-native-link-color alert-dismissable awb-alert-close-boxed\" style=\"--awb-border-top-left-radius:0px;--awb-border-top-right-radius:0px;--awb-border-bottom-left-radius:0px;--awb-border-bottom-right-radius:0px;\" role=\"alert\"><div class=\"fusion-alert-content-wrapper\"><span class=\"fusion-alert-content\"><\/span><\/div><button type=\"button\" class=\"close toggle-alert\" data-dismiss=\"alert\" aria-label=\"Close\">&times;<\/button><\/div>\n<\/form>\n<\/div>\n<div class=\"fusion-text fusion-text-3\"><h2>IME votre partenaire pour les pi\u00e8ces de rechange de grues mobiles Liebherr<\/h2>\n<\/div><div class=\"fusion-text fusion-text-4\"><p>IME GmbH est votre partenaire fiable pour des pi\u00e8ces de rechange de haute qualit\u00e9 et une assistance professionnelle dans le domaine des grues mobiles Liebherr. Notre entreprise dispose d&rsquo;un vaste choix de composants et d&rsquo;une \u00e9quipe comp\u00e9tente qui vous aidera \u00e0 tirer le meilleur parti de vos grues mobiles Liebherr. Notre objectif principal est de r\u00e9pondre \u00e0 vos exigences et de vous offrir le meilleur service client possible. Contactez-nous d\u00e8s aujourd&rsquo;hui pour en savoir plus sur nos offres et services.<\/p>\n<p>Nos experts engag\u00e9s aident les clients du monde entier \u00e0 choisir les pi\u00e8ces de rechange appropri\u00e9es pour leurs grues mobiles Liebherr. Gr\u00e2ce \u00e0 nos connaissances approfondies et \u00e0 nos conseils avis\u00e9s, nous veillons \u00e0 ce que vous receviez les composants adapt\u00e9s \u00e0 vos exigences individuelles.<\/p>\n<p>Nous accordons une grande importance \u00e0 une exp\u00e9dition efficace et fiable. Gr\u00e2ce \u00e0 nos solides partenaires logistiques, les pi\u00e8ces de rechange peuvent \u00eatre livr\u00e9es rapidement et en toute s\u00e9curit\u00e9 dans le monde entier. Ainsi, vos grues mobiles sont de nouveau op\u00e9rationnelles le plus rapidement possible et vous minimisez les temps d&rsquo;arr\u00eat.<\/p>\n<h3>Grues mobiles Liebherr<\/h3>\n<p>Dans le monde entier, les grues mobiles Liebherr jouissent d&rsquo;une excellente r\u00e9putation pour leur qualit\u00e9 in\u00e9gal\u00e9e, leur fiabilit\u00e9 et leurs performances impressionnantes. Liebherr, un pionnier de longue date dans le secteur des engins de construction, poss\u00e8de une tradition impressionnante dans la fabrication de v\u00e9hicules de chantier et se trouve depuis des d\u00e9cennies \u00e0 la pointe de ce secteur.<\/p>\n<p>Les grues mobiles Liebherr se distinguent par leur construction robuste et leur grande efficacit\u00e9. Elles sont disponibles en diff\u00e9rentes tailles et mod\u00e8les afin de r\u00e9pondre aux diff\u00e9rentes exigences d&rsquo;un large \u00e9ventail de projets de construction. Qu&rsquo;il s&rsquo;agisse de la construction de routes, de l&rsquo;excavation de mat\u00e9riaux ou d&rsquo;interventions agricoles, les grues mobiles Liebherr offrent toujours les solutions optimales.<\/p>\n<p>Chaque grue mobile Liebherr est \u00e9quip\u00e9e d&rsquo;entra\u00eenements puissants et d&rsquo;une technologie de pointe. Cette combinaison permet un pilotage pr\u00e9cis et offre des fonctions polyvalentes qui procurent aux op\u00e9rateurs un maximum de contr\u00f4le et d&rsquo;efficacit\u00e9. De plus, les v\u00e9hicules sont con\u00e7us de mani\u00e8re ergonomique afin d&rsquo;assurer le confort et la s\u00e9curit\u00e9 des op\u00e9rateurs.<\/p>\n<p>Un autre avantage significatif des grues mobiles Liebherr est leur grande facilit\u00e9 d&rsquo;entretien. La conception de ces machines permet des travaux d&rsquo;entretien et de r\u00e9paration simples, des temps d&rsquo;arr\u00eat minimaux et une performance globale accrue.<\/p>\n<p>Les grues mobiles Liebherr sont des v\u00e9hicules de construction polyvalents qui sont utilis\u00e9s pour une large gamme de t\u00e2ches de levage et de projets de construction. Elles disposent de capacit\u00e9s impressionnantes qui permettent de soulever de lourdes charges et de les placer avec pr\u00e9cision. Avec diff\u00e9rents mod\u00e8les et configurations, les grues mobiles Liebherr contribuent largement \u00e0 l&rsquo;efficacit\u00e9 et \u00e0 la productivit\u00e9 dans le secteur de la construction.<\/p>\n<\/div><div class=\"fusion-text fusion-text-5\"><table width=\"495\">\n<tbody>\n<tr>\n<td width=\"281\"><strong>Mod\u00e8les<\/strong><\/td>\n<\/tr>\n<tr>\n<td width=\"281\">MK 73-3.1<\/td>\n<\/tr>\n<tr>\n<td width=\"281\">MK 88-4.1<\/td>\n<\/tr>\n<tr>\n<td width=\"281\">MK 140<\/td>\n<\/tr>\n<tr>\n<td width=\"281\">MK 140-5.1<\/td>\n<\/tr>\n<\/tbody>\n<\/table>\n<\/div><\/div><\/div><\/div><\/div>\n","protected":false},"excerpt":{"rendered":"","protected":false},"author":4,"featured_media":0,"parent":0,"menu_order":0,"comment_status":"closed","ping_status":"closed","template":"","meta":{"footnotes":""},"class_list":["post-23955","page","type-page","status-publish","hentry"],"_links":{"self":[{"href":"https:\/\/www.ime-gmbh.com\/fr\/wp-json\/wp\/v2\/pages\/23955","targetHints":{"allow":["GET"]}}],"collection":[{"href":"https:\/\/www.ime-gmbh.com\/fr\/wp-json\/wp\/v2\/pages"}],"about":[{"href":"https:\/\/www.ime-gmbh.com\/fr\/wp-json\/wp\/v2\/types\/page"}],"author":[{"embeddable":true,"href":"https:\/\/www.ime-gmbh.com\/fr\/wp-json\/wp\/v2\/users\/4"}],"replies":[{"embeddable":true,"href":"https:\/\/www.ime-gmbh.com\/fr\/wp-json\/wp\/v2\/comments?post=23955"}],"version-history":[{"count":3,"href":"https:\/\/www.ime-gmbh.com\/fr\/wp-json\/wp\/v2\/pages\/23955\/revisions"}],"predecessor-version":[{"id":23962,"href":"https:\/\/www.ime-gmbh.com\/fr\/wp-json\/wp\/v2\/pages\/23955\/revisions\/23962"}],"wp:attachment":[{"href":"https:\/\/www.ime-gmbh.com\/fr\/wp-json\/wp\/v2\/media?parent=23955"}],"curies":[{"name":"wp","href":"https:\/\/api.w.org\/{rel}","templated":true}]}}