{"id":3907,"date":"2017-01-27T11:55:51","date_gmt":"2017-01-27T10:55:51","guid":{"rendered":"https:\/\/www.ime-gmbh.com\/?page_id=3907\/"},"modified":"2023-08-23T11:12:10","modified_gmt":"2023-08-23T09:12:10","slug":"goldhofer-airport-technology","status":"publish","type":"page","link":"https:\/\/www.ime-gmbh.com\/es\/piezas-de-repuesto\/fabricantes\/goldhofer-airport-technology\/","title":{"rendered":"Goldhofer Airport Technology (antes SCHOPF)"},"content":{"rendered":"<div class=\"fusion-fullwidth fullwidth-box fusion-builder-row-1 fusion-flex-container has-pattern-background has-mask-background nonhundred-percent-fullwidth non-hundred-percent-height-scrolling\" style=\"--awb-border-radius-top-left:0px;--awb-border-radius-top-right:0px;--awb-border-radius-bottom-right:0px;--awb-border-radius-bottom-left:0px;--awb-flex-wrap:wrap;\" ><div class=\"fusion-builder-row fusion-row fusion-flex-align-items-center fusion-flex-justify-content-center fusion-flex-content-wrap\" style=\"max-width:104%;margin-left: calc(-4% \/ 2 );margin-right: calc(-4% \/ 2 );\"><div class=\"fusion-layout-column fusion_builder_column fusion-builder-column-0 fusion_builder_column_5_6 5_6 fusion-flex-column\" style=\"--awb-bg-size:cover;--awb-width-large:83.333333333333%;--awb-margin-top-large:0px;--awb-spacing-right-large:2.304%;--awb-margin-bottom-large:0px;--awb-spacing-left-large:2.304%;--awb-width-medium:100%;--awb-spacing-right-medium:1.92%;--awb-spacing-left-medium:1.92%;--awb-width-small:100%;--awb-spacing-right-small:1.92%;--awb-spacing-left-small:1.92%;\"><div class=\"fusion-column-wrapper fusion-flex-justify-content-flex-start fusion-content-layout-column\"><div class=\"fusion-text fusion-text-1\"><h1 style=\"text-align: left;\">Piezas de repuesto de Goldhofer Airport Technology (antes SCHOPF)<\/h1>\n<\/div><\/div><\/div><div class=\"fusion-layout-column fusion_builder_column fusion-builder-column-1 fusion_builder_column_2_5 2_5 fusion-flex-column\" style=\"--awb-bg-size:cover;--awb-width-large:40%;--awb-margin-top-large:0px;--awb-spacing-right-large:6.4%;--awb-margin-bottom-large:20px;--awb-spacing-left-large:4.8%;--awb-width-medium:100%;--awb-spacing-right-medium:1.92%;--awb-spacing-left-medium:1.92%;--awb-width-small:100%;--awb-spacing-right-small:1.92%;--awb-spacing-left-small:1.92%;\"><div class=\"fusion-column-wrapper fusion-flex-justify-content-flex-start fusion-content-layout-column\"><div class=\"fusion-image-element \" style=\"text-align:left;--awb-caption-title-font-family:var(--h2_typography-font-family);--awb-caption-title-font-weight:var(--h2_typography-font-weight);--awb-caption-title-font-style:var(--h2_typography-font-style);--awb-caption-title-size:var(--h2_typography-font-size);--awb-caption-title-transform:var(--h2_typography-text-transform);--awb-caption-title-line-height:var(--h2_typography-line-height);--awb-caption-title-letter-spacing:var(--h2_typography-letter-spacing);\"><span class=\" fusion-imageframe imageframe-dropshadow imageframe-1 hover-type-none\" style=\"border:5px solid #f6f6f6;-webkit-box-shadow: 3px 3px 7px rgba(0,0,0,0.3);box-shadow: 3px 3px 7px rgba(0,0,0,0.3);\"><img decoding=\"async\" width=\"300\" height=\"210\" title=\"Goldhofer AST-2P\/X \u00bbPHOENIX\u00ab\" src=\"https:\/\/www.ime-gmbh.com\/wp-content\/uploads\/2019\/06\/Galerie-Phoenix_02-300x210.jpg\" alt class=\"img-responsive wp-image-10094\"\/><\/span><\/div><div class=\"fusion-image-element \" style=\"text-align:left;--awb-caption-title-font-family:var(--h2_typography-font-family);--awb-caption-title-font-weight:var(--h2_typography-font-weight);--awb-caption-title-font-style:var(--h2_typography-font-style);--awb-caption-title-size:var(--h2_typography-font-size);--awb-caption-title-transform:var(--h2_typography-text-transform);--awb-caption-title-line-height:var(--h2_typography-line-height);--awb-caption-title-letter-spacing:var(--h2_typography-letter-spacing);\"><span class=\" fusion-imageframe imageframe-dropshadow imageframe-2 hover-type-none\" style=\"border:5px solid #f6f6f6;-webkit-box-shadow: 3px 3px 7px rgba(0,0,0,0.3);box-shadow: 3px 3px 7px rgba(0,0,0,0.3);\"><img decoding=\"async\" width=\"300\" height=\"60\" alt=\"Logo\" title=\"Goldhofer\" src=\"https:\/\/www.ime-gmbh.com\/wp-content\/uploads\/2016\/05\/Goldhofer-300x60.jpg\" class=\"img-responsive wp-image-7901\"\/><\/span><\/div><\/div><\/div><div class=\"fusion-layout-column fusion_builder_column fusion-builder-column-2 fusion_builder_column_2_5 2_5 fusion-flex-column\" style=\"--awb-bg-size:cover;--awb-width-large:40%;--awb-margin-top-large:0px;--awb-spacing-right-large:6.4%;--awb-margin-bottom-large:20px;--awb-spacing-left-large:4.8%;--awb-width-medium:100%;--awb-spacing-right-medium:1.92%;--awb-spacing-left-medium:1.92%;--awb-width-small:100%;--awb-spacing-right-small:1.92%;--awb-spacing-left-small:1.92%;\"><div class=\"fusion-column-wrapper fusion-flex-justify-content-flex-start fusion-content-layout-column\"><\/div><\/div><div class=\"fusion-layout-column fusion_builder_column fusion-builder-column-3 fusion_builder_column_5_6 5_6 fusion-flex-column fusion-flex-align-self-flex-start fusion-column-no-min-height\" style=\"--awb-bg-size:cover;--awb-width-large:83.333333333333%;--awb-margin-top-large:0px;--awb-spacing-right-large:2.304%;--awb-margin-bottom-large:0px;--awb-spacing-left-large:2.304%;--awb-width-medium:100%;--awb-spacing-right-medium:1.92%;--awb-spacing-left-medium:1.92%;--awb-width-small:100%;--awb-spacing-right-small:1.92%;--awb-spacing-left-small:1.92%;\"><div class=\"fusion-column-wrapper fusion-flex-justify-content-flex-start fusion-content-layout-column\"><div class=\"fusion-text fusion-text-2\"><h2 id=\"form\">Formulario de contacto<\/h2>\n\n<div class=\"wpcf7 no-js\" id=\"wpcf7-f684-o1\" lang=\"de-DE\" dir=\"ltr\" data-wpcf7-id=\"684\">\n<div class=\"screen-reader-response\"><p role=\"status\" aria-live=\"polite\" aria-atomic=\"true\"><\/p> <ul><\/ul><\/div>\n<form action=\"\/es\/wp-json\/wp\/v2\/pages\/3907#wpcf7-f684-o1\" method=\"post\" class=\"wpcf7-form init\" aria-label=\"Kontaktformular\" novalidate=\"novalidate\" data-status=\"init\">\n<fieldset class=\"hidden-fields-container\"><input type=\"hidden\" name=\"_wpcf7\" value=\"684\" \/><input type=\"hidden\" name=\"_wpcf7_version\" value=\"6.1.5\" \/><input type=\"hidden\" name=\"_wpcf7_locale\" value=\"de_DE\" \/><input type=\"hidden\" name=\"_wpcf7_unit_tag\" value=\"wpcf7-f684-o1\" \/><input type=\"hidden\" name=\"_wpcf7_container_post\" value=\"0\" \/><input type=\"hidden\" name=\"_wpcf7_posted_data_hash\" value=\"\" \/>\n<\/fieldset>\n<div style=\"float: left; width: 48%;\">\n\t<p>Nombre\n\t<\/p>\n\t<p><span class=\"wpcf7-form-control-wrap\" data-name=\"Vorname\"><input size=\"40\" maxlength=\"400\" class=\"wpcf7-form-control wpcf7-text\" aria-invalid=\"false\" value=\"\" type=\"text\" name=\"Vorname\" \/><\/span>\n\t<\/p>\n<\/div>\n<div style=\"margin-left: 52%; width: 48%;\">\n\t<p>Apellido\n\t<\/p>\n\t<p><span class=\"wpcf7-form-control-wrap\" data-name=\"Nachname\"><input size=\"40\" maxlength=\"400\" class=\"wpcf7-form-control wpcf7-text wpcf7-validates-as-required\" aria-required=\"true\" aria-invalid=\"false\" value=\"\" type=\"text\" name=\"Nachname\" \/><\/span>\n\t<\/p>\n<\/div>\n<div style=\"float: left; width: 100%; margin-bottom: 20px;\">\n\t<p>Nombre de la empresa\n\t<\/p>\n\t<p><span class=\"wpcf7-form-control-wrap\" data-name=\"Firmenname\"><input size=\"40\" maxlength=\"400\" class=\"wpcf7-form-control wpcf7-text wpcf7-validates-as-required\" aria-required=\"true\" aria-invalid=\"false\" value=\"\" type=\"text\" name=\"Firmenname\" \/><\/span>\n\t<\/p>\n<\/div>\n<div style=\"float: left; width: 100%; margin-bottom: 20px;\">\n\t<p>Carretera\n\t<\/p>\n\t<p><span class=\"wpcf7-form-control-wrap\" data-name=\"Strasse\"><input size=\"40\" maxlength=\"400\" class=\"wpcf7-form-control wpcf7-text\" aria-invalid=\"false\" value=\"\" type=\"text\" name=\"Strasse\" \/><\/span>\n\t<\/p>\n<\/div>\n<div style=\"float: left; width: 48%;\">\n\t<p>C\u00f3digo postal\n\t<\/p>\n\t<p><span class=\"wpcf7-form-control-wrap\" data-name=\"PLZ\"><input size=\"40\" maxlength=\"400\" class=\"wpcf7-form-control wpcf7-text\" aria-invalid=\"false\" value=\"\" type=\"text\" name=\"PLZ\" \/><\/span>\n\t<\/p>\n<\/div>\n<div style=\"margin-left: 52%; width: 48%;\">\n\t<p>Poblaci\u00f3n\n\t<\/p>\n\t<p><span class=\"wpcf7-form-control-wrap\" data-name=\"Ort\"><input size=\"40\" maxlength=\"400\" class=\"wpcf7-form-control wpcf7-text wpcf7-validates-as-required\" aria-required=\"true\" aria-invalid=\"false\" value=\"\" type=\"text\" name=\"Ort\" \/><\/span>\n\t<\/p>\n<\/div>\n<div style=\"float: left; width: 100%; margin-bottom: 20px;\">\n\t<p>Pa\u00eds\n\t<\/p>\n\t<p><span class=\"wpcf7-form-control-wrap\" data-name=\"Land\"><input size=\"40\" maxlength=\"400\" class=\"wpcf7-form-control wpcf7-text wpcf7-validates-as-required\" aria-required=\"true\" aria-invalid=\"false\" value=\"\" type=\"text\" name=\"Land\" \/><\/span>\n\t<\/p>\n<\/div>\n<div style=\"float: left; width: 48%;\">\n\t<p>E-mail*\n\t<\/p>\n\t<p><span class=\"wpcf7-form-control-wrap\" data-name=\"E-Mail\"><input size=\"40\" maxlength=\"400\" class=\"wpcf7-form-control wpcf7-email wpcf7-validates-as-required wpcf7-text wpcf7-validates-as-email\" aria-required=\"true\" aria-invalid=\"false\" value=\"\" type=\"email\" name=\"E-Mail\" \/><\/span>\n\t<\/p>\n<\/div>\n<div style=\"margin-left: 52%; width: 48%;\">\n\t<p>Tel\u00e9fono\n\t<\/p>\n\t<p><span class=\"wpcf7-form-control-wrap\" data-name=\"phonetext-969\"><input size=\"40\" class=\"wpcf7-form-control wpcf7-phonetext wpcf7-text wpcf7-validates-as-phonetext\" aria-invalid=\"false\" value=\"\" type=\"text\" name=\"phonetext-969\" \/><input type=\"hidden\" name=\"phonetext-969-country-code\" class=\"wpcf7-phonetext-country-code\" \/><\/span>\n\t<\/p>\n<\/div>\n<div style=\"float: left; width: 100%; margin-bottom: 20px;\">\n\t<p>Fabricante\n\t<\/p>\n\t<p><span class=\"wpcf7-form-control-wrap\" data-name=\"Hersteller\"><input size=\"40\" maxlength=\"400\" class=\"wpcf7-form-control wpcf7-text wpcf7-validates-as-required\" aria-required=\"true\" aria-invalid=\"false\" value=\"\" type=\"text\" name=\"Hersteller\" \/><\/span>\n\t<\/p>\n<\/div>\n<div style=\"float: left; width: 100%; margin-bottom: 20px;\">\n\t<p>Tipo de m\u00e1quina\n\t<\/p>\n\t<p><span class=\"wpcf7-form-control-wrap\" data-name=\"Typenbezeichnung\"><input size=\"40\" maxlength=\"400\" class=\"wpcf7-form-control wpcf7-text\" aria-invalid=\"false\" value=\"\" type=\"text\" name=\"Typenbezeichnung\" \/><\/span>\n\t<\/p>\n<\/div>\n<div style=\"float: left; width: 100%; margin-bottom: 20px;\">\n\t<p>N\u00famero de serie de la m\u00e1quina\n\t<\/p>\n\t<p><span class=\"wpcf7-form-control-wrap\" data-name=\"Seriennummer\"><input size=\"40\" maxlength=\"400\" class=\"wpcf7-form-control wpcf7-text\" aria-invalid=\"false\" value=\"\" type=\"text\" name=\"Seriennummer\" \/><\/span>\n\t<\/p>\n<\/div>\n<div style=\"float: left; width: 48%;\">\n\t<p>Part number\n\t<\/p>\n\t<p><span class=\"wpcf7-form-control-wrap\" data-name=\"Ersatzteilnummer\"><input size=\"40\" maxlength=\"400\" class=\"wpcf7-form-control wpcf7-text\" aria-invalid=\"false\" value=\"\" type=\"text\" name=\"Ersatzteilnummer\" \/><\/span>\n\t<\/p>\n<\/div>\n<div style=\"margin-left: 52%; width: 48%;\">\n\t<p>N\u00famero de pieza<br \/>\n<span class=\"wpcf7-form-control-wrap\" data-name=\"Menge\"><input size=\"40\" maxlength=\"400\" class=\"wpcf7-form-control wpcf7-text\" aria-invalid=\"false\" value=\"\" type=\"text\" name=\"Menge\" \/><\/span>\n\t<\/p>\n<\/div>\n<div style=\"float: left; width: 100%; margin-bottom: 20px;\">\n\t<p>Mensaje\n\t<\/p>\n\t<p><span class=\"wpcf7-form-control-wrap\" data-name=\"your-message\"><textarea cols=\"40\" rows=\"10\" maxlength=\"2000\" class=\"wpcf7-form-control wpcf7-textarea\" aria-invalid=\"false\" name=\"your-message\"><\/textarea><\/span>\n\t<\/p>\n<\/div>\n<p><span class=\"wpcf7-form-control-wrap kc_captcha\" data-name=\"kc_captcha\"><span class=\"wpcf7-form-control wpcf7-radio\"><span class=\"captcha-image\" ><span class=\"cf7ic_instructions\">Bitte beweise, dass du kein Spambot bist und w\u00e4hle das Symbol<span> Stern<\/span>.<\/span><label><input aria-label=\"1\" type=\"radio\" name=\"kc_captcha\" value=\"bot\" \/><svg aria-hidden=\"true\" role=\"img\" xmlns=\"http:\/\/www.w3.org\/2000\/svg\" viewBox=\"0 0 576 512\"><path fill=\"currentColor\" d=\"M415 24c-53 0-103 42-127 65-24-23-74-65-127-65C70 24 16 77 16 166c0 72 67 133 69 135l187 181c9 8 23 8 32 0l187-180c2-3 69-64 69-136 0-89-54-142-145-142z\"\/><\/svg><\/label><label><input aria-label=\"2\" type=\"radio\" name=\"kc_captcha\" value=\"kc_human\" \/><svg aria-hidden=\"true\" role=\"img\" xmlns=\"http:\/\/www.w3.org\/2000\/svg\" viewBox=\"0 0 576 512\"><path fill=\"currentColor\" d=\"M259 18l-65 132-146 22c-26 3-37 36-18 54l106 103-25 146c-5 26 23 46 46 33l131-68 131 68c23 13 51-7 46-33l-25-146 106-103c19-18 8-51-18-54l-146-22-65-132a32 32 0 00-58 0z\"\/><\/svg><\/label><label><input aria-label=\"3\" type=\"radio\" name=\"kc_captcha\" value=\"bot\" \/><svg aria-hidden=\"true\" role=\"img\" xmlns=\"http:\/\/www.w3.org\/2000\/svg\" viewBox=\"0 0 576 512\"><path fill=\"currentColor\" d=\"M472 200H360L256 6a12 12 0 00-10-6h-58c-8 0-14 7-12 15l34 185H100l-35-58a12 12 0 00-10-6H12c-8 0-13 7-12 14l21 106L0 362c-1 7 4 14 12 14h43c4 0 8-2 10-6l35-58h110l-34 185c-2 8 4 15 12 15h58a12 12 0 0010-6l104-194h112c57 0 104-25 104-56s-47-56-104-56z\"\/><\/svg><\/label>\r\n    <\/span>\r\n    <span style=\"display:none\">\r\n        <input type=\"text\" name=\"kc_honeypot\">\r\n    <\/span><\/span><\/span>\n<\/p>\n<p><input class=\"wpcf7-form-control wpcf7-submit has-spinner\" type=\"submit\" value=\"Enviar\" \/>\n<\/p><div class=\"fusion-alert alert custom alert-custom fusion-alert-center wpcf7-response-output fusion-alert-capitalize awb-alert-native-link-color alert-dismissable awb-alert-close-boxed\" style=\"--awb-border-top-left-radius:0px;--awb-border-top-right-radius:0px;--awb-border-bottom-left-radius:0px;--awb-border-bottom-right-radius:0px;\" role=\"alert\"><div class=\"fusion-alert-content-wrapper\"><span class=\"fusion-alert-content\"><\/span><\/div><button type=\"button\" class=\"close toggle-alert\" data-dismiss=\"alert\" aria-label=\"Close\">&times;<\/button><\/div>\n<\/form>\n<\/div>\n\n<\/div><div class=\"fusion-text fusion-text-3\"><p style=\"text-align: left;\"><strong>IME entrega repuestos\/refacciones en todo el mundo para:<\/strong><\/p>\n<ul>\n<li>\n<h3><a href=\"https:\/\/www.ime-gmbh.com\/es\/piezas-de-repuesto\/piezas-de-repuesto-para-vehiculos-de-aeropuerto-y-equipamiento-aeroportuario\/\">Veh\u00edculos de aeropuerto y equipamiento aeroportuario<\/a><\/h3>\n<ul>\n<li>Remolcador convencional<\/li>\n<li>Remolcador de aviones sin varilla<\/li>\n<li>Equipaje y veh\u00edculos de carga.<\/li>\n<li>Sistema de recuperaci\u00f3n de aviones ARTS (Sistema de transporte de recuperaci\u00f3n de aviones<\/li>\n<\/ul>\n<\/li>\n<\/ul>\n<\/div><div class=\"fusion-text fusion-text-4\"><h2 style=\"text-align: left;\">Historia empresarial<\/h2>\n<p>La empresa <a href=\"https:\/\/en.wikipedia.org\/wiki\/Schopf\" target=\"_blank\" rel=\"noopener\">Schopf<\/a> fue fundada despu\u00e9s de la 2\u00aa Guerra Mundial en Ostfildern, cerca de Stuttgart.<\/p>\n<h3>Desarrollo de productos<\/h3>\n<p>Se produc\u00edan m\u00e1quinas TI para uso subterr\u00e1neo. Se fabricaban m\u00e1quinas para la miner\u00eda subterr\u00e1nea. Incluso hoy en d\u00eda, los llamados cargadores de ruedas &#8216;Lowline&#8217; (cargadores de ruedas para miner\u00eda \/ tuneler\u00eda) se siguen fabricando y vendiendo para su uso en miner\u00eda subterr\u00e1nea. Los tipos SFL 35 a SFL 180 (cargadora de ruedas con una carga \u00fatil de hasta 18 toneladas y un cuchar\u00f3n de 9 metros c\u00fabicos) est\u00e1n en uso en todas las compa\u00f1\u00edas mineras conocidas.<\/p>\n<p>M\u00e1s tarde, las m\u00e1quinas para tirar y mover aviones con la ayuda de tirantes fueron fabricadas y vendidas con gran \u00e9xito en todo el mundo. M\u00e1s tarde, la empresa Rofan, que fabricaba peque\u00f1os tractores para arrastrar camiones de equipaje, etc., absorvi\u00f3 e integr\u00f3 los productos en la gama de productos Schopf.<\/p>\n<h3>Adquisici\u00f3n empresarial<\/h3>\n<p><em><strong>En 2013<\/strong>,<\/em> el mayor competidor de Schopf, la compa\u00f1\u00eda Goldhofer de Memmingen, se hizo cargo de la empresa. Ahora la compa\u00f1\u00eda opera bajo el nombre de <a href=\"https:\/\/de.wikipedia.org\/wiki\/Goldhofer\" target=\"_blank\" rel=\"noopener\"><em><strong>Goldhofer Airport Technology<\/strong><\/em><\/a>. Goldhofer tambi\u00e9n tiene tractores de aviones (sin barras de remolque) en el cat\u00e1logo.<\/p>\n<h3>Sitio de producci\u00f3n<\/h3>\n<p>Las m\u00e1quinas de Goldhofer Airport Technology a\u00fan se est\u00e1n ensamblando y vendiendo en Ostfildern. El \u00e1rea de postventa tambi\u00e9n est\u00e1 a cargo de Ostfildern. Sin embargo, est\u00e1 previsto reubicar la producci\u00f3n en N\u00fcrtingen.<\/p>\n<h3>La gama actual de productos de Goldhofer Airport Technology GmbH se compone de:<\/h3>\n<ul>\n<li>Tractores de avi\u00f3n convencionales (tipo F59, tipo F396, BISON D 370 BISON E 370, BISON D 620, BISON D 1000)<\/li>\n<li>Remolcador de aviones sin varilla (tipo AST-1X, tipo AST-2P \/ X PHOENIX, AST-3<\/li>\n<li>Equipaje y veh\u00edculos automotores (SHERPA D, SHERPA E)<\/li>\n<li>Sistema de recuperaci\u00f3n de aviones ARTS (Aircraft Recovery Transport System) (Typ ARTS-1\/ARTS-2, ARTS-3, ARTS-4, ARTS-5, ARTS-6)<\/li>\n<\/ul>\n<\/div><\/div><\/div><\/div><\/div>\n","protected":false},"excerpt":{"rendered":"","protected":false},"author":2,"featured_media":0,"parent":2730,"menu_order":0,"comment_status":"closed","ping_status":"closed","template":"","meta":{"footnotes":""},"class_list":["post-3907","page","type-page","status-publish","hentry"],"_links":{"self":[{"href":"https:\/\/www.ime-gmbh.com\/es\/wp-json\/wp\/v2\/pages\/3907","targetHints":{"allow":["GET"]}}],"collection":[{"href":"https:\/\/www.ime-gmbh.com\/es\/wp-json\/wp\/v2\/pages"}],"about":[{"href":"https:\/\/www.ime-gmbh.com\/es\/wp-json\/wp\/v2\/types\/page"}],"author":[{"embeddable":true,"href":"https:\/\/www.ime-gmbh.com\/es\/wp-json\/wp\/v2\/users\/2"}],"replies":[{"embeddable":true,"href":"https:\/\/www.ime-gmbh.com\/es\/wp-json\/wp\/v2\/comments?post=3907"}],"version-history":[{"count":17,"href":"https:\/\/www.ime-gmbh.com\/es\/wp-json\/wp\/v2\/pages\/3907\/revisions"}],"predecessor-version":[{"id":22117,"href":"https:\/\/www.ime-gmbh.com\/es\/wp-json\/wp\/v2\/pages\/3907\/revisions\/22117"}],"up":[{"embeddable":true,"href":"https:\/\/www.ime-gmbh.com\/es\/wp-json\/wp\/v2\/pages\/2730"}],"wp:attachment":[{"href":"https:\/\/www.ime-gmbh.com\/es\/wp-json\/wp\/v2\/media?parent=3907"}],"curies":[{"name":"wp","href":"https:\/\/api.w.org\/{rel}","templated":true}]}}