{"id":33458,"date":"2024-11-27T12:59:50","date_gmt":"2024-11-27T11:59:50","guid":{"rendered":"https:\/\/www.ime-gmbh.com\/piezas-de-repuesto\/fabricantes\/astra\/"},"modified":"2024-11-27T13:55:47","modified_gmt":"2024-11-27T12:55:47","slug":"astra","status":"publish","type":"page","link":"https:\/\/www.ime-gmbh.com\/es\/piezas-de-repuesto\/fabricantes\/astra\/","title":{"rendered":"Astra"},"content":{"rendered":"<div class=\"fusion-fullwidth fullwidth-box fusion-builder-row-1 fusion-flex-container has-pattern-background has-mask-background hundred-percent-fullwidth non-hundred-percent-height-scrolling\" style=\"--awb-border-radius-top-left:0px;--awb-border-radius-top-right:0px;--awb-border-radius-bottom-right:0px;--awb-border-radius-bottom-left:0px;--awb-overflow:visible;--awb-flex-wrap:wrap;\" ><div class=\"fusion-builder-row fusion-row fusion-flex-align-items-center fusion-flex-justify-content-center fusion-flex-content-wrap\" style=\"width:104% !important;max-width:104% !important;margin-left: calc(-4% \/ 2 );margin-right: calc(-4% \/ 2 );\"><div class=\"fusion-layout-column fusion_builder_column fusion-builder-column-0 fusion-flex-column fusion-no-small-visibility\" style=\"--awb-bg-image:url(&#039;https:\/\/www.ime-gmbh.com\/wp-content\/uploads\/2024\/11\/Astra-Website-Banner.webp&#039;);--awb-bg-size:cover;--awb-width-large:105%;--awb-margin-top-large:-60px;--awb-spacing-right-large:1.8285714285714%;--awb-margin-bottom-large:20px;--awb-spacing-left-large:2.4380952380952%;--awb-width-medium:100%;--awb-order-medium:0;--awb-spacing-right-medium:1.92%;--awb-spacing-left-medium:1.92%;--awb-width-small:100%;--awb-order-small:0;--awb-spacing-right-small:1.92%;--awb-spacing-left-small:1.92%;\" data-scroll-devices=\"small-visibility,medium-visibility,large-visibility\"><div class=\"fusion-column-wrapper fusion-column-has-shadow fusion-flex-justify-content-flex-start fusion-content-layout-column fusion-column-has-bg-image\" data-bg-url=\"https:\/\/www.ime-gmbh.com\/wp-content\/uploads\/2024\/11\/Astra-Website-Banner.webp\"><div class=\"fusion-text fusion-text-1 fusion-text-no-margin\" style=\"--awb-margin-top:300px;--awb-margin-bottom:20px;\"><h1 style=\"font-size: 60px; margin-left: 200px;\"><span style=\"color: orange;\">|<\/span><span style=\"color: white;\">Astra<\/span><br \/>\n<span style=\"color: white;\">Solicite ahora mismo una oferta personalizada<\/span><\/h1>\n<\/div><\/div><\/div><div class=\"fusion-layout-column fusion_builder_column fusion-builder-column-1 fusion_builder_column_1_1 1_1 fusion-flex-column fusion-no-medium-visibility fusion-no-large-visibility\" style=\"--awb-bg-size:cover;--awb-width-large:100%;--awb-margin-top-large:0px;--awb-spacing-right-large:1.92%;--awb-margin-bottom-large:20px;--awb-spacing-left-large:2.56%;--awb-width-medium:100%;--awb-order-medium:0;--awb-spacing-right-medium:1.92%;--awb-spacing-left-medium:1.92%;--awb-width-small:100%;--awb-order-small:0;--awb-spacing-right-small:1.92%;--awb-spacing-left-small:1.92%;\" data-scroll-devices=\"small-visibility,medium-visibility,large-visibility\"><div class=\"fusion-column-wrapper fusion-column-has-shadow fusion-flex-justify-content-flex-start fusion-content-layout-column\"><div class=\"fusion-text fusion-text-2\"><h1>Astra &#8211; Demander maintenant des pi\u00e8ces de rechange<\/h1>\n<\/div><\/div><\/div><div class=\"fusion-layout-column fusion_builder_column fusion-builder-column-2 fusion_builder_column_5_6 5_6 fusion-flex-column fusion-flex-align-self-flex-start fusion-column-no-min-height\" style=\"--awb-bg-size:cover;--awb-width-large:83.333333333333%;--awb-margin-top-large:0px;--awb-spacing-right-large:2.304%;--awb-margin-bottom-large:0px;--awb-spacing-left-large:2.304%;--awb-width-medium:100%;--awb-spacing-right-medium:1.92%;--awb-spacing-left-medium:1.92%;--awb-width-small:100%;--awb-spacing-right-small:1.92%;--awb-spacing-left-small:1.92%;\"><div class=\"fusion-column-wrapper fusion-flex-justify-content-flex-start fusion-content-layout-column\"><div class=\"fusion-text fusion-text-3\"><h2 id=\"form\">Utilice nuestro formulario de solicitud para obtener una oferta<\/h2>\n\n<div class=\"wpcf7 no-js\" id=\"wpcf7-f684-o1\" lang=\"de-DE\" dir=\"ltr\" data-wpcf7-id=\"684\">\n<div class=\"screen-reader-response\"><p role=\"status\" aria-live=\"polite\" aria-atomic=\"true\"><\/p> <ul><\/ul><\/div>\n<form action=\"\/es\/wp-json\/wp\/v2\/pages\/33458#wpcf7-f684-o1\" method=\"post\" class=\"wpcf7-form init\" aria-label=\"Kontaktformular\" novalidate=\"novalidate\" data-status=\"init\">\n<fieldset class=\"hidden-fields-container\"><input type=\"hidden\" name=\"_wpcf7\" value=\"684\" \/><input type=\"hidden\" name=\"_wpcf7_version\" value=\"6.1.5\" \/><input type=\"hidden\" name=\"_wpcf7_locale\" value=\"de_DE\" \/><input type=\"hidden\" name=\"_wpcf7_unit_tag\" value=\"wpcf7-f684-o1\" \/><input type=\"hidden\" name=\"_wpcf7_container_post\" value=\"0\" \/><input type=\"hidden\" name=\"_wpcf7_posted_data_hash\" value=\"\" \/>\n<\/fieldset>\n<div style=\"float: left; width: 48%;\">\n\t<p>Nombre\n\t<\/p>\n\t<p><span class=\"wpcf7-form-control-wrap\" data-name=\"Vorname\"><input size=\"40\" maxlength=\"400\" class=\"wpcf7-form-control wpcf7-text\" aria-invalid=\"false\" value=\"\" type=\"text\" name=\"Vorname\" \/><\/span>\n\t<\/p>\n<\/div>\n<div style=\"margin-left: 52%; width: 48%;\">\n\t<p>Apellido\n\t<\/p>\n\t<p><span class=\"wpcf7-form-control-wrap\" data-name=\"Nachname\"><input size=\"40\" maxlength=\"400\" class=\"wpcf7-form-control wpcf7-text wpcf7-validates-as-required\" aria-required=\"true\" aria-invalid=\"false\" value=\"\" type=\"text\" name=\"Nachname\" \/><\/span>\n\t<\/p>\n<\/div>\n<div style=\"float: left; width: 100%; margin-bottom: 20px;\">\n\t<p>Nombre de la empresa\n\t<\/p>\n\t<p><span class=\"wpcf7-form-control-wrap\" data-name=\"Firmenname\"><input size=\"40\" maxlength=\"400\" class=\"wpcf7-form-control wpcf7-text wpcf7-validates-as-required\" aria-required=\"true\" aria-invalid=\"false\" value=\"\" type=\"text\" name=\"Firmenname\" \/><\/span>\n\t<\/p>\n<\/div>\n<div style=\"float: left; width: 100%; margin-bottom: 20px;\">\n\t<p>Carretera\n\t<\/p>\n\t<p><span class=\"wpcf7-form-control-wrap\" data-name=\"Strasse\"><input size=\"40\" maxlength=\"400\" class=\"wpcf7-form-control wpcf7-text\" aria-invalid=\"false\" value=\"\" type=\"text\" name=\"Strasse\" \/><\/span>\n\t<\/p>\n<\/div>\n<div style=\"float: left; width: 48%;\">\n\t<p>C\u00f3digo postal\n\t<\/p>\n\t<p><span class=\"wpcf7-form-control-wrap\" data-name=\"PLZ\"><input size=\"40\" maxlength=\"400\" class=\"wpcf7-form-control wpcf7-text\" aria-invalid=\"false\" value=\"\" type=\"text\" name=\"PLZ\" \/><\/span>\n\t<\/p>\n<\/div>\n<div style=\"margin-left: 52%; width: 48%;\">\n\t<p>Poblaci\u00f3n\n\t<\/p>\n\t<p><span class=\"wpcf7-form-control-wrap\" data-name=\"Ort\"><input size=\"40\" maxlength=\"400\" class=\"wpcf7-form-control wpcf7-text wpcf7-validates-as-required\" aria-required=\"true\" aria-invalid=\"false\" value=\"\" type=\"text\" name=\"Ort\" \/><\/span>\n\t<\/p>\n<\/div>\n<div style=\"float: left; width: 100%; margin-bottom: 20px;\">\n\t<p>Pa\u00eds\n\t<\/p>\n\t<p><span class=\"wpcf7-form-control-wrap\" data-name=\"Land\"><input size=\"40\" maxlength=\"400\" class=\"wpcf7-form-control wpcf7-text wpcf7-validates-as-required\" aria-required=\"true\" aria-invalid=\"false\" value=\"\" type=\"text\" name=\"Land\" \/><\/span>\n\t<\/p>\n<\/div>\n<div style=\"float: left; width: 48%;\">\n\t<p>E-mail*\n\t<\/p>\n\t<p><span class=\"wpcf7-form-control-wrap\" data-name=\"E-Mail\"><input size=\"40\" maxlength=\"400\" class=\"wpcf7-form-control wpcf7-email wpcf7-validates-as-required wpcf7-text wpcf7-validates-as-email\" aria-required=\"true\" aria-invalid=\"false\" value=\"\" type=\"email\" name=\"E-Mail\" \/><\/span>\n\t<\/p>\n<\/div>\n<div style=\"margin-left: 52%; width: 48%;\">\n\t<p>Tel\u00e9fono\n\t<\/p>\n\t<p><span class=\"wpcf7-form-control-wrap\" data-name=\"phonetext-969\"><input size=\"40\" class=\"wpcf7-form-control wpcf7-phonetext wpcf7-text wpcf7-validates-as-phonetext\" aria-invalid=\"false\" value=\"\" type=\"text\" name=\"phonetext-969\" \/><input type=\"hidden\" name=\"phonetext-969-country-code\" class=\"wpcf7-phonetext-country-code\" \/><\/span>\n\t<\/p>\n<\/div>\n<div style=\"float: left; width: 100%; margin-bottom: 20px;\">\n\t<p>Fabricante\n\t<\/p>\n\t<p><span class=\"wpcf7-form-control-wrap\" data-name=\"Hersteller\"><input size=\"40\" maxlength=\"400\" class=\"wpcf7-form-control wpcf7-text wpcf7-validates-as-required\" aria-required=\"true\" aria-invalid=\"false\" value=\"\" type=\"text\" name=\"Hersteller\" \/><\/span>\n\t<\/p>\n<\/div>\n<div style=\"float: left; width: 100%; margin-bottom: 20px;\">\n\t<p>Tipo de m\u00e1quina\n\t<\/p>\n\t<p><span class=\"wpcf7-form-control-wrap\" data-name=\"Typenbezeichnung\"><input size=\"40\" maxlength=\"400\" class=\"wpcf7-form-control wpcf7-text\" aria-invalid=\"false\" value=\"\" type=\"text\" name=\"Typenbezeichnung\" \/><\/span>\n\t<\/p>\n<\/div>\n<div style=\"float: left; width: 100%; margin-bottom: 20px;\">\n\t<p>N\u00famero de serie de la m\u00e1quina\n\t<\/p>\n\t<p><span class=\"wpcf7-form-control-wrap\" data-name=\"Seriennummer\"><input size=\"40\" maxlength=\"400\" class=\"wpcf7-form-control wpcf7-text\" aria-invalid=\"false\" value=\"\" type=\"text\" name=\"Seriennummer\" \/><\/span>\n\t<\/p>\n<\/div>\n<div style=\"float: left; width: 48%;\">\n\t<p>Part number\n\t<\/p>\n\t<p><span class=\"wpcf7-form-control-wrap\" data-name=\"Ersatzteilnummer\"><input size=\"40\" maxlength=\"400\" class=\"wpcf7-form-control wpcf7-text\" aria-invalid=\"false\" value=\"\" type=\"text\" name=\"Ersatzteilnummer\" \/><\/span>\n\t<\/p>\n<\/div>\n<div style=\"margin-left: 52%; width: 48%;\">\n\t<p>N\u00famero de pieza<br \/>\n<span class=\"wpcf7-form-control-wrap\" data-name=\"Menge\"><input size=\"40\" maxlength=\"400\" class=\"wpcf7-form-control wpcf7-text\" aria-invalid=\"false\" value=\"\" type=\"text\" name=\"Menge\" \/><\/span>\n\t<\/p>\n<\/div>\n<div style=\"float: left; width: 100%; margin-bottom: 20px;\">\n\t<p>Mensaje\n\t<\/p>\n\t<p><span class=\"wpcf7-form-control-wrap\" data-name=\"your-message\"><textarea cols=\"40\" rows=\"10\" maxlength=\"2000\" class=\"wpcf7-form-control wpcf7-textarea\" aria-invalid=\"false\" name=\"your-message\"><\/textarea><\/span>\n\t<\/p>\n<\/div>\n<p><span class=\"wpcf7-form-control-wrap kc_captcha\" data-name=\"kc_captcha\"><span class=\"wpcf7-form-control wpcf7-radio\"><span class=\"captcha-image\" ><span class=\"cf7ic_instructions\">Bitte beweise, dass du kein Spambot bist und w\u00e4hle das Symbol<span> Tasse<\/span>.<\/span><label><input aria-label=\"1\" type=\"radio\" name=\"kc_captcha\" value=\"bot\" \/><svg aria-hidden=\"true\" role=\"img\" xmlns=\"http:\/\/www.w3.org\/2000\/svg\" viewBox=\"0 0 576 512\"><path fill=\"currentColor\" d=\"M259 18l-65 132-146 22c-26 3-37 36-18 54l106 103-25 146c-5 26 23 46 46 33l131-68 131 68c23 13 51-7 46-33l-25-146 106-103c19-18 8-51-18-54l-146-22-65-132a32 32 0 00-58 0z\"\/><\/svg><\/label><label><input aria-label=\"2\" type=\"radio\" name=\"kc_captcha\" value=\"kc_human\" \/><svg aria-hidden=\"true\" role=\"img\" xmlns=\"http:\/\/www.w3.org\/2000\/svg\" viewBox=\"0 0 640 512\"><path fill=\"currentColor\" d=\"M192 384h192c53 0 96-43 96-96h32a128 128 0 000-256H120c-13 0-24 11-24 24v232c0 53 43 96 96 96zM512 96a64 64 0 010 128h-32V96h32zm48 384H48c-47 0-61-64-36-64h584c25 0 11 64-36 64z\"\/><\/svg><\/label><label><input aria-label=\"3\" type=\"radio\" name=\"kc_captcha\" value=\"bot\" \/><svg aria-hidden=\"true\" role=\"img\" xmlns=\"http:\/\/www.w3.org\/2000\/svg\" viewBox=\"0 0 384 512\"><path fill=\"currentColor\" d=\"M377 375l-83-87h34c21 0 32-25 17-40l-82-88h33c21 0 32-25 18-40L210 8c-10-11-26-11-36 0L70 120c-14 15-3 40 18 40h33l-82 88c-15 15-4 40 17 40h34L7 375c-15 16-4 41 17 41h120c0 33-11 49-34 68-12 9-5 28 10 28h144c15 0 22-19 10-28-20-16-34-32-34-68h120c21 0 32-25 17-41z\"\/><\/svg><\/label>\r\n    <\/span>\r\n    <span style=\"display:none\">\r\n        <input type=\"text\" name=\"kc_honeypot\">\r\n    <\/span><\/span><\/span>\n<\/p>\n<p><input class=\"wpcf7-form-control wpcf7-submit has-spinner\" type=\"submit\" value=\"Enviar\" \/>\n<\/p><div class=\"fusion-alert alert custom alert-custom fusion-alert-center wpcf7-response-output fusion-alert-capitalize awb-alert-native-link-color alert-dismissable awb-alert-close-boxed\" style=\"--awb-border-top-left-radius:0px;--awb-border-top-right-radius:0px;--awb-border-bottom-left-radius:0px;--awb-border-bottom-right-radius:0px;\" role=\"alert\"><div class=\"fusion-alert-content-wrapper\"><span class=\"fusion-alert-content\"><\/span><\/div><button type=\"button\" class=\"close toggle-alert\" data-dismiss=\"alert\" aria-label=\"Close\">&times;<\/button><\/div>\n<\/form>\n<\/div>\n\n<\/div><div class=\"fusion-text fusion-text-4\"><h3><strong>IME: Su socio para repuestos Astra con 40 a\u00f1os de experiencia<\/strong><\/h3>\n<p>El tiempo es crucial, y cada veh\u00edculo parado significa p\u00e9rdida de productividad y costos crecientes. Aqu\u00ed es donde entramos nosotros: en IME GmbH le ofrecemos las soluciones que necesita. Con casi 40 a\u00f1os de experiencia en la exportaci\u00f3n mundial de repuestos, entendemos perfectamente sus necesidades.<\/p>\n<p>Sabemos que en su sector, el tiempo es dinero. Por eso garantizamos entregas r\u00e1pidas y confiables a nivel mundial. Conf\u00ede en nuestra experiencia y en nuestro servicio integral para mantener su flota operativa en todo momento. Juntos, aseguraremos que sus veh\u00edculos est\u00e9n siempre en \u00f3ptimas condiciones, permiti\u00e9ndole enfocarse en lo m\u00e1s importante: su negocio.<\/p>\n<p>Nuestro equipo dedicado est\u00e1 siempre disponible para ayudarle a seleccionar los repuestos Astra correctos y garantizar un env\u00edo sin problemas. Adem\u00e1s, se beneficia de nuestra plataforma digital, que simplifica la solicitud y el seguimiento de sus piezas, d\u00e1ndole el control y la transparencia esenciales para su empresa.<\/p>\n<h4><strong>Disponibilidad mundial: su soluci\u00f3n para un suministro r\u00e1pido y confiable de repuestos<\/strong><\/h4>\n<p>Muchos clientes enfrentan desaf\u00edos para obtener repuestos esenciales para sus camiones Astra, especialmente cuando operan en zonas remotas. Estas situaciones pueden causar retrasos significativos y tiempos de inactividad que afectan las operaciones. Con nuestra red global y casi 40 a\u00f1os de experiencia en exportaci\u00f3n, ofrecemos una soluci\u00f3n eficaz: garantizamos que reciba las piezas necesarias de manera r\u00e1pida y confiable, sin importar d\u00f3nde se encuentre. Esto significa menos tiempo de inactividad y m\u00e1s eficiencia en sus proyectos.<\/p>\n<h4><strong>Confianza a trav\u00e9s de la originalidad: \u00bfPor qu\u00e9 elegir repuestos originales Astra?<\/strong><\/h4>\n<p>Otro problema com\u00fan entre nuestros clientes es la incertidumbre sobre la calidad y compatibilidad de los repuestos. En IME ofrecemos repuestos originales Astra dise\u00f1ados espec\u00edficamente para sus veh\u00edculos. Esto asegura la m\u00e1s alta calidad y durabilidad, permiti\u00e9ndole confiar en el rendimiento de sus m\u00e1quinas. Al elegir piezas originales, invierte en la seguridad y fiabilidad de su flota.<\/p>\n<h4><strong>D\u00e9cadas de experiencia: su ventaja gracias a nuestro conocimiento<\/strong><\/h4>\n<p>Elegir al socio adecuado para repuestos puede ser un desaf\u00edo, especialmente cuando se trata de veh\u00edculos especializados como los camiones Astra. IME GmbH cuenta con casi 40 a\u00f1os de experiencia en repuestos para maquinaria de construcci\u00f3n y es un experto reconocido en exportaci\u00f3n. Esta amplia experiencia nos permite ofrecer no solo productos de alta calidad, sino tambi\u00e9n un servicio y asesoramiento integral. Nuestro personal experimentado est\u00e1 a su disposici\u00f3n para garantizar que siempre obtenga las mejores soluciones para sus necesidades. Conf\u00ede en nuestra experiencia y benef\u00edciese de nuestro compromiso con la calidad y la satisfacci\u00f3n del cliente.<\/p>\n<hr \/>\n<h3><strong>Preguntas frecuentes (FAQs)<\/strong><\/h3>\n<p><strong>Preguntas frecuentes sobre repuestos para camiones Astra<\/strong><\/p>\n<ol>\n<li><strong>\u00bfQu\u00e9 repuestos ofrece IME GmbH para camiones Astra?<\/strong><br \/>\nOfrecemos una amplia gama de repuestos de alta calidad para camiones Astra, incluidos componentes para volquetes y chasis. Nuestro cat\u00e1logo cubre todas las piezas esenciales necesarias para reparaciones y mantenimiento.<\/li>\n<li><strong>\u00bfQu\u00e9 tan r\u00e1pido se entregan los repuestos?<\/strong><br \/>\nGracias a nuestro principio de \u201cjusto a tiempo\u201d y nuestras redes log\u00edsticas globales, garantizamos entregas r\u00e1pidas y confiables.<\/li>\n<li><strong>\u00bfC\u00f3mo puedo asegurarme de recibir el repuesto correcto para mi cami\u00f3n Astra?<\/strong><br \/>\nSimplemente env\u00edenos los n\u00fameros de las piezas que necesita y le prepararemos una oferta personalizada y sin compromiso. Si est\u00e1 satisfecho con la oferta, procesaremos su pedido en el menor tiempo posible.<\/li>\n<li><strong>\u00bfCu\u00e1nto tiempo lleva IME GmbH en el negocio de repuestos para maquinaria de construcci\u00f3n?<\/strong><br \/>\nIME GmbH lleva casi 40 a\u00f1os operando en el comercio de repuestos para maquinaria de construcci\u00f3n y se ha ganado una reputaci\u00f3n como socio confiable y profesional.<\/li>\n<li><strong>\u00bfPueden ayudarme con requisitos espec\u00edficos o pedidos grandes?<\/strong><br \/>\n\u00a1Por supuesto! Nos especializamos en ofrecer soluciones personalizadas para nuestros clientes, ya sea para necesidades espec\u00edficas o pedidos de gran volumen. Cont\u00e1ctenos para discutir sus necesidades. Realizamos entregas por cami\u00f3n, v\u00eda mar\u00edtima o a\u00e9rea.<\/li>\n<\/ol>\n<\/div><\/div><\/div><\/div><\/div>\n","protected":false},"excerpt":{"rendered":"","protected":false},"author":4,"featured_media":0,"parent":2730,"menu_order":0,"comment_status":"closed","ping_status":"closed","template":"","meta":{"footnotes":""},"class_list":["post-33458","page","type-page","status-publish","hentry"],"_links":{"self":[{"href":"https:\/\/www.ime-gmbh.com\/es\/wp-json\/wp\/v2\/pages\/33458","targetHints":{"allow":["GET"]}}],"collection":[{"href":"https:\/\/www.ime-gmbh.com\/es\/wp-json\/wp\/v2\/pages"}],"about":[{"href":"https:\/\/www.ime-gmbh.com\/es\/wp-json\/wp\/v2\/types\/page"}],"author":[{"embeddable":true,"href":"https:\/\/www.ime-gmbh.com\/es\/wp-json\/wp\/v2\/users\/4"}],"replies":[{"embeddable":true,"href":"https:\/\/www.ime-gmbh.com\/es\/wp-json\/wp\/v2\/comments?post=33458"}],"version-history":[{"count":1,"href":"https:\/\/www.ime-gmbh.com\/es\/wp-json\/wp\/v2\/pages\/33458\/revisions"}],"predecessor-version":[{"id":33459,"href":"https:\/\/www.ime-gmbh.com\/es\/wp-json\/wp\/v2\/pages\/33458\/revisions\/33459"}],"up":[{"embeddable":true,"href":"https:\/\/www.ime-gmbh.com\/es\/wp-json\/wp\/v2\/pages\/2730"}],"wp:attachment":[{"href":"https:\/\/www.ime-gmbh.com\/es\/wp-json\/wp\/v2\/media?parent=33458"}],"curies":[{"name":"wp","href":"https:\/\/api.w.org\/{rel}","templated":true}]}}