{"id":3041,"date":"2016-12-06T11:45:40","date_gmt":"2016-12-06T10:45:40","guid":{"rendered":"https:\/\/www.ime-gmbh.com\/?page_id=3041\/"},"modified":"2023-08-23T11:16:32","modified_gmt":"2023-08-23T09:16:32","slug":"liebherr-piezas-repuesto","status":"publish","type":"page","link":"https:\/\/www.ime-gmbh.com\/es\/piezas-de-repuesto\/fabricantes\/liebherr-piezas-repuesto\/","title":{"rendered":"LIEBHERR"},"content":{"rendered":"<div class=\"fusion-fullwidth fullwidth-box fusion-builder-row-1 fusion-flex-container has-pattern-background has-mask-background hundred-percent-fullwidth non-hundred-percent-height-scrolling\" style=\"--awb-border-radius-top-left:0px;--awb-border-radius-top-right:0px;--awb-border-radius-bottom-right:0px;--awb-border-radius-bottom-left:0px;--awb-overflow:visible;--awb-flex-wrap:wrap;\" ><div class=\"fusion-builder-row fusion-row fusion-flex-align-items-center fusion-flex-justify-content-center fusion-flex-content-wrap\" style=\"width:104% !important;max-width:104% !important;margin-left: calc(-4% \/ 2 );margin-right: calc(-4% \/ 2 );\"><div class=\"fusion-layout-column fusion_builder_column fusion-builder-column-0 fusion_builder_column_5_6 5_6 fusion-flex-column fusion-flex-align-self-flex-start fusion-column-no-min-height\" style=\"--awb-bg-size:cover;--awb-width-large:83.333333333333%;--awb-margin-top-large:0px;--awb-spacing-right-large:2.304%;--awb-margin-bottom-large:0px;--awb-spacing-left-large:2.304%;--awb-width-medium:100%;--awb-spacing-right-medium:1.92%;--awb-spacing-left-medium:1.92%;--awb-width-small:100%;--awb-spacing-right-small:1.92%;--awb-spacing-left-small:1.92%;\"><div class=\"fusion-column-wrapper fusion-flex-justify-content-flex-start fusion-content-layout-column\"><div class=\"fusion-text fusion-text-1\"><h2 style=\"text-align: left;\">Piezas de repuesto\u00a0LIEBHERR<\/h2>\n<p style=\"text-align: left;\"><strong>Entregamos piezas de repuesto\/refacciones para todo el mundo:<\/strong><\/p>\n<ul style=\"text-align: left;\">\n<li>\n<h3><a href=\"https:\/\/www.ime-gmbh.com\/es\/piezas-de-repuesto\/piezas-de-repuesto-para-la-maquinaria-para-el-movimiento-de-tierras\/\">Maquinaria para el movimiento de tierras<\/a><\/h3>\n<ul>\n<li><a href=\"https:\/\/www.ime-gmbh.com\/es\/liebherr-excavator-spare-parts\/\">Excavadoras<\/a><\/li>\n<li>Cargadores<\/li>\n<li>Camiones mineros<\/li>\n<li>Buld\u00f3zeres<\/li>\n<li>Tiendetubos<\/li>\n<\/ul>\n<\/li>\n<li>\n<h3><a href=\"https:\/\/www.ime-gmbh.com\/es\/piezas-de-repuesto\/piezas-de-repuesto-para-las-gruas-perforadores-martillos-hidraulicos-y-polipastos\/\">Piezas de repuesto para gr\u00faas, perforadores, martillos hidr\u00e1ulicos<\/a><\/h3>\n<ul>\n<li>Gr\u00faas<\/li>\n<\/ul>\n<\/li>\n<li>\n<h3><a href=\"https:\/\/www.ime-gmbh.com\/es\/piezas-de-repuesto\/piezas-de-repuesto-para-conduccion-cadenas-palas-tenazas\/\">Piezas de conducci\u00f3n, Cadenas, Palas, Tenazas<\/a><\/h3>\n<ul>\n<li>Herramientas para excavadoras<\/li>\n<\/ul>\n<\/li>\n<li>\n<h3 data-fontsize=\"24\" data-lineheight=\"36\"><a href=\"https:\/\/www.ime-gmbh.com\/es\/piezas-de-repuesto\/hormigoneras-accesorios\/\">Hormigoneras y Accessorios<\/a><\/h3>\n<ul>\n<li>Camiones hormigoneras<\/li>\n<li>Cintas transportadoras<\/li>\n<li>Bombas de hormig\u00f3n<\/li>\n<li>Plantas de hormig\u00f3n<\/li>\n<li>Plantas de reciclaje de hormig\u00f3n<\/li>\n<li>Sistemas de mezcladoras<\/li>\n<li>Sistemas scraper<\/li>\n<li>Tecnolog\u00eda de medici\u00f3n<\/li>\n<\/ul>\n<\/li>\n<\/ul>\n<\/div><div class=\"fusion-text fusion-text-2\"><h2 style=\"text-align: left;\">Historia empresarial<\/h2>\n<p>La empresa <a href=\"https:\/\/es.wikipedia.org\/wiki\/Liebherr\" target=\"_blank\" rel=\"noopener\">Liebherr<\/a> es una empresa de gesti\u00f3n familiar con aproximadamente 41.000 empleados en todo el mundo.<\/p>\n<p>Desde 1983 los principales accionistas son exclusivamente miembros de la familia.<\/p>\n<p>Liebherr fue adquirida por la filial Hans\u00a0 en 1938 en Kirchdorf an der Iller, desarrollando la primera torre de la gr\u00faa m\u00f3vil despu\u00e9s de la 2\u00aa Guerra Mundial.<\/p>\n<h3>Productos<\/h3>\n<p>Hoy en d\u00eda, esta empresa es l\u00edder mundiales en muchas \u00e1reas. Los productos van desde excavadoras m\u00f3viles, excavadoras de oruga, camiones de volteo, gr\u00faas torre, excavadoras, gr\u00faas sobre orugas con pluma de celos\u00eda y telesc\u00f3picas auges (LTM, LT) a gr\u00faas m\u00f3viles, gr\u00faas telesc\u00f3picas m\u00f3viles y y gr\u00faas de puerto mar\u00edtimo. Adem\u00e1s produce \u00a0m\u00e1quinas de miner\u00eda y aparatos electrodom\u00e9sticos como refrigeradores, etc. En la vecina Schussenried son construidos y comercializados con \u00e9xito bombas de hormig\u00f3n y plantas de hormig\u00f3n completas.<\/p>\n<h3>Centros\u00a0de producci\u00f3n<\/h3>\n<p>La divisi\u00f3n de Liebherr Aerospace est\u00e1 situado en Lindenberg im Allg\u00e4u y tambi\u00e9n en Suiza. All\u00ed, entre otras cosas, se llevaron a cabo los sistemas de suspensi\u00f3n para la empresa Airbus.<\/p>\n<p>Liebherr mantiene en 150 pa\u00edses f\u00e1bricas, oficinas o sucursales. En Alemania, las mayores instalaciones de producci\u00f3n est\u00e1n en Ulm-Ehingen, Biberach, Kirchdorf, Bad Schussenried, Lindau y Rostock. En toda Europa existen plantas de producci\u00f3n cerca de Colmar (Francia) &#8211; excavadoras mineras, Liebherr en Telfs (Austria) &#8211; accionamiento hidrost\u00e1tico tractores de oruga y cargadoras, capas de tubos y manipuladores telesc\u00f3picos &#8211; y Nenzing (Austria) &#8211; marina, puerto m\u00f3viles y gr\u00faas offshore y hidr\u00e1ulico -Seilbagger, m\u00e1quinas de ingenier\u00eda civil y de la gr\u00faa.<\/p>\n<h3>Cooperaciones<\/h3>\n<p>Siempre ha existido una buena cooperaci\u00f3n con la empresa Bell (camiones de basura) y Bauer Spezialtiefbau en Schrobenhausen. Estas empresas tienen ahora, sus propios canales de distribuci\u00f3n.<\/p>\n<\/div><div class=\"fusion-text fusion-text-3\"><h2>Formulario de contacto<\/h2>\n\n<div class=\"wpcf7 no-js\" id=\"wpcf7-f684-o1\" lang=\"de-DE\" dir=\"ltr\" data-wpcf7-id=\"684\">\n<div class=\"screen-reader-response\"><p role=\"status\" aria-live=\"polite\" aria-atomic=\"true\"><\/p> <ul><\/ul><\/div>\n<form action=\"\/es\/wp-json\/wp\/v2\/pages\/3041#wpcf7-f684-o1\" method=\"post\" class=\"wpcf7-form init\" aria-label=\"Kontaktformular\" novalidate=\"novalidate\" data-status=\"init\">\n<fieldset class=\"hidden-fields-container\"><input type=\"hidden\" name=\"_wpcf7\" value=\"684\" \/><input type=\"hidden\" name=\"_wpcf7_version\" value=\"6.1.5\" \/><input type=\"hidden\" name=\"_wpcf7_locale\" value=\"de_DE\" \/><input type=\"hidden\" name=\"_wpcf7_unit_tag\" value=\"wpcf7-f684-o1\" \/><input type=\"hidden\" name=\"_wpcf7_container_post\" value=\"0\" \/><input type=\"hidden\" name=\"_wpcf7_posted_data_hash\" value=\"\" \/>\n<\/fieldset>\n<div style=\"float: left; width: 48%;\">\n\t<p>Nombre\n\t<\/p>\n\t<p><span class=\"wpcf7-form-control-wrap\" data-name=\"Vorname\"><input size=\"40\" maxlength=\"400\" class=\"wpcf7-form-control wpcf7-text\" aria-invalid=\"false\" value=\"\" type=\"text\" name=\"Vorname\" \/><\/span>\n\t<\/p>\n<\/div>\n<div style=\"margin-left: 52%; width: 48%;\">\n\t<p>Apellido\n\t<\/p>\n\t<p><span class=\"wpcf7-form-control-wrap\" data-name=\"Nachname\"><input size=\"40\" maxlength=\"400\" class=\"wpcf7-form-control wpcf7-text wpcf7-validates-as-required\" aria-required=\"true\" aria-invalid=\"false\" value=\"\" type=\"text\" name=\"Nachname\" \/><\/span>\n\t<\/p>\n<\/div>\n<div style=\"float: left; width: 100%; margin-bottom: 20px;\">\n\t<p>Nombre de la empresa\n\t<\/p>\n\t<p><span class=\"wpcf7-form-control-wrap\" data-name=\"Firmenname\"><input size=\"40\" maxlength=\"400\" class=\"wpcf7-form-control wpcf7-text wpcf7-validates-as-required\" aria-required=\"true\" aria-invalid=\"false\" value=\"\" type=\"text\" name=\"Firmenname\" \/><\/span>\n\t<\/p>\n<\/div>\n<div style=\"float: left; width: 100%; margin-bottom: 20px;\">\n\t<p>Carretera\n\t<\/p>\n\t<p><span class=\"wpcf7-form-control-wrap\" data-name=\"Strasse\"><input size=\"40\" maxlength=\"400\" class=\"wpcf7-form-control wpcf7-text\" aria-invalid=\"false\" value=\"\" type=\"text\" name=\"Strasse\" \/><\/span>\n\t<\/p>\n<\/div>\n<div style=\"float: left; width: 48%;\">\n\t<p>C\u00f3digo postal\n\t<\/p>\n\t<p><span class=\"wpcf7-form-control-wrap\" data-name=\"PLZ\"><input size=\"40\" maxlength=\"400\" class=\"wpcf7-form-control wpcf7-text\" aria-invalid=\"false\" value=\"\" type=\"text\" name=\"PLZ\" \/><\/span>\n\t<\/p>\n<\/div>\n<div style=\"margin-left: 52%; width: 48%;\">\n\t<p>Poblaci\u00f3n\n\t<\/p>\n\t<p><span class=\"wpcf7-form-control-wrap\" data-name=\"Ort\"><input size=\"40\" maxlength=\"400\" class=\"wpcf7-form-control wpcf7-text wpcf7-validates-as-required\" aria-required=\"true\" aria-invalid=\"false\" value=\"\" type=\"text\" name=\"Ort\" \/><\/span>\n\t<\/p>\n<\/div>\n<div style=\"float: left; width: 100%; margin-bottom: 20px;\">\n\t<p>Pa\u00eds\n\t<\/p>\n\t<p><span class=\"wpcf7-form-control-wrap\" data-name=\"Land\"><input size=\"40\" maxlength=\"400\" class=\"wpcf7-form-control wpcf7-text wpcf7-validates-as-required\" aria-required=\"true\" aria-invalid=\"false\" value=\"\" type=\"text\" name=\"Land\" \/><\/span>\n\t<\/p>\n<\/div>\n<div style=\"float: left; width: 48%;\">\n\t<p>E-mail*\n\t<\/p>\n\t<p><span class=\"wpcf7-form-control-wrap\" data-name=\"E-Mail\"><input size=\"40\" maxlength=\"400\" class=\"wpcf7-form-control wpcf7-email wpcf7-validates-as-required wpcf7-text wpcf7-validates-as-email\" aria-required=\"true\" aria-invalid=\"false\" value=\"\" type=\"email\" name=\"E-Mail\" \/><\/span>\n\t<\/p>\n<\/div>\n<div style=\"margin-left: 52%; width: 48%;\">\n\t<p>Tel\u00e9fono\n\t<\/p>\n\t<p><span class=\"wpcf7-form-control-wrap\" data-name=\"phonetext-969\"><input size=\"40\" class=\"wpcf7-form-control wpcf7-phonetext wpcf7-text wpcf7-validates-as-phonetext\" aria-invalid=\"false\" value=\"\" type=\"text\" name=\"phonetext-969\" \/><input type=\"hidden\" name=\"phonetext-969-country-code\" class=\"wpcf7-phonetext-country-code\" \/><\/span>\n\t<\/p>\n<\/div>\n<div style=\"float: left; width: 100%; margin-bottom: 20px;\">\n\t<p>Fabricante\n\t<\/p>\n\t<p><span class=\"wpcf7-form-control-wrap\" data-name=\"Hersteller\"><input size=\"40\" maxlength=\"400\" class=\"wpcf7-form-control wpcf7-text wpcf7-validates-as-required\" aria-required=\"true\" aria-invalid=\"false\" value=\"\" type=\"text\" name=\"Hersteller\" \/><\/span>\n\t<\/p>\n<\/div>\n<div style=\"float: left; width: 100%; margin-bottom: 20px;\">\n\t<p>Tipo de m\u00e1quina\n\t<\/p>\n\t<p><span class=\"wpcf7-form-control-wrap\" data-name=\"Typenbezeichnung\"><input size=\"40\" maxlength=\"400\" class=\"wpcf7-form-control wpcf7-text\" aria-invalid=\"false\" value=\"\" type=\"text\" name=\"Typenbezeichnung\" \/><\/span>\n\t<\/p>\n<\/div>\n<div style=\"float: left; width: 100%; margin-bottom: 20px;\">\n\t<p>N\u00famero de serie de la m\u00e1quina\n\t<\/p>\n\t<p><span class=\"wpcf7-form-control-wrap\" data-name=\"Seriennummer\"><input size=\"40\" maxlength=\"400\" class=\"wpcf7-form-control wpcf7-text\" aria-invalid=\"false\" value=\"\" type=\"text\" name=\"Seriennummer\" \/><\/span>\n\t<\/p>\n<\/div>\n<div style=\"float: left; width: 48%;\">\n\t<p>Part number\n\t<\/p>\n\t<p><span class=\"wpcf7-form-control-wrap\" data-name=\"Ersatzteilnummer\"><input size=\"40\" maxlength=\"400\" class=\"wpcf7-form-control wpcf7-text\" aria-invalid=\"false\" value=\"\" type=\"text\" name=\"Ersatzteilnummer\" \/><\/span>\n\t<\/p>\n<\/div>\n<div style=\"margin-left: 52%; width: 48%;\">\n\t<p>N\u00famero de pieza<br \/>\n<span class=\"wpcf7-form-control-wrap\" data-name=\"Menge\"><input size=\"40\" maxlength=\"400\" class=\"wpcf7-form-control wpcf7-text\" aria-invalid=\"false\" value=\"\" type=\"text\" name=\"Menge\" \/><\/span>\n\t<\/p>\n<\/div>\n<div style=\"float: left; width: 100%; margin-bottom: 20px;\">\n\t<p>Mensaje\n\t<\/p>\n\t<p><span class=\"wpcf7-form-control-wrap\" data-name=\"your-message\"><textarea cols=\"40\" rows=\"10\" maxlength=\"2000\" class=\"wpcf7-form-control wpcf7-textarea\" aria-invalid=\"false\" name=\"your-message\"><\/textarea><\/span>\n\t<\/p>\n<\/div>\n<p><span class=\"wpcf7-form-control-wrap kc_captcha\" data-name=\"kc_captcha\"><span class=\"wpcf7-form-control wpcf7-radio\"><span class=\"captcha-image\" ><span class=\"cf7ic_instructions\">Bitte beweise, dass du kein Spambot bist und w\u00e4hle das Symbol<span> Baum<\/span>.<\/span><label><input aria-label=\"1\" type=\"radio\" name=\"kc_captcha\" value=\"bot\" \/><svg aria-hidden=\"true\" role=\"img\" xmlns=\"http:\/\/www.w3.org\/2000\/svg\" viewBox=\"0 0 576 512\"><path fill=\"currentColor\" d=\"M488 313v143c0 13-11 24-24 24H348c-7 0-12-5-12-12V356c0-7-5-12-12-12h-72c-7 0-12 5-12 12v112c0 7-5 12-12 12H112c-13 0-24-11-24-24V313c0-4 2-7 4-10l188-154c5-4 11-4 16 0l188 154c2 3 4 6 4 10zm84-61l-84-69V44c0-6-5-12-12-12h-56c-7 0-12 6-12 12v73l-89-74a48 48 0 00-61 0L4 252c-5 4-5 12-1 17l25 31c5 5 12 5 17 1l235-193c5-4 11-4 16 0l235 193c5 5 13 4 17-1l25-31c4-6 4-13-1-17z\"\/><\/svg><\/label><label><input aria-label=\"2\" type=\"radio\" name=\"kc_captcha\" value=\"bot\" \/><svg aria-hidden=\"true\" role=\"img\" xmlns=\"http:\/\/www.w3.org\/2000\/svg\" viewBox=\"0 0 512 512\"><path fill=\"currentColor\" d=\"M500 168h-55l-8-21a127 127 0 00-120-83H195a127 127 0 00-120 83l-8 21H12c-8 0-14 8-11 16l8 24a12 12 0 0011 8h29a64 64 0 00-33 56v48c0 16 6 31 16 42v62c0 13 11 24 24 24h48c13 0 24-11 24-24v-40h256v40c0 13 11 24 24 24h48c13 0 24-11 24-24v-62c10-11 16-26 16-42v-48c0-24-13-45-33-56h29a12 12 0 0011-8l8-24c3-8-3-16-11-16zm-365 2c9-25 33-42 60-42h122c27 0 51 17 60 42l15 38H120l15-38zM88 328a32 32 0 010-64c18 0 48 30 48 48s-30 16-48 16zm336 0c-18 0-48 2-48-16s30-48 48-48 32 14 32 32-14 32-32 32z\"\/><\/svg><\/label><label><input aria-label=\"3\" type=\"radio\" name=\"kc_captcha\" value=\"kc_human\" \/><svg aria-hidden=\"true\" role=\"img\" xmlns=\"http:\/\/www.w3.org\/2000\/svg\" viewBox=\"0 0 384 512\"><path fill=\"currentColor\" d=\"M377 375l-83-87h34c21 0 32-25 17-40l-82-88h33c21 0 32-25 18-40L210 8c-10-11-26-11-36 0L70 120c-14 15-3 40 18 40h33l-82 88c-15 15-4 40 17 40h34L7 375c-15 16-4 41 17 41h120c0 33-11 49-34 68-12 9-5 28 10 28h144c15 0 22-19 10-28-20-16-34-32-34-68h120c21 0 32-25 17-41z\"\/><\/svg><\/label>\r\n    <\/span>\r\n    <span style=\"display:none\">\r\n        <input type=\"text\" name=\"kc_honeypot\">\r\n    <\/span><\/span><\/span>\n<\/p>\n<p><input class=\"wpcf7-form-control wpcf7-submit has-spinner\" type=\"submit\" value=\"Enviar\" \/>\n<\/p><div class=\"fusion-alert alert custom alert-custom fusion-alert-center wpcf7-response-output fusion-alert-capitalize awb-alert-native-link-color alert-dismissable awb-alert-close-boxed\" style=\"--awb-border-top-left-radius:0px;--awb-border-top-right-radius:0px;--awb-border-bottom-left-radius:0px;--awb-border-bottom-right-radius:0px;\" role=\"alert\"><div class=\"fusion-alert-content-wrapper\"><span class=\"fusion-alert-content\"><\/span><\/div><button type=\"button\" class=\"close toggle-alert\" data-dismiss=\"alert\" aria-label=\"Close\">&times;<\/button><\/div>\n<\/form>\n<\/div>\n\n<\/div><\/div><\/div><\/div><\/div>\n","protected":false},"excerpt":{"rendered":"","protected":false},"author":2,"featured_media":0,"parent":2730,"menu_order":0,"comment_status":"closed","ping_status":"closed","template":"","meta":{"footnotes":""},"class_list":["post-3041","page","type-page","status-publish","hentry"],"_links":{"self":[{"href":"https:\/\/www.ime-gmbh.com\/es\/wp-json\/wp\/v2\/pages\/3041","targetHints":{"allow":["GET"]}}],"collection":[{"href":"https:\/\/www.ime-gmbh.com\/es\/wp-json\/wp\/v2\/pages"}],"about":[{"href":"https:\/\/www.ime-gmbh.com\/es\/wp-json\/wp\/v2\/types\/page"}],"author":[{"embeddable":true,"href":"https:\/\/www.ime-gmbh.com\/es\/wp-json\/wp\/v2\/users\/2"}],"replies":[{"embeddable":true,"href":"https:\/\/www.ime-gmbh.com\/es\/wp-json\/wp\/v2\/comments?post=3041"}],"version-history":[{"count":12,"href":"https:\/\/www.ime-gmbh.com\/es\/wp-json\/wp\/v2\/pages\/3041\/revisions"}],"predecessor-version":[{"id":22123,"href":"https:\/\/www.ime-gmbh.com\/es\/wp-json\/wp\/v2\/pages\/3041\/revisions\/22123"}],"up":[{"embeddable":true,"href":"https:\/\/www.ime-gmbh.com\/es\/wp-json\/wp\/v2\/pages\/2730"}],"wp:attachment":[{"href":"https:\/\/www.ime-gmbh.com\/es\/wp-json\/wp\/v2\/media?parent=3041"}],"curies":[{"name":"wp","href":"https:\/\/api.w.org\/{rel}","templated":true}]}}