{"id":2890,"date":"2016-11-28T10:59:03","date_gmt":"2016-11-28T09:59:03","guid":{"rendered":"https:\/\/www.ime-gmbh.com\/es\/?page_id=2890"},"modified":"2024-11-26T09:59:45","modified_gmt":"2024-11-26T08:59:45","slug":"bomag-marini-fayat-piezas-de-repuesto","status":"publish","type":"page","link":"https:\/\/www.ime-gmbh.com\/es\/piezas-de-repuesto\/fabricantes\/bomag-marini-fayat-piezas-de-repuesto\/","title":{"rendered":"BOMAG \/ MARINI (Grupo FAYAT)"},"content":{"rendered":"<div class=\"fusion-fullwidth fullwidth-box fusion-builder-row-1 fusion-flex-container has-pattern-background has-mask-background hundred-percent-fullwidth non-hundred-percent-height-scrolling\" style=\"--awb-border-radius-top-left:0px;--awb-border-radius-top-right:0px;--awb-border-radius-bottom-right:0px;--awb-border-radius-bottom-left:0px;--awb-overflow:visible;--awb-flex-wrap:wrap;\" ><div class=\"fusion-builder-row fusion-row fusion-flex-align-items-center fusion-flex-justify-content-center fusion-flex-content-wrap\" style=\"width:104% !important;max-width:104% !important;margin-left: calc(-4% \/ 2 );margin-right: calc(-4% \/ 2 );\"><div class=\"fusion-layout-column fusion_builder_column fusion-builder-column-0 fusion-flex-column fusion-no-small-visibility\" style=\"--awb-bg-image:url(&#039;https:\/\/www.ime-gmbh.com\/wp-content\/uploads\/2024\/11\/Bomag-Spare-Parts-Website-Banner-1.webp&#039;);--awb-bg-size:cover;--awb-width-large:105%;--awb-margin-top-large:-60px;--awb-spacing-right-large:1.8285714285714%;--awb-margin-bottom-large:20px;--awb-spacing-left-large:2.4380952380952%;--awb-width-medium:100%;--awb-order-medium:0;--awb-spacing-right-medium:1.92%;--awb-spacing-left-medium:1.92%;--awb-width-small:100%;--awb-order-small:0;--awb-spacing-right-small:1.92%;--awb-spacing-left-small:1.92%;\" data-scroll-devices=\"small-visibility,medium-visibility,large-visibility\"><div class=\"fusion-column-wrapper fusion-column-has-shadow fusion-flex-justify-content-flex-start fusion-content-layout-column fusion-column-has-bg-image\" data-bg-url=\"https:\/\/www.ime-gmbh.com\/wp-content\/uploads\/2024\/11\/Bomag-Spare-Parts-Website-Banner-1.webp\"><div class=\"fusion-text fusion-text-1 fusion-text-no-margin\" style=\"--awb-margin-top:300px;--awb-margin-bottom:20px;\"><h1 style=\"font-size: 60px; margin-left: 200px;\"><span style=\"color: orange;\">|<\/span><span style=\"color: white;\">Bomag<\/span><br \/>\n<span style=\"color: white;\">Solicite ahora mismo una oferta personalizada<\/span><\/h1>\n<\/div><\/div><\/div><div class=\"fusion-layout-column fusion_builder_column fusion-builder-column-1 fusion_builder_column_1_1 1_1 fusion-flex-column fusion-no-medium-visibility fusion-no-large-visibility\" style=\"--awb-bg-image:url(&#039;https:\/\/www.ime-gmbh.com\/wp-content\/uploads\/2024\/11\/Bomag-Spare-Parts-Website-Banner-1.webp&#039;);--awb-bg-size:cover;--awb-width-large:100%;--awb-margin-top-large:0px;--awb-spacing-right-large:1.92%;--awb-margin-bottom-large:20px;--awb-spacing-left-large:2.56%;--awb-width-medium:100%;--awb-order-medium:0;--awb-spacing-right-medium:1.92%;--awb-spacing-left-medium:1.92%;--awb-width-small:100%;--awb-order-small:0;--awb-spacing-right-small:1.92%;--awb-spacing-left-small:1.92%;\" data-scroll-devices=\"small-visibility,medium-visibility,large-visibility\"><div class=\"fusion-column-wrapper fusion-column-has-shadow fusion-flex-justify-content-flex-start fusion-content-layout-column fusion-column-has-bg-image\" data-bg-url=\"https:\/\/www.ime-gmbh.com\/wp-content\/uploads\/2024\/11\/Bomag-Spare-Parts-Website-Banner-1.webp\"><div class=\"fusion-text fusion-text-2\"><h1>Bomag &#8211; Demander maintenant des pi\u00e8ces de rechange<\/h1>\n<\/div><\/div><\/div><div class=\"fusion-layout-column fusion_builder_column fusion-builder-column-2 fusion_builder_column_5_6 5_6 fusion-flex-column fusion-flex-align-self-flex-start fusion-column-no-min-height\" style=\"--awb-bg-size:cover;--awb-width-large:83.333333333333%;--awb-margin-top-large:0px;--awb-spacing-right-large:2.304%;--awb-margin-bottom-large:0px;--awb-spacing-left-large:2.304%;--awb-width-medium:100%;--awb-spacing-right-medium:1.92%;--awb-spacing-left-medium:1.92%;--awb-width-small:100%;--awb-spacing-right-small:1.92%;--awb-spacing-left-small:1.92%;\"><div class=\"fusion-column-wrapper fusion-flex-justify-content-flex-start fusion-content-layout-column\"><div class=\"fusion-text fusion-text-3\"><h2 id=\"form\">Utilice nuestro formulario de solicitud para obtener una oferta<\/h2>\n\n<div class=\"wpcf7 no-js\" id=\"wpcf7-f684-o1\" lang=\"de-DE\" dir=\"ltr\" data-wpcf7-id=\"684\">\n<div class=\"screen-reader-response\"><p role=\"status\" aria-live=\"polite\" aria-atomic=\"true\"><\/p> <ul><\/ul><\/div>\n<form action=\"\/es\/wp-json\/wp\/v2\/pages\/2890#wpcf7-f684-o1\" method=\"post\" class=\"wpcf7-form init\" aria-label=\"Kontaktformular\" novalidate=\"novalidate\" data-status=\"init\">\n<fieldset class=\"hidden-fields-container\"><input type=\"hidden\" name=\"_wpcf7\" value=\"684\" \/><input type=\"hidden\" name=\"_wpcf7_version\" value=\"6.1.5\" \/><input type=\"hidden\" name=\"_wpcf7_locale\" value=\"de_DE\" \/><input type=\"hidden\" name=\"_wpcf7_unit_tag\" value=\"wpcf7-f684-o1\" \/><input type=\"hidden\" name=\"_wpcf7_container_post\" value=\"0\" \/><input type=\"hidden\" name=\"_wpcf7_posted_data_hash\" value=\"\" \/>\n<\/fieldset>\n<div style=\"float: left; width: 48%;\">\n\t<p>Nombre\n\t<\/p>\n\t<p><span class=\"wpcf7-form-control-wrap\" data-name=\"Vorname\"><input size=\"40\" maxlength=\"400\" class=\"wpcf7-form-control wpcf7-text\" aria-invalid=\"false\" value=\"\" type=\"text\" name=\"Vorname\" \/><\/span>\n\t<\/p>\n<\/div>\n<div style=\"margin-left: 52%; width: 48%;\">\n\t<p>Apellido\n\t<\/p>\n\t<p><span class=\"wpcf7-form-control-wrap\" data-name=\"Nachname\"><input size=\"40\" maxlength=\"400\" class=\"wpcf7-form-control wpcf7-text wpcf7-validates-as-required\" aria-required=\"true\" aria-invalid=\"false\" value=\"\" type=\"text\" name=\"Nachname\" \/><\/span>\n\t<\/p>\n<\/div>\n<div style=\"float: left; width: 100%; margin-bottom: 20px;\">\n\t<p>Nombre de la empresa\n\t<\/p>\n\t<p><span class=\"wpcf7-form-control-wrap\" data-name=\"Firmenname\"><input size=\"40\" maxlength=\"400\" class=\"wpcf7-form-control wpcf7-text wpcf7-validates-as-required\" aria-required=\"true\" aria-invalid=\"false\" value=\"\" type=\"text\" name=\"Firmenname\" \/><\/span>\n\t<\/p>\n<\/div>\n<div style=\"float: left; width: 100%; margin-bottom: 20px;\">\n\t<p>Carretera\n\t<\/p>\n\t<p><span class=\"wpcf7-form-control-wrap\" data-name=\"Strasse\"><input size=\"40\" maxlength=\"400\" class=\"wpcf7-form-control wpcf7-text\" aria-invalid=\"false\" value=\"\" type=\"text\" name=\"Strasse\" \/><\/span>\n\t<\/p>\n<\/div>\n<div style=\"float: left; width: 48%;\">\n\t<p>C\u00f3digo postal\n\t<\/p>\n\t<p><span class=\"wpcf7-form-control-wrap\" data-name=\"PLZ\"><input size=\"40\" maxlength=\"400\" class=\"wpcf7-form-control wpcf7-text\" aria-invalid=\"false\" value=\"\" type=\"text\" name=\"PLZ\" \/><\/span>\n\t<\/p>\n<\/div>\n<div style=\"margin-left: 52%; width: 48%;\">\n\t<p>Poblaci\u00f3n\n\t<\/p>\n\t<p><span class=\"wpcf7-form-control-wrap\" data-name=\"Ort\"><input size=\"40\" maxlength=\"400\" class=\"wpcf7-form-control wpcf7-text wpcf7-validates-as-required\" aria-required=\"true\" aria-invalid=\"false\" value=\"\" type=\"text\" name=\"Ort\" \/><\/span>\n\t<\/p>\n<\/div>\n<div style=\"float: left; width: 100%; margin-bottom: 20px;\">\n\t<p>Pa\u00eds\n\t<\/p>\n\t<p><span class=\"wpcf7-form-control-wrap\" data-name=\"Land\"><input size=\"40\" maxlength=\"400\" class=\"wpcf7-form-control wpcf7-text wpcf7-validates-as-required\" aria-required=\"true\" aria-invalid=\"false\" value=\"\" type=\"text\" name=\"Land\" \/><\/span>\n\t<\/p>\n<\/div>\n<div style=\"float: left; width: 48%;\">\n\t<p>E-mail*\n\t<\/p>\n\t<p><span class=\"wpcf7-form-control-wrap\" data-name=\"E-Mail\"><input size=\"40\" maxlength=\"400\" class=\"wpcf7-form-control wpcf7-email wpcf7-validates-as-required wpcf7-text wpcf7-validates-as-email\" aria-required=\"true\" aria-invalid=\"false\" value=\"\" type=\"email\" name=\"E-Mail\" \/><\/span>\n\t<\/p>\n<\/div>\n<div style=\"margin-left: 52%; width: 48%;\">\n\t<p>Tel\u00e9fono\n\t<\/p>\n\t<p><span class=\"wpcf7-form-control-wrap\" data-name=\"phonetext-969\"><input size=\"40\" class=\"wpcf7-form-control wpcf7-phonetext wpcf7-text wpcf7-validates-as-phonetext\" aria-invalid=\"false\" value=\"\" type=\"text\" name=\"phonetext-969\" \/><input type=\"hidden\" name=\"phonetext-969-country-code\" class=\"wpcf7-phonetext-country-code\" \/><\/span>\n\t<\/p>\n<\/div>\n<div style=\"float: left; width: 100%; margin-bottom: 20px;\">\n\t<p>Fabricante\n\t<\/p>\n\t<p><span class=\"wpcf7-form-control-wrap\" data-name=\"Hersteller\"><input size=\"40\" maxlength=\"400\" class=\"wpcf7-form-control wpcf7-text wpcf7-validates-as-required\" aria-required=\"true\" aria-invalid=\"false\" value=\"\" type=\"text\" name=\"Hersteller\" \/><\/span>\n\t<\/p>\n<\/div>\n<div style=\"float: left; width: 100%; margin-bottom: 20px;\">\n\t<p>Tipo de m\u00e1quina\n\t<\/p>\n\t<p><span class=\"wpcf7-form-control-wrap\" data-name=\"Typenbezeichnung\"><input size=\"40\" maxlength=\"400\" class=\"wpcf7-form-control wpcf7-text\" aria-invalid=\"false\" value=\"\" type=\"text\" name=\"Typenbezeichnung\" \/><\/span>\n\t<\/p>\n<\/div>\n<div style=\"float: left; width: 100%; margin-bottom: 20px;\">\n\t<p>N\u00famero de serie de la m\u00e1quina\n\t<\/p>\n\t<p><span class=\"wpcf7-form-control-wrap\" data-name=\"Seriennummer\"><input size=\"40\" maxlength=\"400\" class=\"wpcf7-form-control wpcf7-text\" aria-invalid=\"false\" value=\"\" type=\"text\" name=\"Seriennummer\" \/><\/span>\n\t<\/p>\n<\/div>\n<div style=\"float: left; width: 48%;\">\n\t<p>Part number\n\t<\/p>\n\t<p><span class=\"wpcf7-form-control-wrap\" data-name=\"Ersatzteilnummer\"><input size=\"40\" maxlength=\"400\" class=\"wpcf7-form-control wpcf7-text\" aria-invalid=\"false\" value=\"\" type=\"text\" name=\"Ersatzteilnummer\" \/><\/span>\n\t<\/p>\n<\/div>\n<div style=\"margin-left: 52%; width: 48%;\">\n\t<p>N\u00famero de pieza<br \/>\n<span class=\"wpcf7-form-control-wrap\" data-name=\"Menge\"><input size=\"40\" maxlength=\"400\" class=\"wpcf7-form-control wpcf7-text\" aria-invalid=\"false\" value=\"\" type=\"text\" name=\"Menge\" \/><\/span>\n\t<\/p>\n<\/div>\n<div style=\"float: left; width: 100%; margin-bottom: 20px;\">\n\t<p>Mensaje\n\t<\/p>\n\t<p><span class=\"wpcf7-form-control-wrap\" data-name=\"your-message\"><textarea cols=\"40\" rows=\"10\" maxlength=\"2000\" class=\"wpcf7-form-control wpcf7-textarea\" aria-invalid=\"false\" name=\"your-message\"><\/textarea><\/span>\n\t<\/p>\n<\/div>\n<p><span class=\"wpcf7-form-control-wrap kc_captcha\" data-name=\"kc_captcha\"><span class=\"wpcf7-form-control wpcf7-radio\"><span class=\"captcha-image\" ><span class=\"cf7ic_instructions\">Bitte beweise, dass du kein Spambot bist und w\u00e4hle das Symbol<span> Flagge<\/span>.<\/span><label><input aria-label=\"1\" type=\"radio\" name=\"kc_captcha\" value=\"kc_human\" \/><svg aria-hidden=\"true\" role=\"img\" xmlns=\"http:\/\/www.w3.org\/2000\/svg\" viewBox=\"0 0 512 512\"><path fill=\"currentColor\" d=\"M350 99c-54 0-98-35-166-35-25 0-47 4-68 12a56 56 0 004-24C118 24 95 1 66 0a56 56 0 00-34 102v386c0 13 11 24 24 24h16c13 0 24-11 24-24v-94c28-12 64-23 114-23 54 0 98 35 166 35 48 0 86-16 122-41 9-6 14-15 14-26V96c0-23-24-39-45-29-35 16-77 32-117 32z\"\/><\/svg><\/label><label><input aria-label=\"2\" type=\"radio\" name=\"kc_captcha\" value=\"bot\" \/><svg aria-hidden=\"true\" role=\"img\" xmlns=\"http:\/\/www.w3.org\/2000\/svg\" viewBox=\"0 0 512 512\"><path fill=\"currentColor\" d=\"M512 176a176 176 0 01-209 173l-24 27a24 24 0 01-18 8h-37v40c0 13-11 24-24 24h-40v40c0 13-11 24-24 24H24c-13 0-24-11-24-24v-78c0-6 3-13 7-17l162-162a176 176 0 11343-55zm-176-48a48 48 0 1096 0 48 48 0 00-96 0z\"\/><\/svg><\/label><label><input aria-label=\"3\" type=\"radio\" name=\"kc_captcha\" value=\"bot\" \/><svg aria-hidden=\"true\" role=\"img\" xmlns=\"http:\/\/www.w3.org\/2000\/svg\" viewBox=\"0 0 640 512\"><path fill=\"currentColor\" d=\"M624 352h-16V244c0-13-5-25-14-34L494 110c-9-9-21-14-34-14h-44V48c0-26-21-48-48-48H48C22 0 0 22 0 48v320c0 27 22 48 48 48h16a96 96 0 00192 0h128a96 96 0 00192 0h48c9 0 16-7 16-16v-32c0-9-7-16-16-16zM160 464a48 48 0 110-96 48 48 0 010 96zm320 0a48 48 0 110-96 48 48 0 010 96zm80-208H416V144h44l100 100v12z\"\/><\/svg><\/label>\r\n    <\/span>\r\n    <span style=\"display:none\">\r\n        <input type=\"text\" name=\"kc_honeypot\">\r\n    <\/span><\/span><\/span>\n<\/p>\n<p><input class=\"wpcf7-form-control wpcf7-submit has-spinner\" type=\"submit\" value=\"Enviar\" \/>\n<\/p><div class=\"fusion-alert alert custom alert-custom fusion-alert-center wpcf7-response-output fusion-alert-capitalize awb-alert-native-link-color alert-dismissable awb-alert-close-boxed\" style=\"--awb-border-top-left-radius:0px;--awb-border-top-right-radius:0px;--awb-border-bottom-left-radius:0px;--awb-border-bottom-right-radius:0px;\" role=\"alert\"><div class=\"fusion-alert-content-wrapper\"><span class=\"fusion-alert-content\"><\/span><\/div><button type=\"button\" class=\"close toggle-alert\" data-dismiss=\"alert\" aria-label=\"Close\">&times;<\/button><\/div>\n<\/form>\n<\/div>\n\n<\/div><div class=\"fusion-text fusion-text-4\"><div class=\"fusion-text fusion-text-4\">\n<h3>IME GmbH: Su socio confiable para repuestos de Bomag<\/h3>\n<p>El sector de la construcci\u00f3n depende de maquinaria confiable y su correcto funcionamiento. En este sentido, IME GmbH juega un papel crucial como socio confiable para los repuestos de las m\u00e1quinas de construcci\u00f3n vial Bomag. Desde hace m\u00e1s de 40 a\u00f1os, ofrecemos repuestos de alta calidad a nivel mundial, lo que nos ha permitido ganar una s\u00f3lida reputaci\u00f3n en el sector. IME GmbH se destaca no solo por su amplia variedad de productos, sino tambi\u00e9n por un servicio al cliente excepcional. Realizamos pedidos directamente al fabricante, ofreci\u00e9ndole repuestos originales de Bomag adaptados a sus necesidades. Adem\u00e1s, contamos con un equipo dedicado de expertos que lo asistir\u00e1 en la selecci\u00f3n de las piezas adecuadas y le proporcionar\u00e1 soluciones personalizadas. Gracias a tiempos de entrega r\u00e1pidos y una comunicaci\u00f3n transparente, IME GmbH se ha ganado la confianza de numerosas empresas constructoras que dependen de una ejecuci\u00f3n fluida de sus proyectos. Constantemente adoptamos nuevas tecnolog\u00edas y enfoques innovadores para seguir siendo un socio fuerte en el futuro.<\/p>\n<h4>Especializaci\u00f3n en m\u00e1quinas Bomag<\/h4>\n<p>IME GmbH est\u00e1 especializada en repuestos para m\u00e1quinas Bomag, particularmente en los sectores de construcci\u00f3n de asfalto y movimiento de tierras. Nuestra oferta incluye piezas para fresadoras en fr\u00edo, equipos ligeros, extendedoras y rodillos compactadores. Esta especializaci\u00f3n nos permite atender de manera precisa las necesidades de todos nuestros clientes y ofrecer soluciones a medida. Al colaborar estrechamente con fabricantes y proveedores, garantizamos una alta disponibilidad de repuestos e incorporamos las \u00faltimas innovaciones y avances tecnol\u00f3gicos en nuestra gama. Damos gran importancia a la calidad y durabilidad de los productos para garantizar a nuestros clientes la m\u00e1xima eficiencia y productividad en sus proyectos.<\/p>\n<h4>Repuestos originales para m\u00e1xima eficiencia<\/h4>\n<p>Una de las principales ventajas de IME GmbH es el suministro de repuestos originales directamente de f\u00e1brica. Estas piezas cumplen con los estrictos est\u00e1ndares de calidad de Bomag y contribuyen a mejorar el rendimiento y la vida \u00fatil de las m\u00e1quinas. Para las empresas constructoras, esto significa menos tiempos de inactividad y una gesti\u00f3n de proyectos m\u00e1s eficiente. Adem\u00e1s, nuestros socios se benefician de un asesoramiento integral y apoyo en la selecci\u00f3n de los repuestos adecuados. Cada pieza es inspeccionada por nuestro equipo log\u00edstico antes del env\u00edo y solo se env\u00eda tras pasar un riguroso control de calidad. Tambi\u00e9n ofrecemos un servicio de env\u00edo r\u00e1pido y confiable a nivel mundial, asegurando que las empresas constructoras siempre est\u00e9n equipadas para completar sus proyectos a tiempo y con \u00e9xito. Esto no solo mejora la productividad, sino que tambi\u00e9n refuerza la competitividad de nuestros clientes en el mercado.<\/p>\n<h4>Env\u00edo global para proyectos internacionales<\/h4>\n<p>IME GmbH ofrece un servicio de env\u00edo r\u00e1pido y global para sus repuestos, lo que resulta especialmente beneficioso para proyectos de construcci\u00f3n internacionales que dependen de un suministro confiable. No importa d\u00f3nde se lleve a cabo su proyecto, nos aseguramos de que reciba las piezas necesarias a tiempo. Para garantizar el \u00e9xito de sus proyectos, IME GmbH utiliza soluciones log\u00edsticas de \u00faltima generaci\u00f3n y una red confiable de socios en todo el mundo. Con una planificaci\u00f3n precisa y un enfoque flexible ante diferentes condiciones de env\u00edo, aseguramos una respuesta r\u00e1pida incluso frente a desaf\u00edos inesperados. Nuestros expertos lo acompa\u00f1an en cada etapa del proyecto, desarrollando soluciones personalizadas que se adapten a sus necesidades espec\u00edficas. De este modo, usted puede centrarse plenamente en el progreso de su obra mientras nosotros nos encargamos del suministro de sus repuestos.<\/p>\n<h4>Amplia gama de productos Bomag<\/h4>\n<p>Bomag ofrece una amplia gama de m\u00e1quinas para la compactaci\u00f3n de suelos, asfalto y residuos. Entre ellas se encuentran modelos como el BW 80 AD-5, BW 90 AD-5, BW 100 ADM-5 y el rodillo combinado BW 100 ACM-5. Esta variedad permite a las empresas constructoras encontrar el equipo adecuado para cada desaf\u00edo. Adem\u00e1s, Bomag pone un gran \u00e9nfasis en tecnolog\u00edas innovadoras que mejoran la eficiencia y la seguridad de sus m\u00e1quinas. Con la introducci\u00f3n de sistemas de control avanzados y sensores inteligentes, Bomag garantiza un manejo preciso y una adaptaci\u00f3n a diversas condiciones de trabajo. Estos avances tecnol\u00f3gicos no solo aumentan la productividad, sino que tambi\u00e9n reducen el consumo de combustible y las emisiones, un aspecto crucial para las empresas constructoras conscientes del medio ambiente.<\/p>\n<h4>Garant\u00eda de calidad y certificaci\u00f3n<\/h4>\n<p>IME GmbH otorga gran importancia a la calidad de los repuestos que suministra. La durabilidad de las m\u00e1quinas se garantiza mediante estrictos controles de calidad. Adem\u00e1s, IME GmbH cuenta con la certificaci\u00f3n ISO 9001, lo que demuestra nuestro compromiso con la gesti\u00f3n de calidad y la satisfacci\u00f3n del cliente.<\/p>\n<p>Para las empresas del sector de la construcci\u00f3n, estos aspectos son de vital importancia. La fiabilidad y calidad de los repuestos son esenciales para el funcionamiento eficiente de las m\u00e1quinas y, por ende, para el \u00e9xito de cada proyecto. Con IME GmbH, tiene un socio a su lado que encarna y aplica estos valores con excelencia.<\/p>\n<\/div>\n<\/div><\/div><\/div><\/div><\/div>\n","protected":false},"excerpt":{"rendered":"","protected":false},"author":2,"featured_media":0,"parent":2730,"menu_order":0,"comment_status":"closed","ping_status":"closed","template":"","meta":{"footnotes":""},"class_list":["post-2890","page","type-page","status-publish","hentry"],"_links":{"self":[{"href":"https:\/\/www.ime-gmbh.com\/es\/wp-json\/wp\/v2\/pages\/2890","targetHints":{"allow":["GET"]}}],"collection":[{"href":"https:\/\/www.ime-gmbh.com\/es\/wp-json\/wp\/v2\/pages"}],"about":[{"href":"https:\/\/www.ime-gmbh.com\/es\/wp-json\/wp\/v2\/types\/page"}],"author":[{"embeddable":true,"href":"https:\/\/www.ime-gmbh.com\/es\/wp-json\/wp\/v2\/users\/2"}],"replies":[{"embeddable":true,"href":"https:\/\/www.ime-gmbh.com\/es\/wp-json\/wp\/v2\/comments?post=2890"}],"version-history":[{"count":27,"href":"https:\/\/www.ime-gmbh.com\/es\/wp-json\/wp\/v2\/pages\/2890\/revisions"}],"predecessor-version":[{"id":33373,"href":"https:\/\/www.ime-gmbh.com\/es\/wp-json\/wp\/v2\/pages\/2890\/revisions\/33373"}],"up":[{"embeddable":true,"href":"https:\/\/www.ime-gmbh.com\/es\/wp-json\/wp\/v2\/pages\/2730"}],"wp:attachment":[{"href":"https:\/\/www.ime-gmbh.com\/es\/wp-json\/wp\/v2\/media?parent=2890"}],"curies":[{"name":"wp","href":"https:\/\/api.w.org\/{rel}","templated":true}]}}